{"id":18712,"date":"2018-09-16T09:50:55","date_gmt":"2018-09-16T07:50:55","guid":{"rendered":"https:\/\/www.sushiya.de\/?page_id=18712"},"modified":"2023-12-15T12:57:52","modified_gmt":"2023-12-15T11:57:52","slug":"sushi-kurs","status":"publish","type":"page","link":"https:\/\/www.sushiya.de\/en\/events\/sushi-kurs\/","title":{"rendered":"Sushi course"},"content":{"rendered":"<div data-elementor-type=\"wp-page\" data-elementor-id=\"18712\" class=\"elementor elementor-18712\" data-elementor-post-type=\"page\">\n\t\t\t\t\t\t<section class=\"elementor-section elementor-top-section elementor-element elementor-element-eff5b1e elementor-section-full_width elementor-section-height-min-height elementor-section-items-bottom elementor-section-height-default\" data-id=\"eff5b1e\" data-element_type=\"section\" data-e-type=\"section\" data-settings=\"{&quot;background_background&quot;:&quot;classic&quot;}\">\n\t\t\t\t\t\t<div class=\"elementor-container elementor-column-gap-default\">\n\t\t\t\t\t<div class=\"elementor-column elementor-col-100 elementor-top-column elementor-element elementor-element-31bd402\" data-id=\"31bd402\" data-element_type=\"column\" data-e-type=\"column\">\n\t\t\t<div class=\"elementor-widget-wrap elementor-element-populated\">\n\t\t\t\t\t\t<div class=\"elementor-element elementor-element-b099d90 elementor-widget elementor-widget-spacer\" data-id=\"b099d90\" data-element_type=\"widget\" data-e-type=\"widget\" data-widget_type=\"spacer.default\">\n\t\t\t\t<div class=\"elementor-widget-container\">\n\t\t\t\t\t\t\t<div class=\"elementor-spacer\">\n\t\t\t<div class=\"elementor-spacer-inner\"><\/div>\n\t\t<\/div>\n\t\t\t\t\t\t<\/div>\n\t\t\t\t<\/div>\n\t\t\t\t\t<\/div>\n\t\t<\/div>\n\t\t\t\t\t<\/div>\n\t\t<\/section>\n\t\t\t\t<section class=\"elementor-section elementor-top-section elementor-element elementor-element-4773d02 elementor-section-boxed elementor-section-height-default elementor-section-height-default\" data-id=\"4773d02\" data-element_type=\"section\" data-e-type=\"section\">\n\t\t\t\t\t\t<div class=\"elementor-container elementor-column-gap-default\">\n\t\t\t\t\t<div class=\"elementor-column elementor-col-100 elementor-top-column elementor-element elementor-element-276d021\" data-id=\"276d021\" data-element_type=\"column\" data-e-type=\"column\">\n\t\t\t<div class=\"elementor-widget-wrap elementor-element-populated\">\n\t\t\t\t\t\t<div class=\"elementor-element elementor-element-399bafc elementor-widget elementor-widget-heading\" data-id=\"399bafc\" data-element_type=\"widget\" data-e-type=\"widget\" data-widget_type=\"heading.default\">\n\t\t\t\t<div class=\"elementor-widget-container\">\n\t\t\t\t\t<h1 class=\"elementor-heading-title elementor-size-default\">Sushi course Munich<\/h1>\t\t\t\t<\/div>\n\t\t\t\t<\/div>\n\t\t\t\t<div class=\"elementor-element elementor-element-07aa868 elementor-widget elementor-widget-heading\" data-id=\"07aa868\" data-element_type=\"widget\" data-e-type=\"widget\" data-widget_type=\"heading.default\">\n\t\t\t\t<div class=\"elementor-widget-container\">\n\t\t\t\t\t<h2 class=\"elementor-heading-title elementor-size-default\">a look into the complex world of sushi preparation!<\/h2>\t\t\t\t<\/div>\n\t\t\t\t<\/div>\n\t\t\t\t<section class=\"elementor-section elementor-inner-section elementor-element elementor-element-721bb4e elementor-section-boxed elementor-section-height-default elementor-section-height-default\" data-id=\"721bb4e\" data-element_type=\"section\" data-e-type=\"section\">\n\t\t\t\t\t\t<div class=\"elementor-container elementor-column-gap-default\">\n\t\t\t\t\t<div class=\"elementor-column elementor-col-100 elementor-inner-column elementor-element elementor-element-540522b\" data-id=\"540522b\" data-element_type=\"column\" data-e-type=\"column\">\n\t\t\t<div class=\"elementor-widget-wrap elementor-element-populated\">\n\t\t\t\t\t\t<div class=\"elementor-element elementor-element-9fb2400 text-edit elementor-widget elementor-widget-text-editor\" data-id=\"9fb2400\" data-element_type=\"widget\" data-e-type=\"widget\" data-widget_type=\"text-editor.default\">\n\t\t\t\t<div class=\"elementor-widget-container\">\n\t\t\t\t\t\t\t\t\t<p><strong>Current status still valid:<\/strong><\/p><p>We are currently unable to offer sushi courses due to a lack of staff.\u00a0<\/p><p>Should this change, please inform us immediately via our <a href=\"https:\/\/www.sushiya.de\/en\/newsletter\/\" target=\"_blank\" rel=\"noopener\">Newsletter<\/a>.<\/p>\t\t\t\t\t\t\t\t<\/div>\n\t\t\t\t<\/div>\n\t\t\t\t<div class=\"elementor-element elementor-element-29bd2d2 elementor-align-center elementor-widget elementor-widget-button\" data-id=\"29bd2d2\" data-element_type=\"widget\" data-e-type=\"widget\" data-widget_type=\"button.default\">\n\t\t\t\t<div class=\"elementor-widget-container\">\n\t\t\t\t\t\t\t\t\t<div class=\"elementor-button-wrapper\">\n\t\t\t\t\t<a class=\"elementor-button elementor-button-link elementor-size-md\" href=\"\/en\/newsletter\/\">\n\t\t\t\t\t\t<span class=\"elementor-button-content-wrapper\">\n\t\t\t\t\t\t\t\t\t<span class=\"elementor-button-text\">Sign up for newsletter!<\/span>\n\t\t\t\t\t<\/span>\n\t\t\t\t\t<\/a>\n\t\t\t\t<\/div>\n\t\t\t\t\t\t\t\t<\/div>\n\t\t\t\t<\/div>\n\t\t\t\t\t<\/div>\n\t\t<\/div>\n\t\t\t\t\t<\/div>\n\t\t<\/section>\n\t\t\t\t<section class=\"elementor-section elementor-inner-section elementor-element elementor-element-60259e0 elementor-section-boxed elementor-section-height-default elementor-section-height-default\" data-id=\"60259e0\" data-element_type=\"section\" data-e-type=\"section\">\n\t\t\t\t\t\t<div class=\"elementor-container elementor-column-gap-default\">\n\t\t\t\t\t<div class=\"elementor-column elementor-col-100 elementor-inner-column elementor-element elementor-element-45aec40\" data-id=\"45aec40\" data-element_type=\"column\" data-e-type=\"column\">\n\t\t\t<div class=\"elementor-widget-wrap elementor-element-populated\">\n\t\t\t\t\t\t<div class=\"elementor-element elementor-element-eee0639 elementor-widget elementor-widget-text-editor\" data-id=\"eee0639\" data-element_type=\"widget\" data-e-type=\"widget\" data-widget_type=\"text-editor.default\">\n\t\t\t\t<div class=\"elementor-widget-container\">\n\t\t\t\t\t\t\t\t\t<p><span style=\"letter-spacing: -0.3px;\">Our sushi courses in Munich take place in small groups of maximum 12 participants in the sushi restaurant sansaro. In our hands-on course you will practice making sushi yourself - guided and accompanied by our Japanese kitchen team. This is an authentic and unique opportunity to venture into the subject of sushi together with real Japanese chefs and ask questions - each course is an exclusive opportunity, the dates are often booked up quickly.<\/span><\/p><p><strong>Reports on previous courses can be found on our blog at the bottom of this page - also note our <a href=\"https:\/\/www.sushiya.de\/en\/bunka\/monozukuri\/japanische-messer-einfuehrung\/\" target=\"_blank\" rel=\"noopener\">Articles about Japanese knives and cutting techniques<\/a>, and more info from the <a href=\"https:\/\/www.sushiya.de\/en\/washoku\/\" target=\"_blank\" rel=\"noopener\">Japanese cuisine<\/a>which we regularly supplement.<\/strong><\/p>\t\t\t\t\t\t\t\t<\/div>\n\t\t\t\t<\/div>\n\t\t\t\t\t<\/div>\n\t\t<\/div>\n\t\t\t\t\t<\/div>\n\t\t<\/section>\n\t\t\t\t\t<\/div>\n\t\t<\/div>\n\t\t\t\t\t<\/div>\n\t\t<\/section>\n\t\t\t\t<section class=\"elementor-section elementor-top-section elementor-element elementor-element-6124f52 elementor-section-boxed elementor-section-height-default elementor-section-height-default\" data-id=\"6124f52\" data-element_type=\"section\" data-e-type=\"section\">\n\t\t\t\t\t\t<div class=\"elementor-container elementor-column-gap-default\">\n\t\t\t\t\t<div class=\"elementor-column elementor-col-100 elementor-top-column elementor-element elementor-element-bbc66d8\" data-id=\"bbc66d8\" data-element_type=\"column\" data-e-type=\"column\">\n\t\t\t<div class=\"elementor-widget-wrap elementor-element-populated\">\n\t\t\t\t\t\t<section class=\"elementor-section elementor-inner-section elementor-element elementor-element-b2fd0cd elementor-section-boxed elementor-section-height-default elementor-section-height-default\" data-id=\"b2fd0cd\" data-element_type=\"section\" data-e-type=\"section\">\n\t\t\t\t\t\t<div class=\"elementor-container elementor-column-gap-default\">\n\t\t\t\t\t<div class=\"elementor-column elementor-col-50 elementor-inner-column elementor-element elementor-element-99208d2\" data-id=\"99208d2\" data-element_type=\"column\" data-e-type=\"column\" data-settings=\"{&quot;background_background&quot;:&quot;classic&quot;}\">\n\t\t\t<div class=\"elementor-widget-wrap\">\n\t\t\t\t\t\t\t<\/div>\n\t\t<\/div>\n\t\t\t\t<div class=\"elementor-column elementor-col-50 elementor-inner-column elementor-element elementor-element-4e898ed\" data-id=\"4e898ed\" data-element_type=\"column\" data-e-type=\"column\">\n\t\t\t<div class=\"elementor-widget-wrap elementor-element-populated\">\n\t\t\t\t\t\t<div class=\"elementor-element elementor-element-d81611d elementor-widget elementor-widget-heading\" data-id=\"d81611d\" data-element_type=\"widget\" data-e-type=\"widget\" data-widget_type=\"heading.default\">\n\t\t\t\t<div class=\"elementor-widget-container\">\n\t\t\t\t\t<h2 class=\"elementor-heading-title elementor-size-default\">Sushi beginners course<\/h2>\t\t\t\t<\/div>\n\t\t\t\t<\/div>\n\t\t\t\t<div class=\"elementor-element elementor-element-030ecd2 elementor-widget elementor-widget-text-editor\" data-id=\"030ecd2\" data-element_type=\"widget\" data-e-type=\"widget\" data-widget_type=\"text-editor.default\">\n\t\t\t\t<div class=\"elementor-widget-container\">\n\t\t\t\t\t\t\t\t\t<p>Do you love sushi and want to learn how to make authentic Japanese sushi yourself in a sushi course taught by a Japanese sushi master?<\/p><p>This beginner course offers you the best basis: our team explains all the necessary utensils, gives tips on the quality of the right food and how to find the right fish. You will learn the tricks of making sushi rice and of course practice rolling maki and shaping nigiri yourself - actively accompanied by our Japanese kitchen team, hands-on, so you can do it yourself at home. Sushi course, utensils, rental apron, materials and drinks during the course &amp; when tasting together per person 149,- Euro.<\/p>\t\t\t\t\t\t\t\t<\/div>\n\t\t\t\t<\/div>\n\t\t\t\t\t<\/div>\n\t\t<\/div>\n\t\t\t\t\t<\/div>\n\t\t<\/section>\n\t\t\t\t<div class=\"elementor-element elementor-element-58377ff elementor-widget elementor-widget-text-editor\" data-id=\"58377ff\" data-element_type=\"widget\" data-e-type=\"widget\" data-widget_type=\"text-editor.default\">\n\t\t\t\t<div class=\"elementor-widget-container\">\n\t\t\t\t\t\t\t\t\t<p><span style=\"letter-spacing: -0.3px;\">Course duration incl. joint tasting approx. 4 hours, from 11 am to 3 pm, maximum 12-13 participants. This course is also well suited for sushi beginners, but also people who have had their first experience with their own rolls or have attended other sushi courses.<\/span><\/p>\t\t\t\t\t\t\t\t<\/div>\n\t\t\t\t<\/div>\n\t\t\t\t\t<\/div>\n\t\t<\/div>\n\t\t\t\t\t<\/div>\n\t\t<\/section>\n\t\t\t\t<section class=\"elementor-section elementor-top-section elementor-element elementor-element-a8cd0a5 elementor-section-boxed elementor-section-height-default elementor-section-height-default\" data-id=\"a8cd0a5\" data-element_type=\"section\" data-e-type=\"section\">\n\t\t\t\t\t\t<div class=\"elementor-container elementor-column-gap-default\">\n\t\t\t\t\t<div class=\"elementor-column elementor-col-100 elementor-top-column elementor-element elementor-element-5b1fd00\" data-id=\"5b1fd00\" data-element_type=\"column\" data-e-type=\"column\" data-settings=\"{&quot;background_background&quot;:&quot;classic&quot;}\">\n\t\t\t<div class=\"elementor-widget-wrap elementor-element-populated\">\n\t\t\t\t\t\t<section class=\"elementor-section elementor-inner-section elementor-element elementor-element-36e33f8 elementor-section-boxed elementor-section-height-default elementor-section-height-default\" data-id=\"36e33f8\" data-element_type=\"section\" data-e-type=\"section\">\n\t\t\t\t\t\t<div class=\"elementor-container elementor-column-gap-default\">\n\t\t\t\t\t<div class=\"elementor-column elementor-col-50 elementor-inner-column elementor-element elementor-element-2904e48\" data-id=\"2904e48\" data-element_type=\"column\" data-e-type=\"column\" data-settings=\"{&quot;background_background&quot;:&quot;classic&quot;}\">\n\t\t\t<div class=\"elementor-widget-wrap\">\n\t\t\t\t\t\t\t<\/div>\n\t\t<\/div>\n\t\t\t\t<div class=\"elementor-column elementor-col-50 elementor-inner-column elementor-element elementor-element-acbfc40\" data-id=\"acbfc40\" data-element_type=\"column\" data-e-type=\"column\">\n\t\t\t<div class=\"elementor-widget-wrap elementor-element-populated\">\n\t\t\t\t\t\t<div class=\"elementor-element elementor-element-c3c68fd elementor-widget elementor-widget-heading\" data-id=\"c3c68fd\" data-element_type=\"widget\" data-e-type=\"widget\" data-widget_type=\"heading.default\">\n\t\t\t\t<div class=\"elementor-widget-container\">\n\t\t\t\t\t<h2 class=\"elementor-heading-title elementor-size-default\">Sushi - Advanced Course\n<\/h2>\t\t\t\t<\/div>\n\t\t\t\t<\/div>\n\t\t\t\t<div class=\"elementor-element elementor-element-e1185f7 elementor-widget elementor-widget-text-editor\" data-id=\"e1185f7\" data-element_type=\"widget\" data-e-type=\"widget\" data-widget_type=\"text-editor.default\">\n\t\t\t\t<div class=\"elementor-widget-container\">\n\t\t\t\t\t\t\t\t\t<p>In this course we will focus more intensively on two important core areas of sushi preparation: knives &amp; fish. Which knives are needed, how are they used and how do you properly care for Japanese knives? Under the guidance of our kitchen team you can try your hand at filleting. Special topics will also be covered, such as special cutting techniques for sashimi decoration or how to make tamago, the Japanese egg custard. As a highlight, you will learn and practice special sushi preparation forms such as oshi sushi and B\u014d sushi. Practical tips on how to serve \"Japanese style\" will round out your experience.<\/p>\t\t\t\t\t\t\t\t<\/div>\n\t\t\t\t<\/div>\n\t\t\t\t\t<\/div>\n\t\t<\/div>\n\t\t\t\t\t<\/div>\n\t\t<\/section>\n\t\t\t\t<div class=\"elementor-element elementor-element-97000fe elementor-widget elementor-widget-text-editor\" data-id=\"97000fe\" data-element_type=\"widget\" data-e-type=\"widget\" data-widget_type=\"text-editor.default\">\n\t\t\t\t<div class=\"elementor-widget-container\">\n\t\t\t\t\t\t\t\t\t<p><span style=\"letter-spacing: -0.3px;\">When tasting together at the end of the course with miso soup and high-quality Japanese <a href=\"\/en\/sake\/\">Sake<\/a> you will have the opportunity to exchange ideas with like-minded people and our sushi master.<\/span><\/p><p>We have all the necessary utensils ready, but you are also welcome to bring your own knife. Likewise, the focus of an advanced course can also be placed according to the wishes of the participants - so every course is different and interesting topics can always be highlighted or deepened.<\/p><p>Please understand that in the interest of the general progress of the whole course group, we require that you have already gained practical experience in sushi preparation or have attended our beginners course. We also ask for your understanding that the course is not intended for professional chefs or chefs from other sushi restaurants. Number of participants: minimum seven, maximum twelve people.<\/p><p>Sushi course, materials, rental apron and drinks per person 179,- Euro.<\/p><p>For a glimpse of how the advanced sushi course goes, check out our blog review of the first course we held.<\/p>\t\t\t\t\t\t\t\t<\/div>\n\t\t\t\t<\/div>\n\t\t\t\t\t<\/div>\n\t\t<\/div>\n\t\t\t\t\t<\/div>\n\t\t<\/section>\n\t\t\t\t<section class=\"elementor-section elementor-top-section elementor-element elementor-element-4ebd019 elementor-section-boxed elementor-section-height-default elementor-section-height-default\" data-id=\"4ebd019\" data-element_type=\"section\" data-e-type=\"section\">\n\t\t\t\t\t\t<div class=\"elementor-container elementor-column-gap-default\">\n\t\t\t\t\t<div class=\"elementor-column elementor-col-100 elementor-top-column elementor-element elementor-element-508d2a7\" data-id=\"508d2a7\" data-element_type=\"column\" data-e-type=\"column\">\n\t\t\t<div class=\"elementor-widget-wrap elementor-element-populated\">\n\t\t\t\t\t\t<div class=\"elementor-element elementor-element-a4f16a8 elementor-widget elementor-widget-heading\" data-id=\"a4f16a8\" data-element_type=\"widget\" data-e-type=\"widget\" data-widget_type=\"heading.default\">\n\t\t\t\t<div class=\"elementor-widget-container\">\n\t\t\t\t\t<h3 class=\"elementor-heading-title elementor-size-default\">Sushi course contributions<\/h3>\t\t\t\t<\/div>\n\t\t\t\t<\/div>\n\t\t\t\t<div class=\"elementor-element elementor-element-4852543 elementor-grid-3 elementor-grid-tablet-2 elementor-grid-mobile-1 elementor-posts--thumbnail-top elementor-posts__hover-gradient elementor-widget elementor-widget-posts\" data-id=\"4852543\" data-element_type=\"widget\" data-e-type=\"widget\" data-settings=\"{&quot;cards_row_gap&quot;:{&quot;unit&quot;:&quot;px&quot;,&quot;size&quot;:40,&quot;sizes&quot;:[]},&quot;pagination_type&quot;:&quot;numbers_and_prev_next&quot;,&quot;cards_columns&quot;:&quot;3&quot;,&quot;cards_columns_tablet&quot;:&quot;2&quot;,&quot;cards_columns_mobile&quot;:&quot;1&quot;,&quot;cards_row_gap_tablet&quot;:{&quot;unit&quot;:&quot;px&quot;,&quot;size&quot;:&quot;&quot;,&quot;sizes&quot;:[]},&quot;cards_row_gap_mobile&quot;:{&quot;unit&quot;:&quot;px&quot;,&quot;size&quot;:&quot;&quot;,&quot;sizes&quot;:[]}}\" data-widget_type=\"posts.cards\">\n\t\t\t\t<div class=\"elementor-widget-container\">\n\t\t\t\t\t\t\t<div class=\"elementor-posts-container elementor-posts elementor-posts--skin-cards elementor-grid\" role=\"list\">\n\t\t\t\t<article class=\"elementor-post elementor-grid-item post-26898 post type-post status-publish format-standard has-post-thumbnail hentry category-sushi-kurs\" role=\"listitem\">\n\t\t\t<div class=\"elementor-post__card\">\n\t\t\t\t<a class=\"elementor-post__thumbnail__link\" href=\"https:\/\/www.sushiya.de\/en\/events\/sushi-kurs\/rueckblick-sushi-kurs-einsteiger-juli-2019\/\" tabindex=\"-1\" ><div class=\"elementor-post__thumbnail\"><img fetchpriority=\"high\" decoding=\"async\" width=\"300\" height=\"200\" src=\"https:\/\/www.sushiya.de\/wp-content\/uploads\/sansaro\/events\/sushi-kurs\/Sushiya-Blog-Sushi-Kurs-Einsteiger-Juli-4-300x200.jpg\" class=\"attachment-medium size-medium wp-image-38159\" alt=\"Sushi beginners course at Sushiya Sushi Restaurant Munich\" srcset=\"https:\/\/www.sushiya.de\/wp-content\/uploads\/sansaro\/events\/sushi-kurs\/Sushiya-Blog-Sushi-Kurs-Einsteiger-Juli-4-300x200.jpg 300w, https:\/\/www.sushiya.de\/wp-content\/uploads\/sansaro\/events\/sushi-kurs\/Sushiya-Blog-Sushi-Kurs-Einsteiger-Juli-4-600x400.jpg 600w, https:\/\/www.sushiya.de\/wp-content\/uploads\/sansaro\/events\/sushi-kurs\/Sushiya-Blog-Sushi-Kurs-Einsteiger-Juli-4-1024x683.jpg 1024w, https:\/\/www.sushiya.de\/wp-content\/uploads\/sansaro\/events\/sushi-kurs\/Sushiya-Blog-Sushi-Kurs-Einsteiger-Juli-4-768x512.jpg 768w, https:\/\/www.sushiya.de\/wp-content\/uploads\/sansaro\/events\/sushi-kurs\/Sushiya-Blog-Sushi-Kurs-Einsteiger-Juli-4.jpg 1386w\" sizes=\"(max-width: 300px) 100vw, 300px\" \/><\/div><\/a>\n\t\t\t\t<div class=\"elementor-post__text\">\n\t\t\t\t<h6 class=\"elementor-post__title\">\n\t\t\t<a href=\"https:\/\/www.sushiya.de\/en\/events\/sushi-kurs\/rueckblick-sushi-kurs-einsteiger-juli-2019\/\" >\n\t\t\t\tReview Sushi course for beginners July 2019\t\t\t<\/a>\n\t\t<\/h6>\n\t\t\t\t<div class=\"elementor-post__excerpt\">\n\t\t\t<p>Review of Sushi Course for Beginners in July 2019 Wonderful sushi course with instructor Ken Sugawara - today we have<\/p>\n\t\t<\/div>\n\t\t\n\t\t<a class=\"elementor-post__read-more\" href=\"https:\/\/www.sushiya.de\/en\/events\/sushi-kurs\/rueckblick-sushi-kurs-einsteiger-juli-2019\/\" aria-label=\"Read more about Review sushi course for beginners July 2019\" tabindex=\"-1\" >\n\t\t\tread more \"\t\t<\/a>\n\n\t\t\t\t<\/div>\n\t\t\t\t<div class=\"elementor-post__meta-data\">\n\t\t\t\t\t<span class=\"elementor-post-date\">\n\t\t\tJuly 28, 2019\t\t<\/span>\n\t\t\t\t<\/div>\n\t\t\t\t\t<\/div>\n\t\t<\/article>\n\t\t\t\t<article class=\"elementor-post elementor-grid-item post-18494 post type-post status-publish format-standard has-post-thumbnail hentry category-sushi-kurs\" role=\"listitem\">\n\t\t\t<div class=\"elementor-post__card\">\n\t\t\t\t<a class=\"elementor-post__thumbnail__link\" href=\"https:\/\/www.sushiya.de\/en\/events\/sushi-kurs\/rueckblick-sushi-kurs-exklusiv-juni-2018\/\" tabindex=\"-1\" ><div class=\"elementor-post__thumbnail\"><img decoding=\"async\" width=\"300\" height=\"200\" src=\"https:\/\/www.sushiya.de\/wp-content\/uploads\/Sushiya-Blog-Sushi-Kurs-Juni-2018-Titelbild-300x200.jpg\" class=\"attachment-medium size-medium wp-image-38329\" alt=\"Sushi Course Munich in Sushi Restaurant Sushiya\" srcset=\"https:\/\/www.sushiya.de\/wp-content\/uploads\/Sushiya-Blog-Sushi-Kurs-Juni-2018-Titelbild-300x200.jpg 300w, https:\/\/www.sushiya.de\/wp-content\/uploads\/Sushiya-Blog-Sushi-Kurs-Juni-2018-Titelbild-600x400.jpg 600w, https:\/\/www.sushiya.de\/wp-content\/uploads\/Sushiya-Blog-Sushi-Kurs-Juni-2018-Titelbild-768x512.jpg 768w, https:\/\/www.sushiya.de\/wp-content\/uploads\/Sushiya-Blog-Sushi-Kurs-Juni-2018-Titelbild.jpg 900w\" sizes=\"(max-width: 300px) 100vw, 300px\" \/><\/div><\/a>\n\t\t\t\t<div class=\"elementor-post__text\">\n\t\t\t\t<h6 class=\"elementor-post__title\">\n\t\t\t<a href=\"https:\/\/www.sushiya.de\/en\/events\/sushi-kurs\/rueckblick-sushi-kurs-exklusiv-juni-2018\/\" >\n\t\t\t\tReview Sushi Course Exclusive on June 28, 2018\t\t\t<\/a>\n\t\t<\/h6>\n\t\t\t\t<div class=\"elementor-post__excerpt\">\n\t\t\t<p>Review first sushi course Exclusive in June 2018 Our sushi cooking courses - as well as our sake tastings and whisky tastings - enjoy highest<\/p>\n\t\t<\/div>\n\t\t\n\t\t<a class=\"elementor-post__read-more\" href=\"https:\/\/www.sushiya.de\/en\/events\/sushi-kurs\/rueckblick-sushi-kurs-exklusiv-juni-2018\/\" aria-label=\"Read more about Review Sushi Course Exclusive on June 28, 2018\" tabindex=\"-1\" >\n\t\t\tread more \"\t\t<\/a>\n\n\t\t\t\t<\/div>\n\t\t\t\t<div class=\"elementor-post__meta-data\">\n\t\t\t\t\t<span class=\"elementor-post-date\">\n\t\t\tJune 29, 2018\t\t<\/span>\n\t\t\t\t<\/div>\n\t\t\t\t\t<\/div>\n\t\t<\/article>\n\t\t\t\t<article class=\"elementor-post elementor-grid-item post-18213 post type-post status-publish format-standard has-post-thumbnail hentry category-sushi-kurs\" role=\"listitem\">\n\t\t\t<div class=\"elementor-post__card\">\n\t\t\t\t<a class=\"elementor-post__thumbnail__link\" href=\"https:\/\/www.sushiya.de\/en\/events\/sushi-kurs\/rueckblick-sushi-kurs-einsteiger-april-2018\/\" tabindex=\"-1\" ><div class=\"elementor-post__thumbnail\"><img decoding=\"async\" width=\"300\" height=\"294\" src=\"https:\/\/www.sushiya.de\/wp-content\/uploads\/Sushiya-Blog-Sushi-Kurs-April-2018-Titelbild-300x294.jpg\" class=\"attachment-medium size-medium wp-image-38371\" alt=\"Sushi Course Munich in Sushi Restaurant Sushiya\" srcset=\"https:\/\/www.sushiya.de\/wp-content\/uploads\/Sushiya-Blog-Sushi-Kurs-April-2018-Titelbild-300x294.jpg 300w, https:\/\/www.sushiya.de\/wp-content\/uploads\/Sushiya-Blog-Sushi-Kurs-April-2018-Titelbild.jpg 600w\" sizes=\"(max-width: 300px) 100vw, 300px\" \/><\/div><\/a>\n\t\t\t\t<div class=\"elementor-post__text\">\n\t\t\t\t<h6 class=\"elementor-post__title\">\n\t\t\t<a href=\"https:\/\/www.sushiya.de\/en\/events\/sushi-kurs\/rueckblick-sushi-kurs-einsteiger-april-2018\/\" >\n\t\t\t\tReview Sushi course for beginners April 2018\t\t\t<\/a>\n\t\t<\/h6>\n\t\t\t\t<div class=\"elementor-post__excerpt\">\n\t\t\t<p>Review of the Sushi Course for Beginners in April \"This time we had especially talented course participants!\" is Chef Saito enthusiastic. Again<\/p>\n\t\t<\/div>\n\t\t\n\t\t<a class=\"elementor-post__read-more\" href=\"https:\/\/www.sushiya.de\/en\/events\/sushi-kurs\/rueckblick-sushi-kurs-einsteiger-april-2018\/\" aria-label=\"Read more about Review sushi course for beginners April 2018\" tabindex=\"-1\" >\n\t\t\tread more \"\t\t<\/a>\n\n\t\t\t\t<\/div>\n\t\t\t\t<div class=\"elementor-post__meta-data\">\n\t\t\t\t\t<span class=\"elementor-post-date\">\n\t\t\tApril 20, 2018\t\t<\/span>\n\t\t\t\t<\/div>\n\t\t\t\t\t<\/div>\n\t\t<\/article>\n\t\t\t\t<\/div>\n\t\t\n\t\t\t\t<div class=\"e-load-more-anchor\" data-page=\"1\" data-max-page=\"3\" data-next-page=\"https:\/\/www.sushiya.de\/en\/wp-json\/wp\/v2\/pages\/18712\/page\/2\/\"><\/div>\n\t\t\t\t<nav class=\"elementor-pagination\" aria-label=\"Pagination\">\n\t\t\t<span class=\"page-numbers prev\">\u2190 Previous<\/span>\n<span aria-current=\"page\" class=\"page-numbers current\"><span class=\"elementor-screen-only\">Page<\/span>1<\/span>\n<a class=\"page-numbers\" href=\"https:\/\/www.sushiya.de\/en\/wp-json\/wp\/v2\/pages\/18712\/page\/2\/\"><span class=\"elementor-screen-only\">Page<\/span>2<\/a>\n<a class=\"page-numbers\" href=\"https:\/\/www.sushiya.de\/en\/wp-json\/wp\/v2\/pages\/18712\/page\/3\/\"><span class=\"elementor-screen-only\">Page<\/span>3<\/a>\n<a class=\"page-numbers next\" href=\"https:\/\/www.sushiya.de\/en\/wp-json\/wp\/v2\/pages\/18712\/page\/2\/\">Next \u2192<\/a>\t\t<\/nav>\n\t\t\t\t\t\t<\/div>\n\t\t\t\t<\/div>\n\t\t\t\t\t<\/div>\n\t\t<\/div>\n\t\t\t\t\t<\/div>\n\t\t<\/section>\n\t\t\t\t<\/div>","protected":false},"excerpt":{"rendered":"<p>Sushi-Kurs M\u00fcnchen einBlick in die komplexe Welt der Sushi-Zubereitung! Aktueller Stand immer noch g\u00fcltig: Aktuell k\u00f6nnen wir wegen Personalmangel keine Sushi-Kurse anbieten.\u00a0 Sollte sich das \u00e4ndern, informieren Sie es sofort \u00fcber unseren Newsletter. F\u00fcr Newsletter eintragen! Unsere Sushi-Kurse in M\u00fcnchen finden in kleinen Gruppen von maximal 12 Teilnehmern im Sushi-Restaurant sansaro statt. In unserem praxisnahen [&hellip;]<\/p>\n","protected":false},"author":2,"featured_media":38170,"parent":12813,"menu_order":0,"comment_status":"closed","ping_status":"closed","template":"elementor_header_footer","meta":{"footnotes":""},"categories":[],"tags":[],"class_list":["post-18712","page","type-page","status-publish","has-post-thumbnail","hentry"],"jetpack_sharing_enabled":true,"_links":{"self":[{"href":"https:\/\/www.sushiya.de\/en\/wp-json\/wp\/v2\/pages\/18712","targetHints":{"allow":["GET"]}}],"collection":[{"href":"https:\/\/www.sushiya.de\/en\/wp-json\/wp\/v2\/pages"}],"about":[{"href":"https:\/\/www.sushiya.de\/en\/wp-json\/wp\/v2\/types\/page"}],"author":[{"embeddable":true,"href":"https:\/\/www.sushiya.de\/en\/wp-json\/wp\/v2\/users\/2"}],"replies":[{"embeddable":true,"href":"https:\/\/www.sushiya.de\/en\/wp-json\/wp\/v2\/comments?post=18712"}],"version-history":[{"count":66,"href":"https:\/\/www.sushiya.de\/en\/wp-json\/wp\/v2\/pages\/18712\/revisions"}],"predecessor-version":[{"id":59690,"href":"https:\/\/www.sushiya.de\/en\/wp-json\/wp\/v2\/pages\/18712\/revisions\/59690"}],"up":[{"embeddable":true,"href":"https:\/\/www.sushiya.de\/en\/wp-json\/wp\/v2\/pages\/12813"}],"wp:featuredmedia":[{"embeddable":true,"href":"https:\/\/www.sushiya.de\/en\/wp-json\/wp\/v2\/media\/38170"}],"wp:attachment":[{"href":"https:\/\/www.sushiya.de\/en\/wp-json\/wp\/v2\/media?parent=18712"}],"wp:term":[{"taxonomy":"category","embeddable":true,"href":"https:\/\/www.sushiya.de\/en\/wp-json\/wp\/v2\/categories?post=18712"},{"taxonomy":"post_tag","embeddable":true,"href":"https:\/\/www.sushiya.de\/en\/wp-json\/wp\/v2\/tags?post=18712"}],"curies":[{"name":"wp","href":"https:\/\/api.w.org\/{rel}","templated":true}]}}