{"id":36163,"date":"2020-03-19T13:37:38","date_gmt":"2020-03-19T12:37:38","guid":{"rendered":"http:\/\/wordpress.p544154.webspaceconfig.de\/?page_id=36163"},"modified":"2023-12-15T12:59:51","modified_gmt":"2023-12-15T11:59:51","slug":"gutscheine","status":"publish","type":"page","link":"https:\/\/www.sushiya.de\/en\/gutscheine\/","title":{"rendered":"Vouchers"},"content":{"rendered":"<div data-elementor-type=\"wp-page\" data-elementor-id=\"36163\" class=\"elementor elementor-36163\" data-elementor-post-type=\"page\">\n\t\t\t\t\t\t<section class=\"elementor-section elementor-top-section elementor-element elementor-element-5deaeb5 elementor-section-full_width elementor-section-height-min-height elementor-section-items-bottom elementor-section-height-default\" data-id=\"5deaeb5\" data-element_type=\"section\" data-e-type=\"section\" data-settings=\"{&quot;background_background&quot;:&quot;classic&quot;}\">\n\t\t\t\t\t\t<div class=\"elementor-container elementor-column-gap-default\">\n\t\t\t\t\t<div class=\"elementor-column elementor-col-100 elementor-top-column elementor-element elementor-element-e8416bb\" data-id=\"e8416bb\" data-element_type=\"column\" data-e-type=\"column\">\n\t\t\t<div class=\"elementor-widget-wrap elementor-element-populated\">\n\t\t\t\t\t\t<div class=\"elementor-element elementor-element-8795806 elementor-widget elementor-widget-spacer\" data-id=\"8795806\" data-element_type=\"widget\" data-e-type=\"widget\" data-widget_type=\"spacer.default\">\n\t\t\t\t<div class=\"elementor-widget-container\">\n\t\t\t\t\t\t\t<div class=\"elementor-spacer\">\n\t\t\t<div class=\"elementor-spacer-inner\"><\/div>\n\t\t<\/div>\n\t\t\t\t\t\t<\/div>\n\t\t\t\t<\/div>\n\t\t\t\t\t<\/div>\n\t\t<\/div>\n\t\t\t\t\t<\/div>\n\t\t<\/section>\n\t\t\t\t<section class=\"elementor-section elementor-top-section elementor-element elementor-element-15367b3 elementor-section-boxed elementor-section-height-default elementor-section-height-default\" data-id=\"15367b3\" data-element_type=\"section\" data-e-type=\"section\">\n\t\t\t\t\t\t<div class=\"elementor-container elementor-column-gap-default\">\n\t\t\t\t\t<div class=\"elementor-column elementor-col-100 elementor-top-column elementor-element elementor-element-35acc65\" data-id=\"35acc65\" data-element_type=\"column\" data-e-type=\"column\">\n\t\t\t<div class=\"elementor-widget-wrap elementor-element-populated\">\n\t\t\t\t\t\t<div class=\"elementor-element elementor-element-eb78f39 elementor-widget elementor-widget-heading\" data-id=\"eb78f39\" data-element_type=\"widget\" data-e-type=\"widget\" data-widget_type=\"heading.default\">\n\t\t\t\t<div class=\"elementor-widget-container\">\n\t\t\t\t\t<h1 class=\"elementor-heading-title elementor-size-default\">Sushi coupons and more<\/h1>\t\t\t\t<\/div>\n\t\t\t\t<\/div>\n\t\t\t\t<div class=\"elementor-element elementor-element-afef90e elementor-widget elementor-widget-heading\" data-id=\"afef90e\" data-element_type=\"widget\" data-e-type=\"widget\" data-widget_type=\"heading.default\">\n\t\t\t\t<div class=\"elementor-widget-container\">\n\t\t\t\t\t<h2 class=\"elementor-heading-title elementor-size-default\">Gifts for every occasion!<\/h2>\t\t\t\t<\/div>\n\t\t\t\t<\/div>\n\t\t\t\t<section class=\"elementor-section elementor-inner-section elementor-element elementor-element-1a7c22b elementor-section-content-middle elementor-section-boxed elementor-section-height-default elementor-section-height-default\" data-id=\"1a7c22b\" data-element_type=\"section\" data-e-type=\"section\">\n\t\t\t\t\t\t<div class=\"elementor-container elementor-column-gap-default\">\n\t\t\t\t\t<div class=\"elementor-column elementor-col-50 elementor-inner-column elementor-element elementor-element-2583e12\" data-id=\"2583e12\" data-element_type=\"column\" data-e-type=\"column\">\n\t\t\t<div class=\"elementor-widget-wrap elementor-element-populated\">\n\t\t\t\t\t\t<div class=\"elementor-element elementor-element-cb6c1a2 elementor-widget elementor-widget-text-editor\" data-id=\"cb6c1a2\" data-element_type=\"widget\" data-e-type=\"widget\" data-widget_type=\"text-editor.default\">\n\t\t\t\t<div class=\"elementor-widget-container\">\n\t\t\t\t\t\t\t\t\t<p>Gift for any occasion: a meal voucher for one of the most popular sushi restaurants in Munich.<span style=\"color: var( --e-global-color-1d94043 ); letter-spacing: 0.3px; background-color: var( --e-global-color-e8e2c28 );\">.<\/span><\/p><p>Tip: since you can get your fill in our restaurant sansaro for little money but also for a lot of money can try great wines, sake or whiskey, we recommend to divide larger amounts on several vouchers. For more flexibility when redeeming and the full range when enjoying, for example 2x 50\u20ac.<\/p><p>\u00a0<\/p><p>Unfortunately, we cannot offer direct purchase (e.g. by cash on the spot) in the restaurant at the moment.<\/p><p>Vouchers for specific events can be found below.<\/p>\t\t\t\t\t\t\t\t<\/div>\n\t\t\t\t<\/div>\n\t\t\t\t\t<\/div>\n\t\t<\/div>\n\t\t\t\t<div class=\"elementor-column elementor-col-50 elementor-inner-column elementor-element elementor-element-d321f11\" data-id=\"d321f11\" data-element_type=\"column\" data-e-type=\"column\">\n\t\t\t<div class=\"elementor-widget-wrap elementor-element-populated\">\n\t\t\t\t\t\t<div class=\"elementor-element elementor-element-2c052aa elementor-widget elementor-widget-heading\" data-id=\"2c052aa\" data-element_type=\"widget\" data-e-type=\"widget\" data-widget_type=\"heading.default\">\n\t\t\t\t<div class=\"elementor-widget-container\">\n\t\t\t\t\t<h3 class=\"elementor-heading-title elementor-size-default\">Vouchers for a visit to a restaurant<\/h3>\t\t\t\t<\/div>\n\t\t\t\t<\/div>\n\t\t\t\t<div class=\"elementor-element elementor-element-b875802 elementor-widget elementor-widget-image\" data-id=\"b875802\" data-element_type=\"widget\" data-e-type=\"widget\" data-widget_type=\"image.default\">\n\t\t\t\t<div class=\"elementor-widget-container\">\n\t\t\t\t\t\t\t\t\t\t\t\t\t\t\t<img fetchpriority=\"high\" decoding=\"async\" width=\"640\" height=\"385\" src=\"https:\/\/www.sushiya.de\/wp-content\/uploads\/Sushiya30-Gutschein.jpg\" class=\"attachment-large size-large wp-image-38292\" alt=\"Voucher for Sushi in Sushi Restaurant Sushiya Munich\" srcset=\"https:\/\/www.sushiya.de\/wp-content\/uploads\/Sushiya30-Gutschein.jpg 640w, https:\/\/www.sushiya.de\/wp-content\/uploads\/Sushiya30-Gutschein-600x361.jpg 600w, https:\/\/www.sushiya.de\/wp-content\/uploads\/Sushiya30-Gutschein-300x180.jpg 300w\" sizes=\"(max-width: 640px) 100vw, 640px\" \/>\t\t\t\t\t\t\t\t\t\t\t\t\t\t\t<\/div>\n\t\t\t\t<\/div>\n\t\t\t\t\t<\/div>\n\t\t<\/div>\n\t\t\t\t\t<\/div>\n\t\t<\/section>\n\t\t\t\t<section class=\"elementor-section elementor-inner-section elementor-element elementor-element-f124413 elementor-section-boxed elementor-section-height-default elementor-section-height-default\" data-id=\"f124413\" data-element_type=\"section\" data-e-type=\"section\">\n\t\t\t\t\t\t<div class=\"elementor-container elementor-column-gap-default\">\n\t\t\t\t\t<div class=\"elementor-column elementor-col-100 elementor-inner-column elementor-element elementor-element-8a893d8\" data-id=\"8a893d8\" data-element_type=\"column\" data-e-type=\"column\">\n\t\t\t<div class=\"elementor-widget-wrap elementor-element-populated\">\n\t\t\t\t\t\t<div class=\"elementor-element elementor-element-38ee899 elementor-align-center elementor-widget elementor-widget-button\" data-id=\"38ee899\" data-element_type=\"widget\" data-e-type=\"widget\" data-widget_type=\"button.default\">\n\t\t\t\t<div class=\"elementor-widget-container\">\n\t\t\t\t\t\t\t\t\t<div class=\"elementor-button-wrapper\">\n\t\t\t\t\t<a class=\"elementor-button elementor-button-link elementor-size-sm\" href=\"http:\/\/www.yovite.com\/Restaurant-Gutschein-R-50707288.html?REF=REST\" target=\"_blank\" rel=\"noopener\">\n\t\t\t\t\t\t<span class=\"elementor-button-content-wrapper\">\n\t\t\t\t\t\t<span class=\"elementor-button-icon\">\n\t\t\t\t<i aria-hidden=\"true\" class=\"fas fa-angle-right\"><\/i>\t\t\t<\/span>\n\t\t\t\t\t\t\t\t\t<span class=\"elementor-button-text\">sansaro coupons at Yovite order now<\/span>\n\t\t\t\t\t<\/span>\n\t\t\t\t\t<\/a>\n\t\t\t\t<\/div>\n\t\t\t\t\t\t\t\t<\/div>\n\t\t\t\t<\/div>\n\t\t\t\t\t<\/div>\n\t\t<\/div>\n\t\t\t\t\t<\/div>\n\t\t<\/section>\n\t\t\t\t<section class=\"elementor-section elementor-inner-section elementor-element elementor-element-2d61596 elementor-section-boxed elementor-section-height-default elementor-section-height-default\" data-id=\"2d61596\" data-element_type=\"section\" data-e-type=\"section\">\n\t\t\t\t\t\t<div class=\"elementor-container elementor-column-gap-default\">\n\t\t\t\t\t<div class=\"elementor-column elementor-col-100 elementor-inner-column elementor-element elementor-element-fe31ffd\" data-id=\"fe31ffd\" data-element_type=\"column\" data-e-type=\"column\">\n\t\t\t<div class=\"elementor-widget-wrap elementor-element-populated\">\n\t\t\t\t\t\t<div class=\"elementor-element elementor-element-7fa1f95 elementor-widget elementor-widget-heading\" data-id=\"7fa1f95\" data-element_type=\"widget\" data-e-type=\"widget\" data-settings=\"{&quot;tooltip_content&quot;:&quot;I am a tooltip&quot;,&quot;tooltip_enable&quot;:&quot;yes&quot;,&quot;tooltip_target&quot;:&quot;element&quot;,&quot;tooltip_trigger&quot;:&quot;mouseenter&quot;,&quot;tooltip_trigger_tablet&quot;:&quot;click_target&quot;,&quot;tooltip_trigger_mobile&quot;:&quot;click_target&quot;,&quot;tooltip__hide&quot;:&quot;mouseleave&quot;,&quot;tooltip__hide_tablet&quot;:&quot;click_any&quot;,&quot;tooltip__hide_mobile&quot;:&quot;click_any&quot;,&quot;tooltip_delay_in&quot;:{&quot;unit&quot;:&quot;px&quot;,&quot;size&quot;:&quot;&quot;,&quot;sizes&quot;:[]},&quot;tooltip_delay_out&quot;:{&quot;unit&quot;:&quot;px&quot;,&quot;size&quot;:&quot;&quot;,&quot;sizes&quot;:[]},&quot;tooltip_duration&quot;:{&quot;unit&quot;:&quot;px&quot;,&quot;size&quot;:&quot;&quot;,&quot;sizes&quot;:[]}}\" data-widget_type=\"heading.default\">\n\t\t\t\t<div class=\"elementor-widget-container\">\n\t\t\t\t\t<h3 class=\"elementor-heading-title elementor-size-default\">Event vouchers for special culinary experiences<\/h3><span class=\"hotip-content\" id=\"hotip-content-7fa1f95\">\n\t\t\t\tI am a tooltip\t\t\t<\/span>\t\t\t\t<\/div>\n\t\t\t\t<\/div>\n\t\t\t\t\t<\/div>\n\t\t<\/div>\n\t\t\t\t\t<\/div>\n\t\t<\/section>\n\t\t\t\t<div class=\"elementor-element elementor-element-418c355 text-edit elementor-widget elementor-widget-text-editor\" data-id=\"418c355\" data-element_type=\"widget\" data-e-type=\"widget\" data-widget_type=\"text-editor.default\">\n\t\t\t\t<div class=\"elementor-widget-container\">\n\t\t\t\t\t\t\t\t\t<p>At the moment we are not selling event vouchers as we do not know when we will be able to do so again due to staff shortages. For individual events with sufficient budget and lead time, you are always welcome to contact us. <a href=\"https:\/\/www.sushiya.de\/en\/catering\/\" target=\"_blank\" rel=\"noopener\">address<\/a>.<\/p>\t\t\t\t\t\t\t\t<\/div>\n\t\t\t\t<\/div>\n\t\t\t\t\t<\/div>\n\t\t<\/div>\n\t\t\t\t\t<\/div>\n\t\t<\/section>\n\t\t\t\t<\/div>","protected":false},"excerpt":{"rendered":"<p>Sushi Gutscheine und mehr Geschenke f\u00fcr jede Gelegenheit! Geschenk f\u00fcr jede Gelegenheit: ein Essensgutschein f\u00fcr eines der beliebtesten Sushi-Restaurants in M\u00fcnchen. Tipp: da man bei uns im Restaurant sansaro schon f\u00fcr wenig Geld satt werden kann aber auch f\u00fcr viel Geld sich durch tolle Weine, Sake oder Whisky probieren kann, empfehlen wir, gr\u00f6\u00dfere Betr\u00e4ge auf [&hellip;]<\/p>\n","protected":false},"author":2,"featured_media":0,"parent":0,"menu_order":30,"comment_status":"closed","ping_status":"closed","template":"elementor_header_footer","meta":{"footnotes":""},"categories":[],"tags":[],"class_list":["post-36163","page","type-page","status-publish","hentry"],"jetpack_sharing_enabled":true,"_links":{"self":[{"href":"https:\/\/www.sushiya.de\/en\/wp-json\/wp\/v2\/pages\/36163","targetHints":{"allow":["GET"]}}],"collection":[{"href":"https:\/\/www.sushiya.de\/en\/wp-json\/wp\/v2\/pages"}],"about":[{"href":"https:\/\/www.sushiya.de\/en\/wp-json\/wp\/v2\/types\/page"}],"author":[{"embeddable":true,"href":"https:\/\/www.sushiya.de\/en\/wp-json\/wp\/v2\/users\/2"}],"replies":[{"embeddable":true,"href":"https:\/\/www.sushiya.de\/en\/wp-json\/wp\/v2\/comments?post=36163"}],"version-history":[{"count":62,"href":"https:\/\/www.sushiya.de\/en\/wp-json\/wp\/v2\/pages\/36163\/revisions"}],"predecessor-version":[{"id":59693,"href":"https:\/\/www.sushiya.de\/en\/wp-json\/wp\/v2\/pages\/36163\/revisions\/59693"}],"wp:attachment":[{"href":"https:\/\/www.sushiya.de\/en\/wp-json\/wp\/v2\/media?parent=36163"}],"wp:term":[{"taxonomy":"category","embeddable":true,"href":"https:\/\/www.sushiya.de\/en\/wp-json\/wp\/v2\/categories?post=36163"},{"taxonomy":"post_tag","embeddable":true,"href":"https:\/\/www.sushiya.de\/en\/wp-json\/wp\/v2\/tags?post=36163"}],"curies":[{"name":"wp","href":"https:\/\/api.w.org\/{rel}","templated":true}]}}