{"id":41517,"date":"2021-01-30T12:44:33","date_gmt":"2021-01-30T11:44:33","guid":{"rendered":"https:\/\/www.sushiya.de\/?page_id=41517"},"modified":"2025-10-20T10:16:05","modified_gmt":"2025-10-20T08:16:05","slug":"newsletter","status":"publish","type":"page","link":"https:\/\/www.sushiya.de\/en\/newsletter\/","title":{"rendered":"Newsletter"},"content":{"rendered":"<div data-elementor-type=\"wp-page\" data-elementor-id=\"41517\" class=\"elementor elementor-41517\" data-elementor-post-type=\"page\">\n\t\t\t\t\t\t<section class=\"elementor-section elementor-top-section elementor-element elementor-element-8a56744 elementor-section-height-min-height elementor-section-items-bottom elementor-section-boxed elementor-section-height-default\" data-id=\"8a56744\" data-element_type=\"section\" data-e-type=\"section\" data-settings=\"{&quot;background_background&quot;:&quot;classic&quot;}\">\n\t\t\t\t\t\t<div class=\"elementor-container elementor-column-gap-default\">\n\t\t\t\t\t<div class=\"elementor-column elementor-col-100 elementor-top-column elementor-element elementor-element-3ac3e1c\" data-id=\"3ac3e1c\" data-element_type=\"column\" data-e-type=\"column\">\n\t\t\t<div class=\"elementor-widget-wrap elementor-element-populated\">\n\t\t\t\t\t\t<div class=\"elementor-element elementor-element-b167480 elementor-widget elementor-widget-spacer\" data-id=\"b167480\" data-element_type=\"widget\" data-e-type=\"widget\" data-widget_type=\"spacer.default\">\n\t\t\t\t<div class=\"elementor-widget-container\">\n\t\t\t\t\t\t\t<div class=\"elementor-spacer\">\n\t\t\t<div class=\"elementor-spacer-inner\"><\/div>\n\t\t<\/div>\n\t\t\t\t\t\t<\/div>\n\t\t\t\t<\/div>\n\t\t\t\t\t<\/div>\n\t\t<\/div>\n\t\t\t\t\t<\/div>\n\t\t<\/section>\n\t\t\t\t<section class=\"elementor-section elementor-top-section elementor-element elementor-element-dd5b306 elementor-section-boxed elementor-section-height-default elementor-section-height-default\" data-id=\"dd5b306\" data-element_type=\"section\" data-e-type=\"section\">\n\t\t\t\t\t\t<div class=\"elementor-container elementor-column-gap-default\">\n\t\t\t\t\t<div class=\"elementor-column elementor-col-100 elementor-top-column elementor-element elementor-element-f819f2e\" data-id=\"f819f2e\" data-element_type=\"column\" data-e-type=\"column\">\n\t\t\t<div class=\"elementor-widget-wrap elementor-element-populated\">\n\t\t\t\t\t\t<section class=\"elementor-section elementor-inner-section elementor-element elementor-element-b64cbd2 elementor-section-boxed elementor-section-height-default elementor-section-height-default\" data-id=\"b64cbd2\" data-element_type=\"section\" data-e-type=\"section\">\n\t\t\t\t\t\t<div class=\"elementor-container elementor-column-gap-default\">\n\t\t\t\t\t<div class=\"elementor-column elementor-col-100 elementor-inner-column elementor-element elementor-element-e3d9b95\" data-id=\"e3d9b95\" data-element_type=\"column\" data-e-type=\"column\">\n\t\t\t<div class=\"elementor-widget-wrap elementor-element-populated\">\n\t\t\t\t\t\t<div class=\"elementor-element elementor-element-3dc7c6d elementor-widget elementor-widget-image\" data-id=\"3dc7c6d\" data-element_type=\"widget\" data-e-type=\"widget\" data-widget_type=\"image.default\">\n\t\t\t\t<div class=\"elementor-widget-container\">\n\t\t\t\t\t\t\t\t\t\t\t\t\t\t\t<img fetchpriority=\"high\" decoding=\"async\" width=\"500\" height=\"500\" src=\"https:\/\/www.sushiya.de\/wp-content\/uploads\/sushiya-ci\/kamon\/A-928-sansaro-kamon-500px.png\" class=\"attachment-large size-large wp-image-41010\" alt=\"\" srcset=\"https:\/\/www.sushiya.de\/wp-content\/uploads\/sushiya-ci\/kamon\/A-928-sansaro-kamon-500px.png 500w, https:\/\/www.sushiya.de\/wp-content\/uploads\/sushiya-ci\/kamon\/A-928-sansaro-kamon-500px-300x300.png 300w, https:\/\/www.sushiya.de\/wp-content\/uploads\/sushiya-ci\/kamon\/A-928-sansaro-kamon-500px-100x100.png 100w, https:\/\/www.sushiya.de\/wp-content\/uploads\/sushiya-ci\/kamon\/A-928-sansaro-kamon-500px-150x150.png 150w\" sizes=\"(max-width: 500px) 100vw, 500px\" \/>\t\t\t\t\t\t\t\t\t\t\t\t\t\t\t<\/div>\n\t\t\t\t<\/div>\n\t\t\t\t<div class=\"elementor-element elementor-element-6910736 elementor-widget elementor-widget-heading\" data-id=\"6910736\" data-element_type=\"widget\" data-e-type=\"widget\" data-widget_type=\"heading.default\">\n\t\t\t\t<div class=\"elementor-widget-container\">\n\t\t\t\t\t<h1 class=\"elementor-heading-title elementor-size-default\">SUSHIYA Newsletter<\/h1>\t\t\t\t<\/div>\n\t\t\t\t<\/div>\n\t\t\t\t<div class=\"elementor-element elementor-element-34d0d5b elementor-widget elementor-widget-spacer\" data-id=\"34d0d5b\" data-element_type=\"widget\" data-e-type=\"widget\" data-widget_type=\"spacer.default\">\n\t\t\t\t<div class=\"elementor-widget-container\">\n\t\t\t\t\t\t\t<div class=\"elementor-spacer\">\n\t\t\t<div class=\"elementor-spacer-inner\"><\/div>\n\t\t<\/div>\n\t\t\t\t\t\t<\/div>\n\t\t\t\t<\/div>\n\t\t\t\t<div class=\"elementor-element elementor-element-befee9d elementor-widget elementor-widget-text-editor\" data-id=\"befee9d\" data-element_type=\"widget\" data-e-type=\"widget\" data-widget_type=\"text-editor.default\">\n\t\t\t\t<div class=\"elementor-widget-container\">\n\t\t\t\t\t\t\t\t\t<p>We only ship <strong>few newsletters per year<\/strong> - but they whet the appetite.\u00a0<\/p><p>Always be the first to know when we have the <strong>culinary highlights<\/strong> of the year or our <strong>exclusive events<\/strong> gives.<\/p>\t\t\t\t\t\t\t\t<\/div>\n\t\t\t\t<\/div>\n\t\t\t\t<div class=\"elementor-element elementor-element-6111d19 elementor-widget elementor-widget-text-editor\" data-id=\"6111d19\" data-element_type=\"widget\" data-e-type=\"widget\" data-widget_type=\"text-editor.default\">\n\t\t\t\t<div class=\"elementor-widget-container\">\n\t\t\t\t\t\t\t\t\t<p>Of course, you can unsubscribe automatically at any time with one click.<\/p>\t\t\t\t\t\t\t\t<\/div>\n\t\t\t\t<\/div>\n\t\t\t\t<div class=\"elementor-element elementor-element-318132c elementor-widget elementor-widget-spacer\" data-id=\"318132c\" data-element_type=\"widget\" data-e-type=\"widget\" data-widget_type=\"spacer.default\">\n\t\t\t\t<div class=\"elementor-widget-container\">\n\t\t\t\t\t\t\t<div class=\"elementor-spacer\">\n\t\t\t<div class=\"elementor-spacer-inner\"><\/div>\n\t\t<\/div>\n\t\t\t\t\t\t<\/div>\n\t\t\t\t<\/div>\n\t\t\t\t<div class=\"elementor-element elementor-element-734b9a8 elementor-widget elementor-widget-heading\" data-id=\"734b9a8\" data-element_type=\"widget\" data-e-type=\"widget\" data-widget_type=\"heading.default\">\n\t\t\t\t<div class=\"elementor-widget-container\">\n\t\t\t\t\t<h2 class=\"elementor-heading-title elementor-size-default\">subscribe to the newsletter<\/h2>\t\t\t\t<\/div>\n\t\t\t\t<\/div>\n\t\t\t\t<div class=\"elementor-element elementor-element-9dd9f78 text-edit elementor-widget elementor-widget-text-editor\" data-id=\"9dd9f78\" data-element_type=\"widget\" data-e-type=\"widget\" data-widget_type=\"text-editor.default\">\n\t\t\t\t<div class=\"elementor-widget-container\">\n\t\t\t\t\t\t\t\t\t<p><strong>Our newsletter is the best way to stay up to date. We are currently switching our newsletter to Opentable, so there is no form to sign up for the newsletter yet. When making your reservation, click on \u201esansaro may send me emails.\u201c.<\/strong><\/p>\t\t\t\t\t\t\t\t<\/div>\n\t\t\t\t<\/div>\n\t\t\t\t<div class=\"elementor-element elementor-element-8ab2401 elementor-widget elementor-widget-spacer\" data-id=\"8ab2401\" data-element_type=\"widget\" data-e-type=\"widget\" data-widget_type=\"spacer.default\">\n\t\t\t\t<div class=\"elementor-widget-container\">\n\t\t\t\t\t\t\t<div class=\"elementor-spacer\">\n\t\t\t<div class=\"elementor-spacer-inner\"><\/div>\n\t\t<\/div>\n\t\t\t\t\t\t<\/div>\n\t\t\t\t<\/div>\n\t\t\t\t\t<\/div>\n\t\t<\/div>\n\t\t\t\t\t<\/div>\n\t\t<\/section>\n\t\t\t\t\t<\/div>\n\t\t<\/div>\n\t\t\t\t\t<\/div>\n\t\t<\/section>\n\t\t\t\t<\/div>","protected":false},"excerpt":{"rendered":"<p>SUSHIYA Newsletter Wir verschicken nur wenige Newsletter pro Jahr &#8211; aber die machen Appetit.\u00a0 Seien Sie immer als erstes informiert, wenn es bei uns die kulinarischen H\u00f6hepunkte des Jahres oder unsere exklusiven Events gibt. Nat\u00fcrlich k\u00f6nnen Sie sich mit einem Klick jederzeit automatisiert abmelden. zum Newsletter anmelden Unser Newsletter ist die beste M\u00f6glichkeit, auf dem [&hellip;]<\/p>\n","protected":false},"author":4,"featured_media":0,"parent":0,"menu_order":5,"comment_status":"closed","ping_status":"closed","template":"","meta":{"footnotes":""},"categories":[],"tags":[],"class_list":["post-41517","page","type-page","status-publish","hentry"],"jetpack_sharing_enabled":true,"_links":{"self":[{"href":"https:\/\/www.sushiya.de\/en\/wp-json\/wp\/v2\/pages\/41517","targetHints":{"allow":["GET"]}}],"collection":[{"href":"https:\/\/www.sushiya.de\/en\/wp-json\/wp\/v2\/pages"}],"about":[{"href":"https:\/\/www.sushiya.de\/en\/wp-json\/wp\/v2\/types\/page"}],"author":[{"embeddable":true,"href":"https:\/\/www.sushiya.de\/en\/wp-json\/wp\/v2\/users\/4"}],"replies":[{"embeddable":true,"href":"https:\/\/www.sushiya.de\/en\/wp-json\/wp\/v2\/comments?post=41517"}],"version-history":[{"count":77,"href":"https:\/\/www.sushiya.de\/en\/wp-json\/wp\/v2\/pages\/41517\/revisions"}],"predecessor-version":[{"id":63306,"href":"https:\/\/www.sushiya.de\/en\/wp-json\/wp\/v2\/pages\/41517\/revisions\/63306"}],"wp:attachment":[{"href":"https:\/\/www.sushiya.de\/en\/wp-json\/wp\/v2\/media?parent=41517"}],"wp:term":[{"taxonomy":"category","embeddable":true,"href":"https:\/\/www.sushiya.de\/en\/wp-json\/wp\/v2\/categories?post=41517"},{"taxonomy":"post_tag","embeddable":true,"href":"https:\/\/www.sushiya.de\/en\/wp-json\/wp\/v2\/tags?post=41517"}],"curies":[{"name":"wp","href":"https:\/\/api.w.org\/{rel}","templated":true}]}}