{"id":46575,"date":"2022-02-02T15:11:56","date_gmt":"2022-02-02T14:11:56","guid":{"rendered":"https:\/\/www.sushiya.de\/?page_id=46575"},"modified":"2022-03-01T23:11:32","modified_gmt":"2022-03-01T22:11:32","slug":"junmai-ginjo","status":"publish","type":"page","link":"https:\/\/www.sushiya.de\/en\/sake\/sake-kategorien\/junmai-ginjo\/","title":{"rendered":"The sake classification Junmai Ginj\u014d"},"content":{"rendered":"\t\t<div data-elementor-type=\"wp-page\" data-elementor-id=\"46575\" class=\"elementor elementor-46575\" data-elementor-post-type=\"page\">\n\t\t\t\t\t\t<section class=\"elementor-section elementor-top-section elementor-element elementor-element-d152120 elementor-section-boxed elementor-section-height-default elementor-section-height-default\" data-id=\"d152120\" data-element_type=\"section\" data-e-type=\"section\" data-settings=\"{&quot;background_background&quot;:&quot;classic&quot;}\">\n\t\t\t\t\t\t<div class=\"elementor-container elementor-column-gap-default\">\n\t\t\t\t\t<div class=\"elementor-column elementor-col-100 elementor-top-column elementor-element elementor-element-5dd6137\" data-id=\"5dd6137\" data-element_type=\"column\" data-e-type=\"column\">\n\t\t\t<div class=\"elementor-widget-wrap elementor-element-populated\">\n\t\t\t\t\t\t<div class=\"elementor-element elementor-element-f2b0ec5 titel-h1 elementor-widget elementor-widget-heading\" data-id=\"f2b0ec5\" data-element_type=\"widget\" data-e-type=\"widget\" data-widget_type=\"heading.default\">\n\t\t\t\t<div class=\"elementor-widget-container\">\n\t\t\t\t\t<h1 class=\"elementor-heading-title elementor-size-default\">Junmai Ginj\u014d<\/h1>\t\t\t\t<\/div>\n\t\t\t\t<\/div>\n\t\t\t\t\t<\/div>\n\t\t<\/div>\n\t\t\t\t\t<\/div>\n\t\t<\/section>\n\t\t\t\t<section class=\"elementor-section elementor-top-section elementor-element elementor-element-40d9715 elementor-section-boxed elementor-section-height-default elementor-section-height-default\" data-id=\"40d9715\" data-element_type=\"section\" data-e-type=\"section\">\n\t\t\t\t\t\t<div class=\"elementor-container elementor-column-gap-default\">\n\t\t\t\t\t<div class=\"elementor-column elementor-col-50 elementor-top-column elementor-element elementor-element-b009caa\" data-id=\"b009caa\" data-element_type=\"column\" data-e-type=\"column\">\n\t\t\t<div class=\"elementor-widget-wrap elementor-element-populated\">\n\t\t\t\t\t\t<div class=\"elementor-element elementor-element-b0d01d9 elementor-toc--content-ellipsis elementor-widget elementor-widget-table-of-contents\" data-id=\"b0d01d9\" data-element_type=\"widget\" data-e-type=\"widget\" data-settings=\"{&quot;headings_by_tags&quot;:[&quot;h2&quot;,&quot;h3&quot;,&quot;h4&quot;],&quot;exclude_headings_by_selector&quot;:&quot;.share__container&quot;,&quot;marker_view&quot;:&quot;numbers&quot;,&quot;no_headings_message&quot;:&quot;\\u3053\\u306e\\u30da\\u30fc\\u30b8\\u306e\\u898b\\u51fa\\u3057\\u306f\\u898b\\u3064\\u304b\\u308a\\u307e\\u305b\\u3093\\u3067\\u3057\\u305f\\u3002&quot;,&quot;hierarchical_view&quot;:&quot;yes&quot;,&quot;min_height&quot;:{&quot;unit&quot;:&quot;px&quot;,&quot;size&quot;:&quot;&quot;,&quot;sizes&quot;:[]},&quot;min_height_tablet&quot;:{&quot;unit&quot;:&quot;px&quot;,&quot;size&quot;:&quot;&quot;,&quot;sizes&quot;:[]},&quot;min_height_mobile&quot;:{&quot;unit&quot;:&quot;px&quot;,&quot;size&quot;:&quot;&quot;,&quot;sizes&quot;:[]}}\" data-widget_type=\"table-of-contents.default\">\n\t\t\t\t<div class=\"elementor-widget-container\">\n\t\t\t\t\t\t\t\t\t<div class=\"elementor-toc__header\">\n\t\t\t\t\t\t<div class=\"elementor-toc__header-title\">\n\t\t\t\tInhaltsverzeichnis\t\t\t<\/div>\n\t\t\t\t\t\t\t\t<\/div>\n\t\t\t\t<div id=\"elementor-toc__b0d01d9\" class=\"elementor-toc__body\">\n\t\t\t<div class=\"elementor-toc__spinner-container\">\n\t\t\t\t<i class=\"elementor-toc__spinner eicon-animation-spin eicon-loading\" aria-hidden=\"true\"><\/i>\t\t\t<\/div>\n\t\t<\/div>\n\t\t\t\t\t\t<\/div>\n\t\t\t\t<\/div>\n\t\t\t\t\t<\/div>\n\t\t<\/div>\n\t\t\t\t<div class=\"elementor-column elementor-col-50 elementor-top-column elementor-element elementor-element-72710ce\" data-id=\"72710ce\" data-element_type=\"column\" data-e-type=\"column\" data-settings=\"{&quot;background_background&quot;:&quot;classic&quot;}\">\n\t\t\t<div class=\"elementor-widget-wrap elementor-element-populated\">\n\t\t\t\t\t\t<div class=\"elementor-element elementor-element-3489e3e elementor-widget elementor-widget-text-editor\" data-id=\"3489e3e\" data-element_type=\"widget\" data-e-type=\"widget\" data-widget_type=\"text-editor.default\">\n\t\t\t\t<div class=\"elementor-widget-container\">\n\t\t\t\t\t\t\t\t\t<p><strong>Japanischer Sake kann zu einer Vielzahl von Anl\u00e4ssen und Gelegenheiten getrunken werden. <a href=\"https:\/\/www.sushiya.de\/sake\/sake-kategorien\/\">Die verschiedenen Sake-Klassen oder -Kategorien<\/a> geben einen Aufschluss dar\u00fcber, was sich wof\u00fcr eignet. Junmai Ginj\u014d ist einer der zwei Sake-Typen der mittleren Premium-Kategorie. <\/strong><\/p>\t\t\t\t\t\t\t\t<\/div>\n\t\t\t\t<\/div>\n\t\t\t\t\t<\/div>\n\t\t<\/div>\n\t\t\t\t\t<\/div>\n\t\t<\/section>\n\t\t\t\t<section class=\"elementor-section elementor-top-section elementor-element elementor-element-127c069 elementor-section-boxed elementor-section-height-default elementor-section-height-default\" data-id=\"127c069\" data-element_type=\"section\" data-e-type=\"section\">\n\t\t\t\t\t\t<div class=\"elementor-container elementor-column-gap-default\">\n\t\t\t\t\t<div class=\"elementor-column elementor-col-100 elementor-top-column elementor-element elementor-element-f034871\" data-id=\"f034871\" data-element_type=\"column\" data-e-type=\"column\">\n\t\t\t<div class=\"elementor-widget-wrap elementor-element-populated\">\n\t\t\t\t\t\t<div class=\"elementor-element elementor-element-313ab3a title-h2 elementor-widget elementor-widget-heading\" data-id=\"313ab3a\" data-element_type=\"widget\" data-e-type=\"widget\" data-widget_type=\"heading.default\">\n\t\t\t\t<div class=\"elementor-widget-container\">\n\t\t\t\t\t<h2 class=\"elementor-heading-title elementor-size-default\">Was bedeutet Junmai Ginj\u014d?<\/h2>\t\t\t\t<\/div>\n\t\t\t\t<\/div>\n\t\t\t\t<div class=\"elementor-element elementor-element-293095d text-edit elementor-widget elementor-widget-text-editor\" data-id=\"293095d\" data-element_type=\"widget\" data-e-type=\"widget\" data-widget_type=\"text-editor.default\">\n\t\t\t\t<div class=\"elementor-widget-container\">\n\t\t\t\t\t\t\t\t\t<p>Der Begriff Junmai Ginj\u014d (\u7d14\u7c73\u541f\u91b8) setzt sich aus dem Wort \u201eReis Pur\u201c und dem Wort \u201eGinj\u014d\u201c zusammen.<\/p><p>Wie der oben beschriebene Junmai wird auch der Junmai Ginj\u014d nur aus Reis, K\u014dji und Wasser gebraut, aber er wird in einem speziellen Verfahren namens \u201eGinj\u014d-zukuri\u201c (\u541f\u91b8\u9020\u308a) hergestellt.<\/p><p>Ginj\u014d-zukuri bedeutet so viel wie \u201ebesonders sorgf\u00e4ltig fermentieren\u201c und bezieht sich auf die traditionelle Braumethode, bei der hochwertiger, polierter Reis \u00fcber einen langen Zeitraum bei einer niedrigen Temperatur von 10 \u00b0C langsam fermentiert wird.<\/p><p>F\u00fcr die Junmai Ginj\u014d-Klasse ist ein Reispoliergrad von 60 % oder weniger erforderlich.<\/p>\t\t\t\t\t\t\t\t<\/div>\n\t\t\t\t<\/div>\n\t\t\t\t<div class=\"elementor-element elementor-element-2bb3e46 title-h2 elementor-widget elementor-widget-heading\" data-id=\"2bb3e46\" data-element_type=\"widget\" data-e-type=\"widget\" data-widget_type=\"heading.default\">\n\t\t\t\t<div class=\"elementor-widget-container\">\n\t\t\t\t\t<h2 class=\"elementor-heading-title elementor-size-default\">Wie schmeckt Junmai Ginj\u014d-Sake?<\/h2>\t\t\t\t<\/div>\n\t\t\t\t<\/div>\n\t\t\t\t<div class=\"elementor-element elementor-element-4f7bfc9 text-edit elementor-widget elementor-widget-text-editor\" data-id=\"4f7bfc9\" data-element_type=\"widget\" data-e-type=\"widget\" data-widget_type=\"text-editor.default\">\n\t\t\t\t<div class=\"elementor-widget-container\">\n\t\t\t\t\t\t\t\t\t<p>Mit dieser Methode gebrauter Sake hat ein einzigartiges fruchtiges Aroma, das \u201eGinj\u014d-Aroma\u201c genannt wird. Junmai Ginj\u014d zeichnet sich durch dieses Ginj\u014d-Aroma und einen milden Geschmack aus.<\/p><p>Normalerweise wird Sake mit Ginj\u014d oder Daiginj\u014d im Namen empfohlen, gek\u00fchlt getrunken zu werden, um seine aromatischen Elemente zu betonen. Es ist jedoch auch eine gute Idee, Junmai Ginj\u014d auf eine lauwarme Temperatur (30 &#8211; 40 \u2103) erw\u00e4rmt zu trinken. Dadurch wird der Geschmack des Reises hervorgehoben.<\/p><p>Als Trinkgef\u00e4\u00df f\u00fcr Junmai Ginj\u014d empfiehlt sich entweder ein Wei\u00dfweinglas oder ein anderes Glas oder Keramikgef\u00e4\u00df, das dem Sake m\u00f6glichst Volumen l\u00e4sst, seinen Duft zu entfalten.<\/p><p>Dieser Sake ist auch als Allrounder bekannt, der zu vielen verschiedenen Arten von Speisen passt.<\/p>\t\t\t\t\t\t\t\t<\/div>\n\t\t\t\t<\/div>\n\t\t\t\t\t<\/div>\n\t\t<\/div>\n\t\t\t\t\t<\/div>\n\t\t<\/section>\n\t\t\t\t<section class=\"elementor-section elementor-top-section elementor-element elementor-element-2816ef5 share__container elementor-section-boxed elementor-section-height-default elementor-section-height-default\" data-id=\"2816ef5\" data-element_type=\"section\" data-e-type=\"section\" data-settings=\"{&quot;background_background&quot;:&quot;classic&quot;}\">\n\t\t\t\t\t\t<div class=\"elementor-container elementor-column-gap-default\">\n\t\t\t\t\t<div class=\"elementor-column elementor-col-100 elementor-top-column elementor-element elementor-element-a77d07e\" data-id=\"a77d07e\" data-element_type=\"column\" data-e-type=\"column\">\n\t\t\t<div class=\"elementor-widget-wrap elementor-element-populated\">\n\t\t\t\t\t\t<div class=\"elementor-element elementor-element-a3d4505 elementor-widget elementor-widget-heading\" data-id=\"a3d4505\" data-element_type=\"widget\" data-e-type=\"widget\" data-widget_type=\"heading.default\">\n\t\t\t\t<div class=\"elementor-widget-container\">\n\t\t\t\t\t<h5 class=\"elementor-heading-title elementor-size-default\">Genuss auf japanisch teilen<\/h5>\t\t\t\t<\/div>\n\t\t\t\t<\/div>\n\t\t\t\t<div class=\"elementor-element elementor-element-a1d98d4 elementor-widget elementor-widget-text-editor\" data-id=\"a1d98d4\" data-element_type=\"widget\" data-e-type=\"widget\" data-widget_type=\"text-editor.default\">\n\t\t\t\t<div class=\"elementor-widget-container\">\n\t\t\t\t\t\t\t\t\t<p><span style=\"letter-spacing: 0.3px;\">SUSHIYA begeistert sich f\u00fcr die japanische K\u00fcche und Kultur. In unserem Restaurant sansaro k\u00f6nnen Sie der faszinierenden japanischen K\u00fcche begegnen oder sich nachhause liefern lassen. Auf unserer Homepage, Facebook und Instragram geben wir immer wieder Einblicke in News und interessante Themen.<\/span><\/p>\t\t\t\t\t\t\t\t<\/div>\n\t\t\t\t<\/div>\n\t\t\t\t<div class=\"elementor-element elementor-element-9151052 elementor-icon-list--layout-inline elementor-align-center elementor-list-item-link-full_width elementor-widget elementor-widget-icon-list\" data-id=\"9151052\" data-element_type=\"widget\" data-e-type=\"widget\" data-widget_type=\"icon-list.default\">\n\t\t\t\t<div class=\"elementor-widget-container\">\n\t\t\t\t\t\t\t<ul class=\"elementor-icon-list-items elementor-inline-items\">\n\t\t\t\t\t\t\t<li class=\"elementor-icon-list-item elementor-inline-item\">\n\t\t\t\t\t\t\t\t\t\t\t<a href=\"https:\/\/www.facebook.com\/sansaro\/\" target=\"_blank\" rel=\"noopener\">\n\n\t\t\t\t\t\t\t\t\t\t\t\t<span class=\"elementor-icon-list-icon\">\n\t\t\t\t\t\t\t<i aria-hidden=\"true\" class=\"fab fa-facebook\"><\/i>\t\t\t\t\t\t<\/span>\n\t\t\t\t\t\t\t\t\t\t<span class=\"elementor-icon-list-text\">Facebook<\/span>\n\t\t\t\t\t\t\t\t\t\t\t<\/a>\n\t\t\t\t\t\t\t\t\t<\/li>\n\t\t\t\t\t\t\t\t<li class=\"elementor-icon-list-item elementor-inline-item\">\n\t\t\t\t\t\t\t\t\t\t\t<a href=\"https:\/\/www.instagram.com\/sushiya_sansaro\/?hl=de\" target=\"_blank\" rel=\"noopener\">\n\n\t\t\t\t\t\t\t\t\t\t\t\t<span class=\"elementor-icon-list-icon\">\n\t\t\t\t\t\t\t<i aria-hidden=\"true\" class=\"fab fa-instagram\"><\/i>\t\t\t\t\t\t<\/span>\n\t\t\t\t\t\t\t\t\t\t<span class=\"elementor-icon-list-text\">Instagram<\/span>\n\t\t\t\t\t\t\t\t\t\t\t<\/a>\n\t\t\t\t\t\t\t\t\t<\/li>\n\t\t\t\t\t\t\t\t<li class=\"elementor-icon-list-item elementor-inline-item\">\n\t\t\t\t\t\t\t\t\t\t\t<a href=\"https:\/\/www.tripadvisor.de\/Restaurant_Review-g187309-d1342726-Reviews-Sushiya_Sansaro-Munich_Upper_Bavaria_Bavaria.html\" target=\"_blank\" rel=\"noopener\">\n\n\t\t\t\t\t\t\t\t\t\t\t\t<span class=\"elementor-icon-list-icon\">\n\t\t\t\t\t\t\t<svg xmlns=\"http:\/\/www.w3.org\/2000\/svg\" xmlns:xlink=\"http:\/\/www.w3.org\/1999\/xlink\" width=\"152px\" height=\"92px\" viewBox=\"0 0 152 92\"><title>Tripadvisor-white-Element (1)<\/title><g id=\"Page-1\" stroke=\"none\" stroke-width=\"1\" fill=\"none\" fill-rule=\"evenodd\"><g id=\"Tripadvisor-white-Element-(1)\" transform=\"translate(1.000000, 1.000000)\" fill=\"#FFFFFF\" fill-rule=\"nonzero\" stroke=\"#FFFFFF\"><path d=\"M139.64,30.1 C149.64,27.62 149.64,20.1 149.64,20.1 L124.74,20.1 C109.82,5.24 94.89,0.23 75,0.23 C55.11,0.23 40.19,5.23 25.27,20.14 L0.4,20.14 C0.4,20.14 0.4,27.62 10.4,30.14 C8.27490829,33.1011627 6.40804903,36.2393598 4.82,39.52 C2.31,44.55 0.4,50.17 0.4,55 C0.4,75.51 14.71,89.8 35.22,89.8 C46.85,89.8 58.22,83.24 65.05,74.87 L75.05,89.8 L85.05,74.87 C91.86,83.24 103.25,89.8 114.88,89.8 C135.39,89.8 149.69,75.51 149.69,55 C149.69,50.43 147.98,45.1 145.69,40.22 C143.996579,36.6636423 141.97091,33.2752499 139.64,30.1 Z M35.22,79.8100405 C21.6872394,79.5385428 10.858573,68.4904829 10.858573,54.955 C10.858573,41.4195171 21.6872394,30.3714572 35.22,30.1 C38.9573869,30.106578 42.6441038,30.964988 46,32.61 C56.4439355,37.6407488 62.017015,49.2287603 59.4267864,60.5280938 C56.8365578,71.8274274 46.7724023,79.8308015 35.18,79.8100405 L35.22,79.8100405 Z M75,69.89 C75,55.57 68.41,41.27 59,31.69 C52.08,24.63 43.65,20.14 35.2,20.14 C35.2,20.14 50.12,5.22 74.98,5.22 C99.84,5.22 114.76,20.14 114.76,20.14 C106.28,20.14 97.76,24.68 90.86,31.81 C81.56,41.39 75,55.63 75,69.89 Z M114.78,79.8100082 C104.726387,79.8059413 95.6657261,73.744532 91.8249255,64.4534932 C87.9841249,55.1624545 90.1199948,44.4725378 97.2361259,37.3707191 C104.352257,30.2689004 115.046452,28.1545567 124.329739,32.014055 C133.613027,35.8735533 139.656182,44.9463992 139.640032,55 C139.623441,68.7148483 128.494854,79.8210526 114.78,79.8100082 L114.78,79.8100082 Z\" id=\"Shape\"><\/path><path d=\"M114.78,50 C112.018576,50 109.78,52.2385763 109.78,55 C109.78,57.7614237 112.018576,60 114.78,60 C117.541424,60 119.78,57.7614237 119.78,55 C119.78,52.2385763 117.541424,50 114.78,50 L114.78,50 Z\" id=\"Path\"><\/path><path d=\"M114.78,40 C106.543521,40 99.8629942,46.6703068 99.8501637,54.906776 C99.8373701,63.1432452 106.497113,69.8342126 114.733552,69.8600016 C122.969991,69.8856419 129.671383,63.2363886 129.710121,55 C129.725949,51.0290124 128.160334,47.215052 125.358974,44.4005576 C122.557614,41.5860633 118.751019,40.002626 114.78,40 Z M114.78,64.88 C110.729933,64.8799271 107.079832,62.4369623 105.535603,58.6928469 C103.991375,54.9487316 104.857987,50.6428867 107.730421,47.7876873 C110.602855,44.9324878 114.913837,44.0918038 118.648592,45.6585364 C122.383346,47.225269 124.8043,50.8900061 124.780181,54.94 C124.785362,57.5910544 123.732552,60.1346355 121.855155,62.0063997 C119.977759,63.8781638 117.431026,64.9233273 114.78,64.9101259 L114.78,64.88 Z\" id=\"Shape\"><\/path><path d=\"M35.22,50 C32.4585763,50 30.22,52.2385763 30.22,55 C30.22,57.7614237 32.4585763,60 35.22,60 C37.9814237,60 40.22,57.7614237 40.22,55 C40.22,52.2385763 37.9814237,50 35.22,50 Z\" id=\"Path\"><\/path><path d=\"M35.22,40 C26.9835208,40 20.3029942,46.6703068 20.2901637,54.906776 C20.2773701,63.1432452 26.937113,69.8342126 35.173552,69.8600016 C43.4099911,69.8856419 50.1113829,63.2363886 50.1501643,55 C50.1686222,51.0282033 48.6038693,47.2126915 45.8019303,44.3976154 C42.9999912,41.5825393 39.1918404,40 35.22,40 L35.22,40 Z M35.22,64.88 C31.1699332,64.8799271 27.5198318,62.4369623 25.9756033,58.6928469 C24.4313748,54.9487316 25.2979871,50.6428867 28.1704211,47.7876873 C31.0428552,44.9324878 35.3538374,44.0918038 39.0885918,45.6585364 C42.8233461,47.225269 45.2443004,50.8900061 45.2201813,54.94 C45.2253623,57.5910544 44.1725518,60.1346355 42.2951555,62.0063997 C40.4177591,63.8781638 37.8710263,64.9233273 35.22,64.9101259 L35.22,64.88 Z\" id=\"Shape\"><\/path><\/g><\/g><\/svg>\t\t\t\t\t\t<\/span>\n\t\t\t\t\t\t\t\t\t\t<span class=\"elementor-icon-list-text\">TripAdvisor<\/span>\n\t\t\t\t\t\t\t\t\t\t\t<\/a>\n\t\t\t\t\t\t\t\t\t<\/li>\n\t\t\t\t\t\t<\/ul>\n\t\t\t\t\t\t<\/div>\n\t\t\t\t<\/div>\n\t\t\t\t\t<\/div>\n\t\t<\/div>\n\t\t\t\t\t<\/div>\n\t\t<\/section>\n\t\t\t\t<section class=\"elementor-section elementor-top-section elementor-element elementor-element-6c0ebef elementor-section-boxed elementor-section-height-default elementor-section-height-default\" data-id=\"6c0ebef\" data-element_type=\"section\" data-e-type=\"section\">\n\t\t\t\t\t\t<div class=\"elementor-container elementor-column-gap-default\">\n\t\t\t\t\t<div class=\"elementor-column elementor-col-100 elementor-top-column elementor-element elementor-element-5d4f15e\" data-id=\"5d4f15e\" data-element_type=\"column\" data-e-type=\"column\">\n\t\t\t<div class=\"elementor-widget-wrap elementor-element-populated\">\n\t\t\t\t\t\t<div class=\"elementor-element elementor-element-995f735 elementor-grid-3 elementor-grid-tablet-2 elementor-grid-mobile-1 elementor-posts--thumbnail-top elementor-posts__hover-gradient elementor-widget elementor-widget-posts\" data-id=\"995f735\" data-element_type=\"widget\" data-e-type=\"widget\" data-settings=\"{&quot;cards_row_gap&quot;:{&quot;unit&quot;:&quot;px&quot;,&quot;size&quot;:40,&quot;sizes&quot;:[]},&quot;cards_columns&quot;:&quot;3&quot;,&quot;cards_columns_tablet&quot;:&quot;2&quot;,&quot;cards_columns_mobile&quot;:&quot;1&quot;,&quot;cards_row_gap_tablet&quot;:{&quot;unit&quot;:&quot;px&quot;,&quot;size&quot;:&quot;&quot;,&quot;sizes&quot;:[]},&quot;cards_row_gap_mobile&quot;:{&quot;unit&quot;:&quot;px&quot;,&quot;size&quot;:&quot;&quot;,&quot;sizes&quot;:[]}}\" data-widget_type=\"posts.cards\">\n\t\t\t\t<div class=\"elementor-widget-container\">\n\t\t\t\t\t\t\t<div class=\"elementor-posts-container elementor-posts elementor-posts--skin-cards elementor-grid\" role=\"list\">\n\t\t\t\t<article class=\"elementor-post elementor-grid-item post-19030 post type-post status-publish format-standard has-post-thumbnail hentry category-sake-tasting\" role=\"listitem\">\n\t\t\t<div class=\"elementor-post__card\">\n\t\t\t\t<a class=\"elementor-post__thumbnail__link\" href=\"https:\/\/www.sushiya.de\/en\/events\/sake-tasting\/sake-tasting-event-am-1-november-2018-mit-yoshiko-ueno-mueller\/\" tabindex=\"-1\"><div class=\"elementor-post__thumbnail\"><img fetchpriority=\"high\" decoding=\"async\" width=\"275\" height=\"300\" src=\"https:\/\/www.sushiya.de\/wp-content\/uploads\/sansaro\/events\/sake-tasting\/Sushiya-Blog-Sake-Tasting-Event-November-2018-Titelbild-275x300.jpg\" class=\"attachment-medium size-medium wp-image-38463\" alt=\"Sake Tasting im Sushiya Sushi Restaurant M\u00fcnchen\" srcset=\"https:\/\/www.sushiya.de\/wp-content\/uploads\/sansaro\/events\/sake-tasting\/Sushiya-Blog-Sake-Tasting-Event-November-2018-Titelbild-275x300.jpg 275w, https:\/\/www.sushiya.de\/wp-content\/uploads\/sansaro\/events\/sake-tasting\/Sushiya-Blog-Sake-Tasting-Event-November-2018-Titelbild.jpg 549w\" sizes=\"(max-width: 275px) 100vw, 275px\" \/><\/div><\/a>\n\t\t\t\t<div class=\"elementor-post__text\">\n\t\t\t\t<h6 class=\"elementor-post__title\">\n\t\t\t<a href=\"https:\/\/www.sushiya.de\/en\/events\/sake-tasting\/sake-tasting-event-am-1-november-2018-mit-yoshiko-ueno-mueller\/\">\n\t\t\t\tSake Tasting Event am 1. November 2018 mit Yoshiko Ueno-M\u00fcller\t\t\t<\/a>\n\t\t<\/h6>\n\t\t\t\t<div class=\"elementor-post__excerpt\">\n\t\t\t<p>Unsere Tasting-Events erfreuen sich seit gut zwei Jahren gr\u00f6\u00dfter Beliebtheit &#8211; wir verkn\u00fcpfen feine japanische Getr\u00e4nke mit exklusiven H\u00e4ppchen. Am<\/p>\n\t\t<\/div>\n\t\t\t\t<\/div>\n\t\t\t\t<div class=\"elementor-post__meta-data\">\n\t\t\t\t\t<span class=\"elementor-post-date\">\n\t\t\t17. October 2018\t\t<\/span>\n\t\t\t\t<\/div>\n\t\t\t\t\t<\/div>\n\t\t<\/article>\n\t\t\t\t<article class=\"elementor-post elementor-grid-item post-24314 post type-post status-publish format-standard has-post-thumbnail hentry category-sake-tasting\" role=\"listitem\">\n\t\t\t<div class=\"elementor-post__card\">\n\t\t\t\t<a class=\"elementor-post__thumbnail__link\" href=\"https:\/\/www.sushiya.de\/en\/events\/sake-tasting\/sake-tasting-event-mai-2019\/\" tabindex=\"-1\"><div class=\"elementor-post__thumbnail\"><img decoding=\"async\" width=\"200\" height=\"300\" src=\"https:\/\/www.sushiya.de\/wp-content\/uploads\/Sushiya-Blog-Sake-Tasting-Mai-2019-Titelbild-200x300.jpg\" class=\"attachment-medium size-medium wp-image-38218\" alt=\"Sake Tasting im Sushiya Sushi Restaurant M\u00fcnchen\" srcset=\"https:\/\/www.sushiya.de\/wp-content\/uploads\/Sushiya-Blog-Sake-Tasting-Mai-2019-Titelbild-200x300.jpg 200w, https:\/\/www.sushiya.de\/wp-content\/uploads\/Sushiya-Blog-Sake-Tasting-Mai-2019-Titelbild.jpg 600w\" sizes=\"(max-width: 200px) 100vw, 200px\" \/><\/div><\/a>\n\t\t\t\t<div class=\"elementor-post__text\">\n\t\t\t\t<h6 class=\"elementor-post__title\">\n\t\t\t<a href=\"https:\/\/www.sushiya.de\/en\/events\/sake-tasting\/sake-tasting-event-mai-2019\/\">\n\t\t\t\tSake Tasting Event am 5. Mai 2019 im Restaurant sansaro\t\t\t<\/a>\n\t\t<\/h6>\n\t\t\t\t<div class=\"elementor-post__excerpt\">\n\t\t\t<p>Unser K\u00fcchenteam ist schon fleissig am Vorbereiten f\u00fcr das Sake Tasting im Restaurant sansaro in M\u00fcnchen am 5. Mai 2019<\/p>\n\t\t<\/div>\n\t\t\t\t<\/div>\n\t\t\t\t<div class=\"elementor-post__meta-data\">\n\t\t\t\t\t<span class=\"elementor-post-date\">\n\t\t\t6. April 2019\t\t<\/span>\n\t\t\t\t<\/div>\n\t\t\t\t\t<\/div>\n\t\t<\/article>\n\t\t\t\t<article class=\"elementor-post elementor-grid-item post-47905 post type-post status-publish format-standard has-post-thumbnail hentry category-sake-tasting category-events category-template-neu\" role=\"listitem\">\n\t\t\t<div class=\"elementor-post__card\">\n\t\t\t\t<a class=\"elementor-post__thumbnail__link\" href=\"https:\/\/www.sushiya.de\/en\/events\/sake-tasting\/mini-sake-tasting-17-03-2022\/\" tabindex=\"-1\"><div class=\"elementor-post__thumbnail\"><img decoding=\"async\" width=\"300\" height=\"187\" src=\"https:\/\/www.sushiya.de\/wp-content\/uploads\/sansaro\/events\/individual-events\/sake-tasting-individual-img_7001-1536px-300x187.jpg\" class=\"attachment-medium size-medium wp-image-47840\" alt=\"\" srcset=\"https:\/\/www.sushiya.de\/wp-content\/uploads\/sansaro\/events\/individual-events\/sake-tasting-individual-img_7001-1536px-300x187.jpg 300w, https:\/\/www.sushiya.de\/wp-content\/uploads\/sansaro\/events\/individual-events\/sake-tasting-individual-img_7001-1536px-600x375.jpg 600w, https:\/\/www.sushiya.de\/wp-content\/uploads\/sansaro\/events\/individual-events\/sake-tasting-individual-img_7001-1536px-1024x639.jpg 1024w, https:\/\/www.sushiya.de\/wp-content\/uploads\/sansaro\/events\/individual-events\/sake-tasting-individual-img_7001-1536px-768x480.jpg 768w, https:\/\/www.sushiya.de\/wp-content\/uploads\/sansaro\/events\/individual-events\/sake-tasting-individual-img_7001-1536px-18x12.jpg 18w, https:\/\/www.sushiya.de\/wp-content\/uploads\/sansaro\/events\/individual-events\/sake-tasting-individual-img_7001-1536px.jpg 1536w\" sizes=\"(max-width: 300px) 100vw, 300px\" \/><\/div><\/a>\n\t\t\t\t<div class=\"elementor-post__text\">\n\t\t\t\t<h6 class=\"elementor-post__title\">\n\t\t\t<a href=\"https:\/\/www.sushiya.de\/en\/events\/sake-tasting\/mini-sake-tasting-17-03-2022\/\">\n\t\t\t\tMini Sake Tasting 17. M\u00e4rz 2022\t\t\t<\/a>\n\t\t<\/h6>\n\t\t\t\t<div class=\"elementor-post__excerpt\">\n\t\t\t<p>Am 17. M\u00e4rz hatten wir die Gelegenheit, den Abschluss eines Workshop-Tages von einer kleinen, aber feinen Business-Gruppe mit einem kleinen,<\/p>\n\t\t<\/div>\n\t\t\t\t<\/div>\n\t\t\t\t<div class=\"elementor-post__meta-data\">\n\t\t\t\t\t<span class=\"elementor-post-date\">\n\t\t\t22. March 2022\t\t<\/span>\n\t\t\t\t<\/div>\n\t\t\t\t\t<\/div>\n\t\t<\/article>\n\t\t\t\t<\/div>\n\t\t\n\t\t\t\t\t\t<\/div>\n\t\t\t\t<\/div>\n\t\t\t\t\t<\/div>\n\t\t<\/div>\n\t\t\t\t\t<\/div>\n\t\t<\/section>\n\t\t\t\t<\/div>\n\t\t","protected":false},"excerpt":{"rendered":"<p>Junmai Ginj\u014d Inhaltsverzeichnis Japanischer Sake kann zu einer Vielzahl von Anl\u00e4ssen und Gelegenheiten getrunken werden. Die verschiedenen Sake-Klassen oder -Kategorien geben einen Aufschluss dar\u00fcber, was sich wof\u00fcr eignet. Junmai Ginj\u014d ist einer der zwei Sake-Typen der mittleren Premium-Kategorie. Was bedeutet Junmai Ginj\u014d? Der Begriff Junmai Ginj\u014d (\u7d14\u7c73\u541f\u91b8) setzt sich aus dem Wort \u201eReis Pur\u201c und [&hellip;]<\/p>\n","protected":false},"author":4,"featured_media":47173,"parent":46512,"menu_order":13,"comment_status":"closed","ping_status":"closed","template":"","meta":{"footnotes":""},"categories":[178],"tags":[],"class_list":["post-46575","page","type-page","status-publish","has-post-thumbnail","hentry","category-sake"],"jetpack_sharing_enabled":true,"_links":{"self":[{"href":"https:\/\/www.sushiya.de\/en\/wp-json\/wp\/v2\/pages\/46575","targetHints":{"allow":["GET"]}}],"collection":[{"href":"https:\/\/www.sushiya.de\/en\/wp-json\/wp\/v2\/pages"}],"about":[{"href":"https:\/\/www.sushiya.de\/en\/wp-json\/wp\/v2\/types\/page"}],"author":[{"embeddable":true,"href":"https:\/\/www.sushiya.de\/en\/wp-json\/wp\/v2\/users\/4"}],"replies":[{"embeddable":true,"href":"https:\/\/www.sushiya.de\/en\/wp-json\/wp\/v2\/comments?post=46575"}],"version-history":[{"count":16,"href":"https:\/\/www.sushiya.de\/en\/wp-json\/wp\/v2\/pages\/46575\/revisions"}],"predecessor-version":[{"id":47200,"href":"https:\/\/www.sushiya.de\/en\/wp-json\/wp\/v2\/pages\/46575\/revisions\/47200"}],"up":[{"embeddable":true,"href":"https:\/\/www.sushiya.de\/en\/wp-json\/wp\/v2\/pages\/46512"}],"wp:featuredmedia":[{"embeddable":true,"href":"https:\/\/www.sushiya.de\/en\/wp-json\/wp\/v2\/media\/47173"}],"wp:attachment":[{"href":"https:\/\/www.sushiya.de\/en\/wp-json\/wp\/v2\/media?parent=46575"}],"wp:term":[{"taxonomy":"category","embeddable":true,"href":"https:\/\/www.sushiya.de\/en\/wp-json\/wp\/v2\/categories?post=46575"},{"taxonomy":"post_tag","embeddable":true,"href":"https:\/\/www.sushiya.de\/en\/wp-json\/wp\/v2\/tags?post=46575"}],"curies":[{"name":"wp","href":"https:\/\/api.w.org\/{rel}","templated":true}]}}