{"id":57309,"date":"2023-04-28T12:34:22","date_gmt":"2023-04-28T10:34:22","guid":{"rendered":"https:\/\/www.sushiya.de\/?page_id=57309"},"modified":"2023-06-30T14:21:10","modified_gmt":"2023-06-30T12:21:10","slug":"katsuyama","status":"publish","type":"page","link":"https:\/\/www.sushiya.de\/en\/sake\/sake-sorten\/katsuyama\/","title":{"rendered":"Katsuyama"},"content":{"rendered":"<div data-elementor-type=\"wp-page\" data-elementor-id=\"57309\" class=\"elementor elementor-57309\" data-elementor-post-type=\"page\">\n\t\t\t\t\t\t<section class=\"elementor-section elementor-top-section elementor-element elementor-element-26712e9 elementor-section-boxed elementor-section-height-default elementor-section-height-default\" data-id=\"26712e9\" data-element_type=\"section\" data-e-type=\"section\">\n\t\t\t\t\t\t<div class=\"elementor-container elementor-column-gap-default\">\n\t\t\t\t\t<div class=\"elementor-column elementor-col-100 elementor-top-column elementor-element elementor-element-665d49d\" data-id=\"665d49d\" data-element_type=\"column\" data-e-type=\"column\">\n\t\t\t<div class=\"elementor-widget-wrap elementor-element-populated\">\n\t\t\t\t\t\t<div class=\"elementor-element elementor-element-fcc2aec text-edit elementor-widget elementor-widget-text-editor\" data-id=\"fcc2aec\" data-element_type=\"widget\" data-e-type=\"widget\" data-widget_type=\"text-editor.default\">\n\t\t\t\t<div class=\"elementor-widget-container\">\n\t\t\t\t\t\t\t\t\t<p>There is a great variety of <a href=\"https:\/\/www.sushiya.de\/en\/sake\/sake-sorten\/\" target=\"_blank\" rel=\"noopener\">Japanese sake breweries and varieties<\/a>.<\/p><p>Here we report on a brewery that produces extremely exclusive <a href=\"https:\/\/www.sushiya.de\/en\/sake\/\" target=\"_blank\" rel=\"noopener\">Sake<\/a> produces and which, in our opinion, is suitable for beginners and advanced sake lovers alike.<\/p>\t\t\t\t\t\t\t\t<\/div>\n\t\t\t\t<\/div>\n\t\t\t\t\t<\/div>\n\t\t<\/div>\n\t\t\t\t\t<\/div>\n\t\t<\/section>\n\t\t\t\t<section class=\"elementor-section elementor-top-section elementor-element elementor-element-320533d elementor-section-boxed elementor-section-height-default elementor-section-height-default\" data-id=\"320533d\" data-element_type=\"section\" data-e-type=\"section\">\n\t\t\t\t\t\t<div class=\"elementor-container elementor-column-gap-default\">\n\t\t\t\t\t<div class=\"elementor-column elementor-col-100 elementor-top-column elementor-element elementor-element-bcb9e33\" data-id=\"bcb9e33\" data-element_type=\"column\" data-e-type=\"column\">\n\t\t\t<div class=\"elementor-widget-wrap elementor-element-populated\">\n\t\t\t\t\t\t<div class=\"elementor-element elementor-element-fd2bb87 title-h2 elementor-widget elementor-widget-heading\" data-id=\"fd2bb87\" data-element_type=\"widget\" data-e-type=\"widget\" data-widget_type=\"heading.default\">\n\t\t\t\t<div class=\"elementor-widget-container\">\n\t\t\t\t\t<h2 class=\"elementor-heading-title elementor-size-default\">Katsuyama - a princely sake brewery<\/h2>\t\t\t\t<\/div>\n\t\t\t\t<\/div>\n\t\t\t\t\t<\/div>\n\t\t<\/div>\n\t\t\t\t\t<\/div>\n\t\t<\/section>\n\t\t\t\t<section class=\"elementor-section elementor-top-section elementor-element elementor-element-c4299cd elementor-section-boxed elementor-section-height-default elementor-section-height-default\" data-id=\"c4299cd\" data-element_type=\"section\" data-e-type=\"section\">\n\t\t\t\t\t\t<div class=\"elementor-container elementor-column-gap-default\">\n\t\t\t\t\t<div class=\"elementor-column elementor-col-100 elementor-top-column elementor-element elementor-element-bc86dac\" data-id=\"bc86dac\" data-element_type=\"column\" data-e-type=\"column\">\n\t\t\t<div class=\"elementor-widget-wrap elementor-element-populated\">\n\t\t\t\t\t\t<div class=\"elementor-element elementor-element-e863aba text-edit elementor-widget elementor-widget-text-editor\" data-id=\"e863aba\" data-element_type=\"widget\" data-e-type=\"widget\" data-widget_type=\"text-editor.default\">\n\t\t\t\t<div class=\"elementor-widget-container\">\n\t\t\t\t\t\t\t\t\t<p>The name \"Katsuyama\" (\u52dd\u5c71) literally means \"mountain of victory\" and is a very auspicious name. The reason why this brewery has such a proud name has to do with its history.<\/p><p>Katsuyama began brewing sake more than 300 years ago on behalf of Date Masamune, one of the most important samurai of wartime Japan, and established itself as a brewery serving the Date family.\u00a0<\/p><p>The bottles of Katsuyama Sake therefore have an impressive design with an engraving of the armor of the Date clan which evokes a direct memory of the noble and brave Japanese samurai.<\/p>\t\t\t\t\t\t\t\t<\/div>\n\t\t\t\t<\/div>\n\t\t\t\t\t<\/div>\n\t\t<\/div>\n\t\t\t\t\t<\/div>\n\t\t<\/section>\n\t\t\t\t<section class=\"elementor-section elementor-top-section elementor-element elementor-element-fcd8508 elementor-section-boxed elementor-section-height-default elementor-section-height-default\" data-id=\"fcd8508\" data-element_type=\"section\" data-e-type=\"section\">\n\t\t\t\t\t\t<div class=\"elementor-container elementor-column-gap-default\">\n\t\t\t\t\t<div class=\"elementor-column elementor-col-100 elementor-top-column elementor-element elementor-element-55a8097\" data-id=\"55a8097\" data-element_type=\"column\" data-e-type=\"column\">\n\t\t\t<div class=\"elementor-widget-wrap elementor-element-populated\">\n\t\t\t\t\t\t<div class=\"elementor-element elementor-element-bcb4c7b title-h3 elementor-widget elementor-widget-heading\" data-id=\"bcb4c7b\" data-element_type=\"widget\" data-e-type=\"widget\" data-widget_type=\"heading.default\">\n\t\t\t\t<div class=\"elementor-widget-container\">\n\t\t\t\t\t<h3 class=\"elementor-heading-title elementor-size-default\">Where is the Katsuyama Brewery located?<\/h3>\t\t\t\t<\/div>\n\t\t\t\t<\/div>\n\t\t\t\t<div class=\"elementor-element elementor-element-faa1488 text-edit elementor-widget elementor-widget-text-editor\" data-id=\"faa1488\" data-element_type=\"widget\" data-e-type=\"widget\" data-widget_type=\"text-editor.default\">\n\t\t\t\t<div class=\"elementor-widget-container\">\n\t\t\t\t\t\t\t\t\t<p>This princely brewery is located in Miyagi Prefecture in Japan's T\u014dhoku region, 300 km north of T\u014dky\u014d, in an area rich in natural beauty, with the Pacific Ocean to the east and the Ou Mountains to the west.\u00a0<\/p><p>About 15 years ago, Katsuyama moved its headquarters from the city center to the foot of Mount Izumigatake in search of valuable water.<\/p><p>Sake consists of 80 percent water, so the <a href=\"https:\/\/www.sushiya.de\/en\/sake\/sake-herstellung\/wasser\/\" target=\"_blank\" rel=\"noopener\">Quality of water very important for the taste of sake<\/a>. Izumigatake water is soft and rich in natural silica, which is also said to have positive effects on beauty and health.\u00a0<\/p><p>In addition, beautiful rice fields stretch between the brewery and the mountains. In typical Japanese advertising euphoria, Miyagi likes to call itself the \"land of rice\" - and after all, the prefecture is the fifth-largest rice producer in the country.<\/p>\t\t\t\t\t\t\t\t<\/div>\n\t\t\t\t<\/div>\n\t\t\t\t\t<\/div>\n\t\t<\/div>\n\t\t\t\t\t<\/div>\n\t\t<\/section>\n\t\t\t\t<section class=\"elementor-section elementor-top-section elementor-element elementor-element-39e80c1 elementor-section-boxed elementor-section-height-default elementor-section-height-default\" data-id=\"39e80c1\" data-element_type=\"section\" data-e-type=\"section\">\n\t\t\t\t\t\t<div class=\"elementor-container elementor-column-gap-default\">\n\t\t\t\t\t<div class=\"elementor-column elementor-col-100 elementor-top-column elementor-element elementor-element-b189f11\" data-id=\"b189f11\" data-element_type=\"column\" data-e-type=\"column\">\n\t\t\t<div class=\"elementor-widget-wrap elementor-element-populated\">\n\t\t\t\t\t\t<div class=\"elementor-element elementor-element-d3ef972 title-h3 elementor-widget elementor-widget-heading\" data-id=\"d3ef972\" data-element_type=\"widget\" data-e-type=\"widget\" data-widget_type=\"heading.default\">\n\t\t\t\t<div class=\"elementor-widget-container\">\n\t\t\t\t\t<h3 class=\"elementor-heading-title elementor-size-default\">What distinguishes Katsuyama sake?<\/h3>\t\t\t\t<\/div>\n\t\t\t\t<\/div>\n\t\t\t\t\t<\/div>\n\t\t<\/div>\n\t\t\t\t\t<\/div>\n\t\t<\/section>\n\t\t\t\t<section class=\"elementor-section elementor-top-section elementor-element elementor-element-d5a4886 elementor-section-boxed elementor-section-height-default elementor-section-height-default\" data-id=\"d5a4886\" data-element_type=\"section\" data-e-type=\"section\">\n\t\t\t\t\t\t<div class=\"elementor-container elementor-column-gap-default\">\n\t\t\t\t\t<div class=\"elementor-column elementor-col-100 elementor-top-column elementor-element elementor-element-2da6921\" data-id=\"2da6921\" data-element_type=\"column\" data-e-type=\"column\">\n\t\t\t<div class=\"elementor-widget-wrap elementor-element-populated\">\n\t\t\t\t\t\t<div class=\"elementor-element elementor-element-364add6 text-edit elementor-widget elementor-widget-text-editor\" data-id=\"364add6\" data-element_type=\"widget\" data-e-type=\"widget\" data-widget_type=\"text-editor.default\">\n\t\t\t\t<div class=\"elementor-widget-container\">\n\t\t\t\t\t\t\t\t\t<p>Katsuyama is a so-called luxury boutique, which is quite different from the sake breweries that produce mass products.\u00a0<\/p><p>A very limited amount of sake, only one tank per week, is brewed with extreme care, using high quality ingredients, traditional techniques and state-of-the-art technology.\u00a0<\/p><p>Katsuyama also presents itself as a pioneer in the production of sake with \"pure umami\" that goes well with any cuisine - in other words, full-bodied sake that can also be paired well with international cuisine. This is a trend that is beginning to take hold in the world of sake, and indeed, for example, an intensely sweet sake such as \"Lei\" or \"Gen\" is excellent for food pairing with European cuisine.<\/p><p>Always settled in the premium range, Katsuyama also offers a great entry-level sake in Germany with the \"En\", above which is the \"Ken\". The product range is rounded off by the \"Den\" and the extremely expensive \"Diamond\".<\/p>\t\t\t\t\t\t\t\t<\/div>\n\t\t\t\t<\/div>\n\t\t\t\t\t<\/div>\n\t\t<\/div>\n\t\t\t\t\t<\/div>\n\t\t<\/section>\n\t\t\t\t<\/div>","protected":false},"excerpt":{"rendered":"<p>Es gibt eine gro\u00dfe Vielfalt an Brauereien und Sorten von japanischem Sake. Hier berichten wir \u00fcber eine Brauerei, die extrem exklusive Sake herstellt und die unserer Meinung nach f\u00fcr Einsteiger und Fortgeschrittene Sake-Liebhaber gleichermassen geeignet ist. Katsuyama &#8211; eine f\u00fcrstliche Sake-Brauerei Der Name \u201eKatsuyama\u201c (\u52dd\u5c71) bedeutet w\u00f6rtlich \u201eBerg des Sieges\u201c und ist ein sehr verhei\u00dfungsvoller [&hellip;]<\/p>\n","protected":false},"author":2,"featured_media":0,"parent":49124,"menu_order":0,"comment_status":"closed","ping_status":"closed","template":"","meta":{"footnotes":""},"categories":[178,133],"tags":[],"class_list":["post-57309","page","type-page","status-publish","hentry","category-sake","category-template-neu"],"jetpack_sharing_enabled":true,"_links":{"self":[{"href":"https:\/\/www.sushiya.de\/en\/wp-json\/wp\/v2\/pages\/57309","targetHints":{"allow":["GET"]}}],"collection":[{"href":"https:\/\/www.sushiya.de\/en\/wp-json\/wp\/v2\/pages"}],"about":[{"href":"https:\/\/www.sushiya.de\/en\/wp-json\/wp\/v2\/types\/page"}],"author":[{"embeddable":true,"href":"https:\/\/www.sushiya.de\/en\/wp-json\/wp\/v2\/users\/2"}],"replies":[{"embeddable":true,"href":"https:\/\/www.sushiya.de\/en\/wp-json\/wp\/v2\/comments?post=57309"}],"version-history":[{"count":20,"href":"https:\/\/www.sushiya.de\/en\/wp-json\/wp\/v2\/pages\/57309\/revisions"}],"predecessor-version":[{"id":57945,"href":"https:\/\/www.sushiya.de\/en\/wp-json\/wp\/v2\/pages\/57309\/revisions\/57945"}],"up":[{"embeddable":true,"href":"https:\/\/www.sushiya.de\/en\/wp-json\/wp\/v2\/pages\/49124"}],"wp:attachment":[{"href":"https:\/\/www.sushiya.de\/en\/wp-json\/wp\/v2\/media?parent=57309"}],"wp:term":[{"taxonomy":"category","embeddable":true,"href":"https:\/\/www.sushiya.de\/en\/wp-json\/wp\/v2\/categories?post=57309"},{"taxonomy":"post_tag","embeddable":true,"href":"https:\/\/www.sushiya.de\/en\/wp-json\/wp\/v2\/tags?post=57309"}],"curies":[{"name":"wp","href":"https:\/\/api.w.org\/{rel}","templated":true}]}}