{"id":57411,"date":"2023-04-30T12:16:40","date_gmt":"2023-04-30T10:16:40","guid":{"rendered":"https:\/\/www.sushiya.de\/?page_id=57411"},"modified":"2023-06-30T14:24:46","modified_gmt":"2023-06-30T12:24:46","slug":"matsuse","status":"publish","type":"page","link":"https:\/\/www.sushiya.de\/en\/sake\/sake-sorten\/matsuse\/","title":{"rendered":"Matsuse"},"content":{"rendered":"<div data-elementor-type=\"wp-page\" data-elementor-id=\"57411\" class=\"elementor elementor-57411\" data-elementor-post-type=\"page\">\n\t\t\t\t\t\t<section class=\"elementor-section elementor-top-section elementor-element elementor-element-dddd4bc elementor-section-boxed elementor-section-height-default elementor-section-height-default\" data-id=\"dddd4bc\" data-element_type=\"section\" data-e-type=\"section\">\n\t\t\t\t\t\t<div class=\"elementor-container elementor-column-gap-default\">\n\t\t\t\t\t<div class=\"elementor-column elementor-col-100 elementor-top-column elementor-element elementor-element-5e7b9e2\" data-id=\"5e7b9e2\" data-element_type=\"column\" data-e-type=\"column\">\n\t\t\t<div class=\"elementor-widget-wrap elementor-element-populated\">\n\t\t\t\t\t\t<div class=\"elementor-element elementor-element-e5f61b4 title-h2 elementor-widget elementor-widget-heading\" data-id=\"e5f61b4\" data-element_type=\"widget\" data-e-type=\"widget\" data-widget_type=\"heading.default\">\n\t\t\t\t<div class=\"elementor-widget-container\">\n\t\t\t\t\t<h2 class=\"elementor-heading-title elementor-size-default\">The sake brewery Matsuse<\/h2>\t\t\t\t<\/div>\n\t\t\t\t<\/div>\n\t\t\t\t\t<\/div>\n\t\t<\/div>\n\t\t\t\t\t<\/div>\n\t\t<\/section>\n\t\t\t\t<section class=\"elementor-section elementor-top-section elementor-element elementor-element-72ec057 elementor-section-boxed elementor-section-height-default elementor-section-height-default\" data-id=\"72ec057\" data-element_type=\"section\" data-e-type=\"section\">\n\t\t\t\t\t\t<div class=\"elementor-container elementor-column-gap-default\">\n\t\t\t\t\t<div class=\"elementor-column elementor-col-100 elementor-top-column elementor-element elementor-element-a03260d\" data-id=\"a03260d\" data-element_type=\"column\" data-e-type=\"column\">\n\t\t\t<div class=\"elementor-widget-wrap elementor-element-populated\">\n\t\t\t\t\t\t<div class=\"elementor-element elementor-element-75d43d4 text-edit elementor-widget elementor-widget-text-editor\" data-id=\"75d43d4\" data-element_type=\"widget\" data-e-type=\"widget\" data-widget_type=\"text-editor.default\">\n\t\t\t\t<div class=\"elementor-widget-container\">\n\t\t\t\t\t\t\t\t\t<p>Matsuse Brewery, whose history dates back to 1860, attaches particular importance to the <a href=\"https:\/\/www.sushiya.de\/en\/sake\/sake-herstellung\/reis\/\" target=\"_blank\" rel=\"noopener\">Raw material rice<\/a> and on the environment in which it grows.<span class=\"Apple-converted-space\">\u00a0<\/span><\/p><p>She decided to work with local farmers to grow the best sake rice in her hometown of Ryu\u014d. The famous Yamadanishiki sake rice variety was brought from the legendary T\u014dj\u014d region in western Hy\u014dgo, and the difficult task for the brewery and farmers began.<span class=\"Apple-converted-space\">\u00a0<\/span><\/p><p>Since then, the brewery has pioneered old and new rice farming techniques, eliminating the use of chemicals and fertilizers and leaving fields flooded and uncultivated in winter to encourage microbial growth and biodiversity.<span class=\"Apple-converted-space\">\u00a0<\/span><\/p><p>The sake rice grown in this way is the basis for the sake produced by the Matsuse Brewery.<\/p><p>The brewmaster has a clear idea of what his sake should be like. Sake that tastes as natural as the air and water surrounding the brewery.<\/p><p>From the brewery Matsuse we had from circa 2020-2023 the sake <a href=\"https:\/\/www.sushiya.de\/en\/sake-artikel\/daiginjo-azolla-50\/\" target=\"_blank\" rel=\"noopener\">Azolla 50<\/a> in the program.\u00a0<\/p>\t\t\t\t\t\t\t\t<\/div>\n\t\t\t\t<\/div>\n\t\t\t\t\t<\/div>\n\t\t<\/div>\n\t\t\t\t\t<\/div>\n\t\t<\/section>\n\t\t\t\t<\/div>","protected":false},"excerpt":{"rendered":"<p>Die Sake Brauerei Matsuse Die Brauerei Matsuse, deren Geschichte bis ins Jahr 1860 zur\u00fcckreicht, legt besonderen Wert auf den Rohstoff Reis und auf die Umwelt, in der er w\u00e4chst. Sie beschloss, mit den \u00f6rtlichen Landwirten zusammenzuarbeiten, um in ihrer Heimatstadt Ryu\u014d den besten Sake-Reis anzubauen. Die bekannte Sake Reissorte Yamadanishiki wurde aus der legend\u00e4ren T\u014dj\u014d-Region [&hellip;]<\/p>\n","protected":false},"author":2,"featured_media":0,"parent":49124,"menu_order":0,"comment_status":"closed","ping_status":"closed","template":"","meta":{"footnotes":""},"categories":[178,133],"tags":[],"class_list":["post-57411","page","type-page","status-publish","hentry","category-sake","category-template-neu"],"jetpack_sharing_enabled":true,"_links":{"self":[{"href":"https:\/\/www.sushiya.de\/en\/wp-json\/wp\/v2\/pages\/57411","targetHints":{"allow":["GET"]}}],"collection":[{"href":"https:\/\/www.sushiya.de\/en\/wp-json\/wp\/v2\/pages"}],"about":[{"href":"https:\/\/www.sushiya.de\/en\/wp-json\/wp\/v2\/types\/page"}],"author":[{"embeddable":true,"href":"https:\/\/www.sushiya.de\/en\/wp-json\/wp\/v2\/users\/2"}],"replies":[{"embeddable":true,"href":"https:\/\/www.sushiya.de\/en\/wp-json\/wp\/v2\/comments?post=57411"}],"version-history":[{"count":5,"href":"https:\/\/www.sushiya.de\/en\/wp-json\/wp\/v2\/pages\/57411\/revisions"}],"predecessor-version":[{"id":57416,"href":"https:\/\/www.sushiya.de\/en\/wp-json\/wp\/v2\/pages\/57411\/revisions\/57416"}],"up":[{"embeddable":true,"href":"https:\/\/www.sushiya.de\/en\/wp-json\/wp\/v2\/pages\/49124"}],"wp:attachment":[{"href":"https:\/\/www.sushiya.de\/en\/wp-json\/wp\/v2\/media?parent=57411"}],"wp:term":[{"taxonomy":"category","embeddable":true,"href":"https:\/\/www.sushiya.de\/en\/wp-json\/wp\/v2\/categories?post=57411"},{"taxonomy":"post_tag","embeddable":true,"href":"https:\/\/www.sushiya.de\/en\/wp-json\/wp\/v2\/tags?post=57411"}],"curies":[{"name":"wp","href":"https:\/\/api.w.org\/{rel}","templated":true}]}}