{"id":11537,"date":"2020-03-02T15:11:56","date_gmt":"2016-05-13T09:51:44","guid":{"rendered":"http:\/\/www.sushiya.de\/?page_id=11537"},"modified":"2022-08-25T12:29:49","modified_gmt":"2022-08-25T10:29:49","slug":"%e5%88%b7%e3%82%8a%e8%be%bc%e3%82%80","status":"publish","type":"page","link":"https:\/\/www.sushiya.de\/ja\/impressum\/","title":{"rendered":"\u5237\u308a\u8fbc\u307f"},"content":{"rendered":"<div data-elementor-type=\"wp-page\" data-elementor-id=\"11537\" class=\"elementor elementor-11537\" data-elementor-post-type=\"page\">\n\t\t\t\t\t\t<section class=\"elementor-section elementor-top-section elementor-element elementor-element-61830be3 elementor-section-boxed elementor-section-height-default elementor-section-height-default\" data-id=\"61830be3\" data-element_type=\"section\" data-e-type=\"section\">\n\t\t\t\t\t\t<div class=\"elementor-container elementor-column-gap-default\">\n\t\t\t\t\t<div class=\"elementor-column elementor-col-100 elementor-top-column elementor-element elementor-element-61100593\" data-id=\"61100593\" data-element_type=\"column\" data-e-type=\"column\">\n\t\t\t<div class=\"elementor-widget-wrap elementor-element-populated\">\n\t\t\t\t\t\t<div class=\"elementor-element elementor-element-3f4019d1 elementor-widget elementor-widget-text-editor\" data-id=\"3f4019d1\" data-element_type=\"widget\" data-e-type=\"widget\" data-widget_type=\"text-editor.default\">\n\t\t\t\t<div class=\"elementor-widget-container\">\n\t\t\t\t\t\t\t\t\t<p>\u65e5\u672c\u6599\u7406\u306e\u5473\u3068\u5fc3\u3092\u3001\u3053\u3053\u30df\u30e5\u30f3\u30d8\u30f3\u3067\u3082\u300d\u3092\u4fe1\u6761\u306b\u3001\u548c\u98df\u6599\u7406\u4eba\u4e00\u540c\u3001\u305d\u306e\u6280\u3068\u5473\u3092\u304a\u5ba2\u69d8\u306b\u304a\u5c4a\u3051\u3059\u3079\u304f\u65e5\u3005\u7cbe\u9032\u3057\u3066\u304a\u308a\u307e\u3059\u3002<\/p><h1>\u5237\u308a\u8fbc\u307f<\/h1><h4>\u00a75 TMG\u306b\u5f93\u3063\u305f\u60c5\u5831<\/h4><p>SUSHIYA\u682a\u5f0f\u4f1a\u793e<br \/>\u30a2\u30de\u30ea\u30a8\u30f3\u30b9\u30c8 89<br \/>80799 \u30df\u30e5\u30f3\u30d8\u30f3<\/p><p>\u5546\u696d\u767b\u8a18\uff1aHRB 160443<br \/>\u767b\u9332\u88c1\u5224\u6240\uff1a\u30df\u30e5\u30f3\u30d8\u30f3<\/p><p><strong>\u4ee3\u7406\u4eba\u3002<\/strong><br \/>\u30a2\u30ec\u30af\u30b5\u30f3\u30c0\u30fc\u30fb\u30e9\u30a4\u30cd\u30eb\u30c8<\/p><h4>\u3054\u9023\u7d61\u5148<\/h4><p>\u96fb\u8a71\uff1a089 288 08 442<br \/>E-Mail: management (at) sushiya.de<\/p><h4>\uff36\uff21\uff34\uff29\uff24<\/h4><p>\u6d88\u8cbb\u7a0e\u6cd5\u00a727\u306b\u3088\u308b\u6d88\u8cbb\u7a0e\u8b58\u5225\u756a\u53f7\uff1aDE 248168797<\/p><h4>\u00a755 Abs.2 RStV\u306b\u57fa\u3065\u304f\u5185\u5bb9\u306b\u3064\u3044\u3066\u8cac\u4efb\u3092\u8ca0\u3046\u3002<\/h4><p>\u30a2\u30ec\u30af\u30b5\u30f3\u30c0\u30fc\u30fb\u30e9\u30a4\u30cd\u30eb\u30c8<\/p><h4>EU\u306e\u7d1b\u4e89\u89e3\u6c7a<\/h4><p>\u6b27\u5dde\u59d4\u54e1\u4f1a\u306f\u3001\u30aa\u30f3\u30e9\u30a4\u30f3\u3067\u306e\u7d1b\u4e89\u89e3\u6c7a\uff08OS\uff09\u306e\u305f\u3081\u306e\u30d7\u30e9\u30c3\u30c8\u30d5\u30a9\u30fc\u30e0\u3092\u63d0\u4f9b\u3057\u3066\u3044\u307e\u3059\u3002 <a href=\"https:\/\/ec.europa.eu\/consumers\/odr\" target=\"_blank\" rel=\"noopener noreferrer\">https:\/\/ec.europa.eu\/consumers\/odr<\/a>.<br \/>\u4e0a\u306e\u523b\u5370\u306e\u4e2d\u306b\u5f53\u5e97\u306e\u30e1\u30fc\u30eb\u30a2\u30c9\u30ec\u30b9\u304c\u8a18\u8f09\u3055\u308c\u3066\u3044\u307e\u3059\u3002<\/p><h4>\u6d88\u8cbb\u8005\u7d1b\u4e89\u89e3\u6c7a\u30fb\u30e6\u30cb\u30d0\u30fc\u30b5\u30eb\u4ef2\u88c1\u59d4\u54e1\u4f1a<\/h4><p>\u6d88\u8cbb\u8005\u8abf\u505c\u59d4\u54e1\u4f1a\u306e\u7d1b\u4e89\u89e3\u6c7a\u624b\u7d9a\u306b\u53c2\u52a0\u3059\u308b\u610f\u601d\u3082\u7fa9\u52d9\u3082\u3042\u308a\u307e\u305b\u3093\u3002<\/p><h4>\u00a0<\/h4><h4>\u30b3\u30f3\u30c6\u30f3\u30c4\u306e\u8cac\u4efb<\/h4><p>\u30b5\u30fc\u30d3\u30b9\u63d0\u4f9b\u8005\u3068\u3057\u3066\u3001\u5f53\u793e\u306f\u3001\u7b2c7\u6761\u7b2c1\u9805\u306eTMG\u306b\u57fa\u3065\u304f\u4e00\u822c\u6cd5\u306b\u5f93\u3063\u3066\u3001\u3053\u308c\u3089\u306e\u30da\u30fc\u30b8\u4e0a\u306e\u5f53\u793e\u81ea\u8eab\u306e\u30b3\u30f3\u30c6\u30f3\u30c4\u306b\u3064\u3044\u3066\u8cac\u4efb\u3092\u8ca0\u3046\u3082\u306e\u3068\u3057\u307e\u3059\u3002\u3057\u304b\u3057\u3001TMG\u7b2c8\u6761\u304b\u3089\u7b2c10\u6761\u306b\u3088\u308b\u3068\u3001\u5f53\u793e\u306f\u30b5\u30fc\u30d3\u30b9\u63d0\u4f9b\u8005\u3068\u3057\u3066\u3001\u9001\u4fe1\u307e\u305f\u306f\u4fdd\u5b58\u3055\u308c\u305f\u7b2c\u4e09\u8005\u306e\u60c5\u5831\u3092\u76e3\u8996\u3057\u305f\u308a\u3001\u9055\u6cd5\u884c\u70ba\u3092\u793a\u3059\u72b6\u6cc1\u3092\u8abf\u67fb\u3057\u305f\u308a\u3059\u308b\u7fa9\u52d9\u3092\u8ca0\u3044\u307e\u305b\u3093\u3002<\/p><p>\u4e00\u822c\u7684\u306a\u6cd5\u5f8b\u306b\u57fa\u3065\u304f\u60c5\u5831\u306e\u524a\u9664\u3084\u5229\u7528\u505c\u6b62\u306e\u7fa9\u52d9\u306f\u3001\u3053\u306e\u9650\u308a\u3067\u306f\u3042\u308a\u307e\u305b\u3093\u3002\u3057\u304b\u3057\u3001\u3053\u306e\u70b9\u3067\u306e\u8cac\u4efb\u306f\u3001\u5177\u4f53\u7684\u306a\u4fb5\u5bb3\u3092\u77e5\u3063\u305f\u6642\u70b9\u304b\u3089\u3057\u304b\u8a8d\u3081\u3089\u308c\u306a\u3044\u3002\u3053\u306e\u3088\u3046\u306a\u4fb5\u5bb3\u884c\u70ba\u306b\u6c17\u4ed8\u3044\u305f\u5834\u5408\u306f\u3001\u76f4\u3061\u306b\u3053\u306e\u30b3\u30f3\u30c6\u30f3\u30c4\u3092\u524a\u9664\u3057\u307e\u3059\u3002<\/p><h4>\u30ea\u30f3\u30af\u306b\u95a2\u3059\u308b\u8cac\u4efb<\/h4><p>\u5f53\u793e\u306e\u63d0\u4f9b\u3059\u308b\u30b5\u30fc\u30d3\u30b9\u306b\u306f\u3001\u7b2c\u4e09\u8005\u306e\u5916\u90e8\u30a6\u30a7\u30d6\u30b5\u30a4\u30c8\u3078\u306e\u30ea\u30f3\u30af\u304c\u542b\u307e\u308c\u3066\u3044\u307e\u3059\u304c\u3001\u305d\u306e\u5185\u5bb9\u306b\u3064\u3044\u3066\u306f\u5f53\u793e\u306f\u5f71\u97ff\u529b\u3092\u6301\u3061\u307e\u305b\u3093\u3002\u3057\u305f\u304c\u3063\u3066\u3001\u3053\u308c\u3089\u306e\u5916\u90e8\u30b3\u30f3\u30c6\u30f3\u30c4\u306b\u3064\u3044\u3066\u306f\u3001\u5f53\u793e\u306f\u4e00\u5207\u306e\u8cac\u4efb\u3092\u8ca0\u3044\u304b\u306d\u307e\u3059\u3002\u30ea\u30f3\u30af\u5148\u306e\u30da\u30fc\u30b8\u306e\u5185\u5bb9\u306b\u3064\u3044\u3066\u306f\u3001\u305d\u308c\u305e\u308c\u306e\u63d0\u4f9b\u8005\u307e\u305f\u306f\u904b\u55b6\u8005\u304c\u5e38\u306b\u8cac\u4efb\u3092\u8ca0\u3046\u3082\u306e\u3068\u3057\u307e\u3059\u3002\u30ea\u30f3\u30af\u5148\u306e\u30da\u30fc\u30b8\u306f\u3001\u30ea\u30f3\u30af\u6642\u306b\u6cd5\u4ee4\u9055\u53cd\u306e\u53ef\u80fd\u6027\u304c\u3042\u308b\u304b\u3069\u3046\u304b\u3092\u30c1\u30a7\u30c3\u30af\u3057\u3066\u3044\u307e\u3059\u3002\u9055\u6cd5\u306a\u30b3\u30f3\u30c6\u30f3\u30c4\u306f\u3001\u30ea\u30f3\u30af\u3057\u305f\u6642\u70b9\u3067\u306f\u8a8d\u8b58\u3067\u304d\u307e\u305b\u3093\u3067\u3057\u305f\u3002<\/p><p>\u3057\u304b\u3057\u3001\u30ea\u30f3\u30af\u5148\u306e\u30b3\u30f3\u30c6\u30f3\u30c4\u3092\u6052\u4e45\u7684\u306b\u7ba1\u7406\u3059\u308b\u3053\u3068\u306f\u3001\u6cd5\u5f8b\u306b\u9055\u53cd\u3057\u3066\u3044\u308b\u3068\u3044\u3046\u5177\u4f53\u7684\u306a\u8a3c\u62e0\u304c\u306a\u3044\u9650\u308a\u5408\u7406\u7684\u3067\u306f\u3042\u308a\u307e\u305b\u3093\u3002\u4fb5\u5bb3\u306b\u6c17\u4ed8\u3044\u305f\u5834\u5408\u306f\u3001\u76f4\u3061\u306b\u305d\u306e\u3088\u3046\u306a\u30ea\u30f3\u30af\u3092\u524a\u9664\u3057\u307e\u3059\u3002<\/p><h4>\u8457\u4f5c\u6a29<\/h4><p>\u3053\u308c\u3089\u306e\u30da\u30fc\u30b8\u4e0a\u3067\u30b5\u30a4\u30c8\u904b\u55b6\u8005\u304c\u4f5c\u6210\u3057\u305f\u30b3\u30f3\u30c6\u30f3\u30c4\u3084\u8457\u4f5c\u7269\u306f\u3001\u30c9\u30a4\u30c4\u306e\u8457\u4f5c\u6a29\u6cd5\u306e\u5bfe\u8c61\u3068\u306a\u308a\u307e\u3059\u3002\u8907\u88fd\u3001\u52a0\u5de5\u3001\u914d\u5e03\u3001\u8457\u4f5c\u6a29\u306e\u7bc4\u56f2\u5916\u3067\u306e\u3044\u304b\u306a\u308b\u7a2e\u985e\u306e\u643e\u53d6\u3082\u3001\u305d\u308c\u305e\u308c\u306e\u8457\u4f5c\u8005\u307e\u305f\u306f\u5275\u4f5c\u8005\u306e\u66f8\u9762\u306b\u3088\u308b\u540c\u610f\u3092\u5fc5\u8981\u3068\u3057\u307e\u3059\u3002\u3053\u306e\u30b5\u30a4\u30c8\u306e\u30c0\u30a6\u30f3\u30ed\u30fc\u30c9\u3084\u30b3\u30d4\u30fc\u306f\u3001\u975e\u55b6\u5229\u76ee\u7684\u306e\u79c1\u7684\u306a\u4f7f\u7528\u306b\u9650\u308a\u8a31\u53ef\u3055\u308c\u3066\u3044\u307e\u3059\u3002<\/p><p>\u672c\u30da\u30fc\u30b8\u306b\u63b2\u8f09\u3055\u308c\u3066\u3044\u308b\u30b3\u30f3\u30c6\u30f3\u30c4\u306f\u3001\u904b\u55b6\u8005\u304c\u4f5c\u6210\u3057\u305f\u3082\u306e\u3067\u306f\u306a\u3044\u9650\u308a\u3001\u7b2c\u4e09\u8005\u306e\u8457\u4f5c\u6a29\u3092\u5c0a\u91cd\u3057\u307e\u3059\u3002\u7279\u306b\u3001\u7b2c\u4e09\u8005\u306e\u30b3\u30f3\u30c6\u30f3\u30c4\u306f\u305d\u306e\u3088\u3046\u306b\u8b58\u5225\u3055\u308c\u307e\u3059\u3002\u305d\u308c\u3067\u3082\u8457\u4f5c\u6a29\u4fb5\u5bb3\u306b\u6c17\u3065\u304b\u308c\u305f\u5834\u5408\u306f\u3001\u9069\u5b9c\u3054\u9023\u7d61\u304f\u3060\u3055\u3044\u3002\u4fb5\u5bb3\u884c\u70ba\u306b\u6c17\u4ed8\u3044\u305f\u5834\u5408\u306f\u3001\u76f4\u3061\u306b\u305d\u306e\u3088\u3046\u306a\u30b3\u30f3\u30c6\u30f3\u30c4\u3092\u524a\u9664\u3057\u307e\u3059\u3002<\/p>\t\t\t\t\t\t\t\t<\/div>\n\t\t\t\t<\/div>\n\t\t\t\t\t<\/div>\n\t\t<\/div>\n\t\t\t\t\t<\/div>\n\t\t<\/section>\n\t\t\t\t<section class=\"elementor-section elementor-top-section elementor-element elementor-element-453b248 elementor-section-boxed elementor-section-height-default elementor-section-height-default\" data-id=\"453b248\" data-element_type=\"section\" data-e-type=\"section\">\n\t\t\t\t\t\t<div class=\"elementor-container elementor-column-gap-default\">\n\t\t\t\t\t<div class=\"elementor-column elementor-col-33 elementor-top-column elementor-element elementor-element-5b1596c\" data-id=\"5b1596c\" data-element_type=\"column\" data-e-type=\"column\">\n\t\t\t<div class=\"elementor-widget-wrap\">\n\t\t\t\t\t\t\t<\/div>\n\t\t<\/div>\n\t\t\t\t<div class=\"elementor-column elementor-col-33 elementor-top-column elementor-element elementor-element-0676349\" data-id=\"0676349\" data-element_type=\"column\" data-e-type=\"column\">\n\t\t\t<div class=\"elementor-widget-wrap elementor-element-populated\">\n\t\t\t\t\t\t<div class=\"elementor-element elementor-element-781ba95 elementor-widget elementor-widget-image\" data-id=\"781ba95\" data-element_type=\"widget\" data-e-type=\"widget\" data-widget_type=\"image.default\">\n\t\t\t\t<div class=\"elementor-widget-container\">\n\t\t\t\t\t\t\t\t\t\t\t\t\t\t\t<img decoding=\"async\" width=\"230\" height=\"80\" src=\"https:\/\/www.sushiya.de\/wp-content\/uploads\/sushiya-ci\/gestaltungselemente\/erecht24-schwarz-impressum-klein-1.png\" class=\"attachment-large size-large wp-image-39517\" alt=\"\" \/>\t\t\t\t\t\t\t\t\t\t\t\t\t\t\t<\/div>\n\t\t\t\t<\/div>\n\t\t\t\t\t<\/div>\n\t\t<\/div>\n\t\t\t\t<div class=\"elementor-column elementor-col-33 elementor-top-column elementor-element elementor-element-9a978ce\" data-id=\"9a978ce\" data-element_type=\"column\" data-e-type=\"column\">\n\t\t\t<div class=\"elementor-widget-wrap elementor-element-populated\">\n\t\t\t\t\t\t<div class=\"elementor-element elementor-element-059c846 elementor-widget elementor-widget-image\" data-id=\"059c846\" data-element_type=\"widget\" data-e-type=\"widget\" data-widget_type=\"image.default\">\n\t\t\t\t<div class=\"elementor-widget-container\">\n\t\t\t\t\t\t\t\t\t\t\t\t\t\t\t<img decoding=\"async\" width=\"230\" height=\"80\" src=\"https:\/\/www.sushiya.de\/wp-content\/uploads\/sushiya-ci\/gestaltungselemente\/erecht24-schwarz-disclaimer-klein-1.png\" class=\"attachment-large size-large wp-image-39515\" alt=\"\" \/>\t\t\t\t\t\t\t\t\t\t\t\t\t\t\t<\/div>\n\t\t\t\t<\/div>\n\t\t\t\t\t<\/div>\n\t\t<\/div>\n\t\t\t\t\t<\/div>\n\t\t<\/section>\n\t\t\t\t<\/div>","protected":false},"excerpt":{"rendered":"<p>\u65e5\u672c\u6599\u7406\u306e\u5473\u3068\u5fc3\u3092\u3001\u3053\u3053\u30df\u30e5\u30f3\u30d8\u30f3\u3067\u3082\u300d\u3092\u4fe1\u6761\u306b\u3001\u548c\u98df\u6599\u7406\u4eba\u4e00\u540c\u3001\u305d\u306e\u6280\u3068\u5473\u3092\u304a\u5ba2\u69d8\u306b\u304a\u5c4a\u3051\u3059\u3079\u304f\u65e5\u3005\u7cbe\u9032\u3057\u3066\u304a\u308a\u307e\u3059\u3002 Impressum Angaben gem\u00e4\u00df \u00a7 5 TMG SUSHIYA GmbHAmalienstr. 8980799 M\u00fcnchen Handelsregister: HRB 160443Registergericht: M\u00fcnchen Vertreten durch:Alexander Reinelt Kontakt Telefon: 089 288 08 442E-Mail: geschaeftsleitung (at) sushiya.de Umsatzsteuer-ID Umsatzsteuer-Identifikationsnummer gem\u00e4\u00df \u00a7 27 a Umsatzsteuergesetz: DE 248168797 Verantwortlich f\u00fcr den Inhalt nach \u00a7 55 Abs. 2 RStV Alexander Reinelt EU-Streitschlichtung Die Europ\u00e4ische Kommission stellt eine Plattform zur Online-Streitbeilegung (OS) bereit: https:\/\/ec.europa.eu\/consumers\/odr.Unsere E-Mail-Adresse finden Sie oben im Impressum. Verbraucher\u00adstreit\u00adbeilegung\/Universal\u00adschlichtungs\u00adstelle Wir sind nicht bereit oder verpflichtet, an Streitbeilegungsverfahren vor einer Verbraucherschlichtungsstelle teilzunehmen. \u00a0 Haftung f\u00fcr Inhalte Als Diensteanbieter sind wir gem\u00e4\u00df \u00a7 7 Abs.1 TMG f\u00fcr eigene Inhalte auf diesen Seiten nach den allgemeinen Gesetzen verantwortlich. Nach \u00a7\u00a7 8 bis 10 TMG sind [&hellip;]<\/p>\n","protected":false},"author":2,"featured_media":0,"parent":0,"menu_order":33,"comment_status":"closed","ping_status":"closed","template":"elementor_header_footer","meta":{"footnotes":""},"categories":[],"tags":[252],"class_list":["post-11537","page","type-page","status-publish","hentry","tag-verwaltungsseiten"],"jetpack_sharing_enabled":true,"_links":{"self":[{"href":"https:\/\/www.sushiya.de\/ja\/wp-json\/wp\/v2\/pages\/11537","targetHints":{"allow":["GET"]}}],"collection":[{"href":"https:\/\/www.sushiya.de\/ja\/wp-json\/wp\/v2\/pages"}],"about":[{"href":"https:\/\/www.sushiya.de\/ja\/wp-json\/wp\/v2\/types\/page"}],"author":[{"embeddable":true,"href":"https:\/\/www.sushiya.de\/ja\/wp-json\/wp\/v2\/users\/2"}],"replies":[{"embeddable":true,"href":"https:\/\/www.sushiya.de\/ja\/wp-json\/wp\/v2\/comments?post=11537"}],"version-history":[{"count":11,"href":"https:\/\/www.sushiya.de\/ja\/wp-json\/wp\/v2\/pages\/11537\/revisions"}],"predecessor-version":[{"id":44923,"href":"https:\/\/www.sushiya.de\/ja\/wp-json\/wp\/v2\/pages\/11537\/revisions\/44923"}],"wp:attachment":[{"href":"https:\/\/www.sushiya.de\/ja\/wp-json\/wp\/v2\/media?parent=11537"}],"wp:term":[{"taxonomy":"category","embeddable":true,"href":"https:\/\/www.sushiya.de\/ja\/wp-json\/wp\/v2\/categories?post=11537"},{"taxonomy":"post_tag","embeddable":true,"href":"https:\/\/www.sushiya.de\/ja\/wp-json\/wp\/v2\/tags?post=11537"}],"curies":[{"name":"wp","href":"https:\/\/api.w.org\/{rel}","templated":true}]}}