{"id":11539,"date":"2020-03-02T15:11:56","date_gmt":"2016-05-13T09:52:06","guid":{"rendered":"http:\/\/www.sushiya.de\/?page_id=11539"},"modified":"2022-11-04T18:36:42","modified_gmt":"2022-11-04T17:36:42","slug":"%e3%82%a2%e3%82%b0%e3%83%93%e3%83%bc","status":"publish","type":"page","link":"https:\/\/www.sushiya.de\/ja\/agb\/","title":{"rendered":"\uff21\uff27\uff22"},"content":{"rendered":"<div data-elementor-type=\"wp-page\" data-elementor-id=\"11539\" class=\"elementor elementor-11539\" data-elementor-post-type=\"page\">\n\t\t\t\t\t\t<section class=\"elementor-section elementor-top-section elementor-element elementor-element-265971ca elementor-section-boxed elementor-section-height-default elementor-section-height-default\" data-id=\"265971ca\" data-element_type=\"section\" data-e-type=\"section\">\n\t\t\t\t\t\t<div class=\"elementor-container elementor-column-gap-default\">\n\t\t\t\t\t<div class=\"elementor-column elementor-col-100 elementor-top-column elementor-element elementor-element-157b94d7\" data-id=\"157b94d7\" data-element_type=\"column\" data-e-type=\"column\">\n\t\t\t<div class=\"elementor-widget-wrap elementor-element-populated\">\n\t\t\t\t\t\t<div class=\"elementor-element elementor-element-7207f2e elementor-widget elementor-widget-heading\" data-id=\"7207f2e\" data-element_type=\"widget\" data-e-type=\"widget\" data-widget_type=\"heading.default\">\n\t\t\t\t<div class=\"elementor-widget-container\">\n\t\t\t\t\t<h1 class=\"elementor-heading-title elementor-size-default\">\u4e00\u822c\u5229\u7528\u898f\u7d04(GTC)<\/h1>\t\t\t\t<\/div>\n\t\t\t\t<\/div>\n\t\t\t\t<div class=\"elementor-element elementor-element-3917fec elementor-widget elementor-widget-text-editor\" data-id=\"3917fec\" data-element_type=\"widget\" data-e-type=\"widget\" data-widget_type=\"text-editor.default\">\n\t\t\t\t<div class=\"elementor-widget-container\">\n\t\t\t\t\t\t\t\t\t<p>\u79c1\u305f\u3061\u306e\u30c1\u30fc\u30e0\u306f\u3001\u304a\u5ba2\u69d8\u4e00\u4eba\u4e00\u4eba\u306b\u7d20\u6674\u3089\u3057\u3044\u6642\u9593\u3092\u904e\u3054\u3057\u3066\u3044\u305f\u3060\u3051\u308b\u3088\u3046\u3001\u500b\u4eba\u7684\u306a\u3053\u3060\u308f\u308a\u3092\u6301\u3063\u3066\u52aa\u529b\u3057\u3066\u3044\u307e\u3059\u3002\u305d\u308c\u3092\u6210\u529f\u3055\u305b\u308b\u305f\u3081\u306b\u3001\u5f53\u5e97\u3067\u306f\u3001\u4ee5\u4e0b\u306e\u4e00\u822c\u7684\u306a\u6761\u4ef6\u306b\u57fa\u3065\u3044\u3066\u3001\u3054\u4e88\u7d04\u3068\u30db\u30b9\u30d4\u30bf\u30ea\u30c6\u30a3\u306e\u63d0\u4f9b\u306e\u307f\u3092\u884c\u3063\u3066\u304a\u308a\u307e\u3059\u306e\u3067\u3001\u4f55\u5352\u3054\u7406\u89e3\u3092\u304a\u9858\u3044\u3044\u305f\u3057\u307e\u3059\u3002<\/p><p><span style=\"color: #b70027;\"><strong>1.\u9069\u7528\u7bc4\u56f2<br \/><\/strong><\/span>\u5f53\u5e97\u3067\u306e\u3054\u4e88\u7d04\u30fb\u30b1\u30fc\u30bf\u30ea\u30f3\u30b0\u306f\u3001\u4ee5\u4e0b\u306e\u898f\u5b9a\u304c\u9069\u7528\u3055\u308c\u307e\u3059\u3002 <strong>sansaro<\/strong> \u307e\u305f\u3001SUSHIYA GmbH\u306e\u4ed6\u306e\u30ec\u30b9\u30c8\u30e9\u30f3\u3084\u30b7\u30e7\u30c3\u30d7\u3067\u3082\u3054\u5229\u7528\u3044\u305f\u3060\u3051\u307e\u3059\u3002<\/p><p>\u3053\u308c\u3089\u306e\u898f\u5247\u306b\u57fa\u3065\u3044\u3066\u4e88\u7d04\u3092\u884c\u3046\u3053\u3068\u306b\u3088\u308a\u3001\u304a\u5ba2\u69d8\u306f\u307e\u305f\u3001\u305d\u306e\u5f8c\u306e\u3059\u3079\u3066\u306e\u53d6\u5f15\u3001\u3059\u306a\u308f\u3061\u5f53\u793e\u304c\u63d0\u4f9b\u3059\u308b\u30b5\u30fc\u30d3\u30b9\u306e\u5c06\u6765\u306e\u5229\u7528\u306b\u3064\u3044\u3066\u3082\u3001\u305d\u306e\u6709\u52b9\u6027\u306b\u540c\u610f\u3059\u308b\u3082\u306e\u3068\u3057\u307e\u3059\u3002\u4eca\u5f8c\u306e\u3054\u4e88\u7d04\u306b\u3064\u3044\u3066\u306f\u3001\u53e3\u982d\uff08\u96fb\u8a71\u306a\u3069\uff09\u3001\u96fb\u5b50\u30e1\u30fc\u30eb\u3001\u305d\u306e\u4ed6\u306e\u65b9\u6cd5\u3067\u306e\u3054\u4e88\u7d04\u306b\u95a2\u308f\u3089\u305a\u9069\u7528\u3055\u308c\u307e\u3059\u3002<\/p><p><span style=\"color: #b70027;\"><strong>2.\u4e88\u7d04\u3068\u30ad\u30e3\u30f3\u30bb\u30eb<br \/><\/strong><\/span>\u5f53\u5e97\u306f\u5e2d\u6570\u304c\u9650\u3089\u308c\u3066\u304a\u308a\u3001\u63d0\u4f9b\u3059\u308b\u6599\u7406\u306f\u5e38\u306b\u65b0\u9bae\u3067\u624b\u306e\u8fbc\u3093\u3060\u3082\u306e\u3092\u4f7f\u7528\u3057\u3066\u3044\u308b\u305f\u3081\u3001\u7a7a\u3044\u3066\u3044\u308b\u5e2d\u306e\u914d\u5206\u3084\u4e88\u7d04\u306b\u3064\u3044\u3066\u306f\u3042\u307e\u308a\u67d4\u8edf\u306b\u5bfe\u5fdc\u3059\u308b\u3053\u3068\u304c\u3067\u304d\u307e\u305b\u3093\u3002\u7279\u306b\u5927\u304d\u306a\u4e88\u7d04\u306e\u5834\u5408\u306f\u3001\u5b9a\u671f\u7684\u306b\u4ed6\u306e\u304a\u5ba2\u69d8\u3092\u8ffd\u3044\u8fd4\u3059\u3053\u3068\u306b\u306a\u308a\u307e\u3059\u3002\u305d\u306e\u3088\u3046\u306a\u4e2d\u3067\u3001\u4e88\u7d04\u304c\u53d6\u308c\u306a\u304b\u3063\u305f\u308a\u3001\u4e0d\u5f53\u306b\u77ed\u671f\u9593\u3067\u30ad\u30e3\u30f3\u30bb\u30eb\u3055\u308c\u305f\u308a\u3057\u305f\u7d50\u679c\u3001\u79c1\u305f\u3061\u304c\u88ab\u308b\u88ab\u5bb3\u306f\u76f8\u5f53\u306a\u3082\u306e\u3067\u3059\u3002\u305d\u306e\u305f\u3081\u3001\u5fc5\u8981\u306b\u5fdc\u3058\u3066\u4e0b\u8a18\u306e\u898f\u5b9a\u306b\u57fa\u3065\u304d\u3001\u3053\u306e\u640d\u5bb3\u3092\u4e3b\u5f35\u3059\u308b\u6a29\u5229\u3092\u7559\u4fdd\u3057\u3066\u304a\u308a\u307e\u3059\u306e\u3067\u3001\u3054\u4e86\u627f\u304f\u3060\u3055\u3044\u3002\u307e\u305f\u3001\u3053\u306e\u3088\u3046\u306a\u5834\u5408\u306b\u306f\u3001\u518d\u5ea6\u306e\u3054\u9023\u7d61\u306f\u3044\u305f\u3057\u307e\u305b\u3093\u306e\u3067\u3054\u4e86\u627f\u304f\u3060\u3055\u3044\u3002<\/p><p><span style=\"color: #b70027;\"><strong>2.1<\/strong> <\/span>\u5f53\u5e97\u3067\u306f\u3001\u30af\u30ec\u30b8\u30c3\u30c8\u30ab\u30fc\u30c9\u60c5\u5831\u306e\u3054\u5165\u91d1\u306b\u5bfe\u3057\u3066\u306e\u307f\u3001\u5f53\u5e97\u3067\u306e\u3054\u4e88\u7d04\uff08\u7279\u306b\u9031\u672b\u306a\u3069\u306e\u7e41\u5fd9\u65e5\uff09\u3092\u3055\u305b\u3066\u3044\u305f\u3060\u3044\u3066\u304a\u308a\u307e\u3059\u3002\u5f53\u5e97\u306f\u3001\u63a5\u5f85\u6599\u91d1\uff08\u5f53\u5e97\u3067\u306e\u63a5\u5f85\u306e\u76f4\u5f8c\u306b\u652f\u6255\u308f\u308c\u306a\u3044\u5834\u5408\u306b\u9650\u308a\u307e\u3059\uff09\u304a\u3088\u3073\u652f\u6255\u3046\u3079\u304d\u88dc\u511f\u91d1\u3092\u3001\u305d\u308c\u305e\u308c\u306e\u30af\u30ec\u30b8\u30c3\u30c8\u30ab\u30fc\u30c9\u304b\u3089\u5f15\u304d\u843d\u3068\u3059\u6a29\u5229\u304c\u3042\u308a\u307e\u3059\uff08\u4ee5\u4e0b\u306e\u898f\u5b9a\u306b\u5f93\u3044\u307e\u3059\uff09\u3002\u3053\u308c\u306f\u3001\u5f8c\u7d9a\u53d6\u5f15\u306b\u3088\u308b\u63a5\u5f85\u4fa1\u683c\u53c8\u306f\u5831\u916c\u306b\u3082\u9069\u7528\u3055\u308c\u308b\uff08\u7b2c\uff11\u9805\u53c2\u7167\uff09\u3002<\/p><p><strong><span style=\"color: #b70027;\">2.2<\/span><\/strong> \u4e88\u7d04\u306f\u3001\u4e88\u7d04\u6642\u9593\u3068\u4e88\u7d04\u5e2d\u6570\uff08\u767a\u8868\u3055\u308c\u305f\u304a\u5ba2\u69d8\uff09\u306b\u95a2\u3057\u3066\u62d8\u675f\u529b\u3092\u6301\u3061\u307e\u3059\u3002\u305f\u3060\u3057\u3001\u901a\u5e38\u3001\u4e88\u7d04\u6642\u9593\u306e12\u6642\u9593\u524d\u307e\u3067\u3067\u3042\u308c\u3070\u3001\u4e88\u7d04\u306e\u5168\u90e8\u307e\u305f\u306f\u4e00\u90e8\uff08\u500b\u3005\u306e\u5ea7\u5e2d\u3084\u304a\u5ba2\u69d8\u306b\u95a2\u3059\u308b\u3082\u306e\uff09\u3092\u3001\u3044\u304b\u306a\u308b\u8cbb\u7528\u3082\u767a\u751f\u3055\u305b\u308b\u3053\u3068\u306a\u304f\u30ad\u30e3\u30f3\u30bb\u30eb\u3059\u308b\u3053\u3068\u304c\u3067\u304d\u307e\u3059\u3002\u5927\u4eba\u6570\uff086\u540d\u4ee5\u4e0a\uff09\u306e\u5834\u5408\u3001\u9045\u304f\u3068\u3082\u4e88\u7d04\u6642\u9593\u306e24\u6642\u9593\u524d\u307e\u3067\u306a\u3089\u7121\u6599\u3067\u30ad\u30e3\u30f3\u30bb\u30eb\u304c\u53ef\u80fd\u3067\u3059\u3002\u7279\u5225\u306a\u65e5\uff08\u30d0\u30ec\u30f3\u30bf\u30a4\u30f3\u30c7\u30fc\u3001\u5927\u6666\u65e5\u306a\u3069\uff09\u306b\u306f\u3001\u7279\u306b\u660e\u8a18\u3057\u306a\u3044\u9650\u308a\u3001\u4eba\u6570\u306b\u95a2\u4fc2\u306a\u304f\u3001\u5c11\u306a\u304f\u3068\u308248\u6642\u9593\u306e\u30ad\u30e3\u30f3\u30bb\u30eb\u671f\u9593\u304c\u9069\u7528\u3055\u308c\u307e\u3059\uff08\u4f8b\uff1a\u300c2016.12.30 12h\u307e\u3067\u7121\u6599\u3067\u30ad\u30e3\u30f3\u30bb\u30eb\u53ef\u80fd\u300d\uff09\u3002\u5bff\u53f8\u30b3\u30fc\u30b9\u3084\u8a66\u98df\u4f1a\u306a\u3069\u306e\u5834\u5408\u3001\u767b\u9332\u306b\u306f\u62d8\u675f\u529b\u304c\u3042\u308a\u307e\u3059\u3002\u4e00\u5ea6\u767b\u9332\u3057\u305f\u5e2d\u306f\u3001\u5c11\u306a\u304f\u3068\u308210\u65e5\u524d\u307e\u3067\u306b\u901a\u77e5\u3059\u308b\u304b\u3001\u4ed6\u306e\u304a\u5ba2\u69d8\u304c\u767b\u9332\u3057\u305f\u5834\u5408\u306e\u307f\u3001\u7121\u6599\u3067\u30ad\u30e3\u30f3\u30bb\u30eb\u3059\u308b\u3053\u3068\u304c\u3067\u304d\u307e\u3059\u3002\u30b3\u30fc\u30b9\u3084\u30a4\u30d9\u30f3\u30c8\u3078\u306e\u53c2\u52a0\u306f\u3001\u98a8\u90aa\u306a\u3069\u306e\u4f1d\u67d3\u6027\u306e\u75c5\u6c17\u3067\u306a\u3044\u5834\u5408\u306b\u9650\u3089\u305b\u3066\u3044\u305f\u3060\u304d\u307e\u3059\u306e\u3067\u3001\u3054\u4e86\u627f\u304f\u3060\u3055\u3044\u3002\u5f53\u793e\u306f\u3001\u304a\u5ba2\u69d8\u306e\u75c5\u6c17\uff08\u98a8\u90aa\u306a\u3069\u306e\u305f\u3081\u7121\u6599\u3067\u30ad\u30e3\u30f3\u30bb\u30eb\uff09\u306e\u30ea\u30b9\u30af\u306f\u4e00\u5207\u8ca0\u3044\u304b\u306d\u307e\u3059\u3002\u7279\u5225\u306a\u4f1a\u5e2d\u6599\u7406\u306e\u5834\u5408\u3001\u7121\u6599\u30ad\u30e3\u30f3\u30bb\u30eb\u306f3\u65e5\u524d\u307e\u3067\u3068\u3055\u305b\u3066\u3044\u305f\u3060\u304d\u307e\u3059\u3002<\/p><p><span style=\"color: #b70027;\"><strong>2.3<\/strong> <\/span>\u9045\u304f\u3068\u3082\u7b2c2.2\u6761\u3067\u6307\u5b9a\u3055\u308c\u305f\u6642\u9593\u307e\u3067\u306b\u30ad\u30e3\u30f3\u30bb\u30eb\u3055\u308c\u306a\u304b\u3063\u305f\u5834\u5408\u3001\u5f53\u793e\u306f\u3001\u5229\u7528\u3055\u308c\u306a\u304b\u3063\u305f\u3001\u307e\u305f\u306f\u30ad\u30e3\u30f3\u30bb\u30eb\u3055\u308c\u305f\u5ea7\u5e2d1\u5e2d\u306b\u3064\u304d40\u30e6\u30fc\u30ed\u306e\u88dc\u511f\u91d1\u3092\u4e00\u62ec\u3067\u8acb\u6c42\u3059\u308b\u6a29\u5229\u3092\u6709\u3057\u307e\u3059\u3002\u307e\u305f\u3001\u4e88\u7d04\u3055\u308c\u305f\u5ea7\u5e2d\u304c\u7d04\u675f\u306e\u6642\u9593\u306b\u4f7f\u7528\u3055\u308c\u306a\u304b\u3063\u305f\u5834\u5408\u3001\u3059\u306a\u308f\u3061\u3001\u304a\u5ba2\u69d8\u304c\u73fe\u308c\u306a\u3044\u3001\u307e\u305f\u306f\u767a\u8868\u3055\u308c\u305f\u4eba\u6570\u306b\u9054\u3057\u306a\u304b\u3063\u305f\u5834\u5408\u3082\u540c\u69d8\u3067\u3059\u3002\u30d0\u30ec\u30f3\u30bf\u30a4\u30f3\u30c7\u30fc\u3084\u5927\u6666\u65e5\u306a\u3069\u306e\u7279\u5225\u306a\u65e5\u306b\u306f\u3001\u304a\u4e00\u4eba\u69d8\u306b\u3064\u304dEUR80\u3092\u7533\u3057\u53d7\u3051\u307e\u3059\u3002\u30a6\u30a4\u30b9\u30ad\u30fc\u30c6\u30a4\u30b9\u30c6\u30a3\u30f3\u30b0\u3001\u65e5\u672c\u9152\u30c6\u30a4\u30b9\u30c6\u30a3\u30f3\u30b0\u3001\u61d0\u77f3\u30a4\u30d9\u30f3\u30c8\u3001\u5bff\u53f8\u30b3\u30fc\u30b9\u306a\u3069\u306e\u7279\u5225\u30a4\u30d9\u30f3\u30c8\u306e\u5834\u5408\u306f\u3001\u3042\u3089\u304b\u3058\u3081\u6c7a\u3081\u3089\u308c\u305f\u53c2\u52a0\u8cbb\u3092\u304a\u652f\u6255\u3044\u3044\u305f\u3060\u304d\u307e\u3059\u3002<\/p><p><span style=\"color: #b70027;\"><strong>2.4<\/strong> <\/span>\u30ad\u30e3\u30f3\u30bb\u30eb\u304c\u9045\u308c\u305f\u5834\u5408\u3084\u6307\u5b9a\u5e2d\u3092\u5229\u7528\u3067\u304d\u306a\u304b\u3063\u305f\u5834\u5408\u3001\u304a\u5ba2\u69d8\u306b\u8cac\u4efb\u304c\u306a\u3044\u5834\u5408\u306f\u3001\u640d\u5bb3\u8ce0\u511f\u3092\u8acb\u6c42\u3059\u308b\u3053\u3068\u306f\u3067\u304d\u307e\u305b\u3093\u3002\u307e\u305f\u3001\u304a\u5ba2\u69d8\u306f\u3001\u5f53\u793e\u304c\u9045\u523b\u3057\u305f\u30ad\u30e3\u30f3\u30bb\u30eb\u3084\u4e0d\u767b\u5834\u306b\u3088\u308a\u640d\u5931\u3092\u88ab\u3063\u3066\u3044\u306a\u3044\u3053\u3068\u3001\u307e\u305f\u306f\u640d\u5931\u304c\u7b2c2.3\u9805\u306b\u57fa\u3065\u304f\u8ce0\u511f\u91d1\u3088\u308a\u3082\u8457\u3057\u304f\u4f4e\u3044\u3053\u3068\u3092\u8a3c\u660e\u3059\u308b\u3053\u3068\u306f\u3001\u3044\u3064\u3067\u3082\u81ea\u7531\u306b\u3067\u304d\u307e\u3059\u3002<\/p><p><span style=\"color: #b70027;\"><strong>2.5<\/strong> <\/span>\u4e88\u7d04\u6642\u9593\u306e20\u5206\u5f8c\u306b\u306a\u3063\u3066\u3082\u6307\u5b9a\u5e2d\u304c\u78ba\u4fdd\u3055\u308c\u306a\u3044\u5834\u5408\uff08\u3053\u306e\u70b9\u3067\u767a\u8868\u3055\u308c\u305f\u30b2\u30b9\u30c8\u304c\u73fe\u308c\u306a\u3044\u5834\u5408\uff09\u306f\u3001\u4ed6\u306e\u5834\u6240\u306b\u5e2d\u3092\u5272\u304f\u3053\u3068\u304c\u3067\u304d\u307e\u3059\u3002\u3053\u306e\u5834\u5408\u3082\u7b2c2.3\u9805\u3068\u7b2c2.4\u9805\u304c\u9069\u7528\u3055\u308c\u307e\u3059\u3002\u3057\u304b\u3057\u3001\u3053\u306e\u5834\u5408\u3001\u79c1\u305f\u3061\u306f\u3001\u8b70\u5e2d\u3092\u4ed6\u306e\u653f\u515a\u306b\u518d\u914d\u5206\u3059\u308b\u3053\u3068\u306b\u3088\u3063\u3066\u751f\u3058\u305f\u53ce\u5165\u3092\u3001\u7b2c 2.3 \u9805\u306b\u57fa\u3065\u304f\u5831\u916c\u3068\u76f8\u6bba\u3057\u306a\u3051\u308c\u3070\u306a\u3089\u305a\u3001\u307e\u305f\u3001\u305d\u308c\u3092\u8a8d\u3081\u308b\u3053\u3068\u306b\u306a\u308a\u307e\u3059\u3002<\/p><p><span style=\"color: #b70027;\"><strong>2.6<\/strong> <\/span>2.5\u9805\u306e\u898f\u5b9a\u306f\u3001\u304a\u5ba2\u69d8\u304c\u73fe\u308c\u305f\u306b\u3082\u304b\u304b\u308f\u3089\u305a\u3001\u6307\u5b9a\u3055\u308c\u305f\u5e2d\u3092\u53d6\u3089\u305a\u306b\u518d\u3073\u5f53\u5e97\u3092\u96e2\u308c\u308b\u5834\u5408\u306b\u3082\u9069\u7528\u3055\u308c\u308b\u3082\u306e\u3068\u3057\u307e\u3059\u3002\u7279\u306b\u3001\u3054\u4e88\u7d04\u6642\u306b\u767a\u8868\u3055\u308c\u305f\u4eba\u6570\u4ee5\u4e0a\u306e\u3054\u5229\u7528\u304c\u3042\u308a\u3001\u8ffd\u52a0\u306e\u304a\u5e2d\u3092\u3054\u7528\u610f\u3067\u304d\u306a\u3044\u5834\u5408\u306b\u306f\u3001\u3053\u306e\u9650\u308a\u3067\u306f\u3042\u308a\u307e\u305b\u3093\u3002\u304a\u90e8\u5c4b\u306e\u30b3\u30f3\u30bb\u30d7\u30c8\u3084\u65e2\u5b58\u306e\u516c\u6cd5\u4e0a\u306e\u7fa9\u52d9\u306b\u3088\u308a\u3001\u4e00\u5b9a\u306e\u9593\u53d6\u308a\u3084\u5b9a\u54e1\u306b\u62d8\u675f\u3055\u308c\u3066\u304a\u308a\u307e\u3059\u306e\u3067\u3001\u3054\u7406\u89e3\u3092\u304a\u9858\u3044\u3044\u305f\u3057\u307e\u3059\u3002<\/p><p><strong><span style=\"color: #b70027;\">3.\u72ec\u5360\u4e88\u7d04<br \/><\/span><\/strong>\u5f53\u5e97\u306e\u30ec\u30b9\u30c8\u30e9\u30f3\uff08\u30af\u30ed\u30fc\u30ba\u30c9\u30a4\u30d9\u30f3\u30c8\u7528\uff09\u306e\u72ec\u5360\u4e88\u7d04\u306f\u3001\u500b\u5225\u306e\u30aa\u30d5\u30a1\u30fc\u306b\u57fa\u3065\u3044\u3066\u306e\u307f\u53ef\u80fd\u3067\u3059\u3002\u76f4\u63a5\uff08\u3067\u304d\u308c\u3070\u5bfe\u9762\u3001\u96fb\u8a71\u3001\u30e1\u30fc\u30eb\u3067\uff09\u3054\u9023\u7d61\u304f\u3060\u3055\u3044\u3002<\/p><p><strong><span style=\"color: #b70027;\">4.\u652f\u6255\u3044<br \/><\/span><\/strong>\u7279\u6bb5\u306e\u5408\u610f\u304c\u306a\u3044\u9650\u308a\u3001\u4ee5\u4e0b\u306e\u652f\u6255\u3044\u6761\u4ef6\u304c\u9069\u7528\u3055\u308c\u308b\u3082\u306e\u3068\u3057\u307e\u3059\u3002<\/p><p><span style=\"color: #b70027;\"><strong>4.1<\/strong> <\/span>\u304a\u652f\u6255\u3044\u306f\u3001\u30e6\u30fc\u30ed\u3067\u306e\u304a\u652f\u6255\u3044\u3068\u306a\u308a\u3001\u539f\u5247\u3068\u3057\u3066\u73fe\u91d1\u3067\u306e\u304a\u652f\u6255\u3044\u3068\u306a\u308a\u307e\u3059\u3002<\/p><p><span style=\"color: #b70027;\"><strong>4.2<\/strong> <\/span>200\u30e6\u30fc\u30ed\u7d19\u5e63\u3084500\u30e6\u30fc\u30ed\u7d19\u5e63\u3092\u652f\u6255\u3044\u624b\u6bb5\u3068\u3057\u3066\u53d7\u3051\u5165\u308c\u308b\u7fa9\u52d9\u306f\u3042\u308a\u307e\u305b\u3093\u3002\u5f53\u5e97\u3067\u306f\u6bce\u6669\u3001\u9650\u3089\u308c\u305f\u6570\u306e\u304a\u91e3\u308a\u3057\u304b\u4fdd\u7ba1\u3057\u3066\u304a\u308a\u307e\u305b\u3093\u306e\u3067\u3001\u30b5\u30fc\u30d3\u30b9\u30b9\u30bf\u30c3\u30d5\u304c\u81ea\u767a\u7684\u306b\u4ed6\u5e97\u306b\u304a\u91e3\u308a\u306e\u8ffd\u52a0\u3092\u304a\u9858\u3044\u3059\u308b\u3053\u3068\u306f\u3067\u304d\u307e\u305b\u3093\u306e\u3067\u3001\u3054\u4e86\u627f\u304f\u3060\u3055\u3044\u3002<\/p><p><span style=\"color: #b70027;\"><strong>4.3<\/strong> <\/span>\u73fe\u91d1\u3067\u306e\u304a\u652f\u6255\u3044\u306e\u4ee3\u308f\u308a\u306b\u3001\u6700\u4f4e10\u30e6\u30fc\u30ed\u304b\u3089\u306eEC\u30ab\u30fc\u30c9\u3067\u306e\u304a\u652f\u6255\u3044\u304c\u53ef\u80fd\u3067\u3059\u300250\u30e6\u30fc\u30ed\u4ee5\u4e0a\u306e\u304a\u652f\u6255\u3044\u304b\u3089\u3001\u4ee5\u4e0b\u306e\u30af\u30ec\u30b8\u30c3\u30c8\u30ab\u30fc\u30c9\u3067\u306e\u304a\u652f\u6255\u3044\u3082\u53ef\u80fd\u3067\u3059\uff1a\u30de\u30b9\u30bf\u30fc\u30ab\u30fc\u30c9\u3001VISA\u30ab\u30fc\u30c9\u3001JCB\u3002\u305d\u306e\u4ed6\u306e\u30ab\u30fc\u30c9\u306f\u3054\u5229\u7528\u3044\u305f\u3060\u3051\u307e\u305b\u3093\u3002<\/p><p><strong><span style=\"color: #b70027;\">5.\u30d0\u30a6\u30c1\u30e3\u30fc<br \/><\/span><\/strong>\u5f53\u793e\u304c\u767a\u884c\u3059\u308b\u3001\u307e\u305f\u306f\u63d0\u643a\u5148\u306eYovite.com\u3092\u7d4c\u7531\u3057\u3066\u767a\u884c\u3055\u308c\u305f\u5546\u54c1\u5238\u306e\u5f15\u304d\u63db\u3048\u306b\u3064\u3044\u3066\u306f\u3001\u4ee5\u4e0b\u306e\u6761\u4ef6\u304c\u9069\u7528\u3055\u308c\u307e\u3059\u3002<\/p><p><span style=\"color: #b70027;\"><strong>5.1<\/strong> <\/span>\u30d0\u30a6\u30c1\u30e3\u30fc\u306f\u3001\u5f53\u5e97\u3067\u63d0\u4f9b\u3055\u308c\u305f\u98f2\u98df\u7269\u306e\u652f\u6255\u3044\u306b\u306e\u307f\u3054\u5229\u7528\u3044\u305f\u3060\u3051\u307e\u3059\u3002\u4f1d\u7968\u91d1\u984d\u306e\u73fe\u91d1\u6255\u3044\u306f\u3067\u304d\u307e\u305b\u3093\u3002\u3054\u7406\u89e3\u3092\u304a\u9858\u3044\u3057\u307e\u3059\u3002<\/p><p><span style=\"color: #b70027;\"><strong>5.2<\/strong> <\/span>1\u679a\u306e\u30af\u30fc\u30dd\u30f3\u306f\u30011\u56de\uff08\u8a18\u8f09\u3055\u308c\u3066\u3044\u308b\u5408\u8a08\u91d1\u984d\u3092\u4e0a\u9650\u3068\u3057\u3066\uff09\u306e\u304a\u652f\u6255\u3044\u306b\u306e\u307f\u3054\u5229\u7528\u3044\u305f\u3060\u3051\u307e\u3059\u3002\u4f1d\u7968\u91d1\u984d\u306e\u5206\u5272\uff08\u6570\u56de\u306e\u8a2a\u554f\u306a\u3069\uff09\u306f\u3067\u304d\u307e\u305b\u3093\u3002<\/p><p><span style=\"color: #b70027;\"><strong>5.3<\/strong> <\/span>\u6b8b\u984d\uff08\u304a\u53ec\u3057\u4e0a\u304c\u308a\u306b\u306a\u3063\u305f\u98f2\u98df\u7269\u306e\u4fa1\u683c\u304c\u30d0\u30a6\u30c1\u30e3\u30fc\u306b\u8a18\u8f09\u3055\u308c\u3066\u3044\u308b\u5408\u8a08\u91d1\u984d\u306b\u9054\u3057\u306a\u3044\u5834\u5408\uff09\u306f\u3001\u6b8b\u5ff5\u306a\u304c\u3089\u63d0\u643a\u5148\u306b\u5bfe\u3059\u308b\u50b5\u52d9\u304c\u3042\u308b\u305f\u3081\u3001\u73fe\u91d1\u3067\u306e\u304a\u652f\u6255\u3044\u306f\u3067\u304d\u307e\u305b\u3093\u3002<\/p><p><strong><span style=\"color: #b70027;\">6.\u8cac\u4efb<br \/><\/span><\/strong>\u5951\u7d04\u305d\u306e\u4ed6\u306e\u6cd5\u7684\u6839\u62e0\u306b\u57fa\u3065\u304f\u5f53\u793e\u306e\u640d\u5bb3\u8ce0\u511f\u8cac\u4efb\u3001\u8cbb\u7528\u5f01\u511f\u8cac\u4efb\u306b\u3064\u3044\u3066\u306f\u3001\u4ee5\u4e0b\u306e\u6761\u4ef6\u304c\u9069\u7528\u3055\u308c\u308b\u3082\u306e\u3068\u3057\u307e\u3059\u3002<\/p><p><span style=\"color: #b70027;\"><strong>6.1<\/strong> <\/span>\u6cd5\u5b9a\u306e\u898f\u5b9a\u306b\u5f93\u3044\u3001\u5f53\u793e\u306f\u3001\u5f53\u793e\u3001\u5f53\u793e\u306e\u6cd5\u5b9a\u4ee3\u7406\u4eba\u307e\u305f\u306f\u4ee3\u7406\u4eba\u304c\u6545\u610f\u307e\u305f\u306f\u91cd\u904e\u5931\u306b\u3088\u308a\u88ab\u3063\u305f\u640d\u5bb3\u306b\u3064\u3044\u3066\u3001\u7121\u5236\u9650\u306b\u8cac\u4efb\u3092\u8ca0\u3046\u3082\u306e\u3068\u3057\u307e\u3059\u3002<\/p><p><span style=\"color: #b70027;\"><strong>6.2<\/strong> <\/span>\u5f53\u793e\u306f\u3001\u5f53\u793e\u3001\u5f53\u793e\u306e\u6cd5\u5b9a\u4ee3\u7406\u4eba\u307e\u305f\u306f\u4ee3\u7406\u4eba\u304c\u904e\u5931\u306b\u3088\u308a\u751f\u3058\u305f\u640d\u5bb3\u306b\u3064\u3044\u3066\u306f\u3001\u4ee5\u4e0b\u306e\u5834\u5408\u306b\u9650\u308a\u8cac\u4efb\u3092\u8ca0\u3046\u3082\u306e\u3068\u3057\u307e\u3059\u3002<\/p><p><span style=\"color: #b70027;\"><strong>6.2.1<\/strong> <\/span>\u672c\u8cea\u7684\u306a\u5951\u7d04\u4e0a\u306e\u7fa9\u52d9\u306b\u9055\u53cd\u3057\u3066\u3044\u308b\u3002\u3053\u308c\u3089\u306e\u7fa9\u52d9\u306f\u3001\u5951\u7d04\u306e\u9069\u5207\u306a\u5c65\u884c\u306e\u305f\u3081\u306b\u306f\u305d\u306e\u5c65\u884c\u304c\u4e0d\u53ef\u6b20\u3067\u3042\u308a\u3001\u5f53\u793e\u306e\u9867\u5ba2\u304c\u305d\u306e\u9075\u5b88\u3092\u5b9a\u671f\u7684\u306b\u983c\u308a\u306b\u3057\u3001\u307e\u305f\u983c\u308a\u306b\u3059\u308b\u53ef\u80fd\u6027\u304c\u3042\u308a\u307e\u3059\u3002\u307e\u305f\u3001\u5951\u7d04\u306e\u6027\u8cea\u304b\u3089\u751f\u3058\u308b\u7fa9\u52d9\u3067\u3042\u308a\u3001\u305d\u306e\u9055\u53cd\u304c\u5951\u7d04\u306e\u76ee\u7684\u306e\u9054\u6210\u3092\u5371\u967a\u306b\u3055\u3089\u3059\u3082\u306e\u3067\u3042\u308b\u3053\u3068\u3082\u5fc5\u9808\u3067\u3042\u308b\u3002<\/p><p><span style=\"color: #b70027;\"><strong>6.2.2<\/strong> <\/span>\u304a\u5ba2\u69d8\u306e\u6a29\u5229\u30fb\u6cd5\u7684\u8cc7\u7523\u30fb\u5229\u76ca\u3092\u8003\u616e\u3059\u308b\u7fa9\u52d9\u304c\u4fb5\u5bb3\u3055\u308c\u3001\u5f53\u793e\u306e\u696d\u7e3e\u306b\u671f\u5f85\u3067\u304d\u306a\u304f\u306a\u3063\u305f\u5834\u5408\u306b\u306f\u3001\u5f53\u793e\u306e\u696d\u7e3e\u306b\u5f71\u97ff\u3092\u53ca\u307c\u3059\u53ef\u80fd\u6027\u304c\u3042\u308a\u307e\u3059\u3002<\/p><p><span style=\"color: #b70027;\"><strong>6.3<\/strong> <\/span>\u5f53\u793e\u306e\u8cac\u4efb\u306f\u3001\u7b2c6.2\u9805\u306b\u8a18\u8f09\u3055\u308c\u3066\u3044\u308b\u5834\u5408\u3001\u5951\u7d04\u306b\u5178\u578b\u7684\u306a\u4e88\u898b\u53ef\u80fd\u306a\u640d\u5bb3\u306b\u9650\u5b9a\u3055\u308c\u308b\u3082\u306e\u3068\u3057\u307e\u3059\u3002\u305d\u308c\u4ee5\u5916\u306e\u5834\u5408\u306f\u3001\u5358\u7d14\u306a\u904e\u5931\u306b\u3064\u3044\u3066\u306f\u8cac\u4efb\u3092\u8ca0\u3044\u307e\u305b\u3093\u3002<\/p><p><span style=\"color: #b70027;\"><strong>6.4<\/strong> <\/span>\u7b2c6.2\u9805\u304a\u3088\u3073\u7b2c6.3\u9805\u306b\u3088\u308b\u8cac\u4efb\u306e\u5236\u9650\u306f\u3001\u751f\u547d\u3001\u8eab\u4f53\u307e\u305f\u306f\u5065\u5eb7\u306e\u640d\u50b7\u304b\u3089\u751f\u3058\u308b\u640d\u5bb3\u306b\u306f\u9069\u7528\u3055\u308c\u307e\u305b\u3093\u3002\u3055\u3089\u306b\u3001\u88fd\u9020\u7269\u8cac\u4efb\u6cd5\u306b\u57fa\u3065\u304f\u8acb\u6c42\u3001\u4e0d\u6b63\u306b\u96a0\u3055\u308c\u305f\u6b20\u9665\u306b\u3088\u308b\u8acb\u6c42\u3001\u4fdd\u8a3c\u306b\u3088\u308b\u8acb\u6c42\u3001\u304a\u3088\u3073\u6cd5\u5b9a\u8cac\u4efb\u898f\u5b9a\u304c\u7fa9\u52d9\u3065\u3051\u3089\u308c\u3066\u3044\u308b\u305d\u306e\u4ed6\u306e\u3059\u3079\u3066\u306e\u30b1\u30fc\u30b9\u306b\u306f\u9069\u7528\u3055\u308c\u307e\u305b\u3093\u3002<\/p><p><span style=\"color: #b70027;\"><strong>6.5<\/strong> <\/span>\u672c\u7b2c6\u9805\u306e\u4e0a\u8a18\u306e\u898f\u5b9a\u306f\u3001\u5f53\u793e\u306e\u57f7\u884c\u6a5f\u95a2\u3001\u4ee3\u8868\u8005\u304a\u3088\u3073\u4ee3\u7406\u4eba\u306e\u500b\u4eba\u7684\u8cac\u4efb\u306b\u3064\u3044\u3066\u3082\u3001\u305d\u308c\u306b\u5fdc\u3058\u3066\u9069\u7528\u3055\u308c\u308b\u3082\u306e\u3068\u3057\u307e\u3059\u3002<\/p><p><span style=\"color: #b70027;\"><strong>7.\u8457\u4f5c\u6a29<\/strong> <\/span><\/p><p>\u5f53\u30b5\u30a4\u30c8\u3067\u4f7f\u7528\u3055\u308c\u3066\u3044\u308b\u753b\u50cf\u3084\u30c6\u30ad\u30b9\u30c8\u306e\u8457\u4f5c\u6a29\u306f\u3001\u7279\u306b\u660e\u8a18\u3055\u308c\u3066\u3044\u306a\u3044\u9650\u308a\u3001SUSHIYA GmbH\u304c\u6240\u6709\u3057\u3066\u3044\u307e\u3059\u3002<\/p>\t\t\t\t\t\t\t\t<\/div>\n\t\t\t\t<\/div>\n\t\t\t\t\t<\/div>\n\t\t<\/div>\n\t\t\t\t\t<\/div>\n\t\t<\/section>\n\t\t\t\t<\/div>","protected":false},"excerpt":{"rendered":"<p>Allgemeine Gesch\u00e4fts\u00adbedingungen (AGB) Unser gesamtes Team bem\u00fcht sich mit gro\u00dfem pers\u00f6nlichem Engagement darum, dass jeder einzelne Gast eine sch\u00f6ne Zeit bei uns verbringen kann. Damit dies gelingt, bitten wir Sie um Verst\u00e4ndnis daf\u00fcr, dass wir Reservierungen und Bewirtungen in unserem Restaurant nur auf Basis der folgenden allgemeinen Gesch\u00e4ftsbedingungen vornehmen: 1. GeltungsbereichDie nachfolgenden Regelungen gelten f\u00fcr s\u00e4mtliche Reservierungen und Bewirtungen in unserem Restaurant sansaro sowie in anderen Restaurants oder Gesch\u00e4ften der SUSHIYA GmbH. Mit einer Reservierung auf der Grundlage dieser Regelungen erkl\u00e4ren Sie sich mit deren Geltung auch f\u00fcr alle Folgegesch\u00e4fte, d. h. jede zuk\u00fcnftige Inanspruchnahme der von uns angebotenen Leistungen, einverstanden. F\u00fcr k\u00fcnftige Reservierungen gilt dies unabh\u00e4ngig davon, ob diese [&hellip;]<\/p>\n","protected":false},"author":2,"featured_media":0,"parent":0,"menu_order":32,"comment_status":"closed","ping_status":"closed","template":"","meta":{"footnotes":""},"categories":[],"tags":[252],"class_list":["post-11539","page","type-page","status-publish","hentry","tag-verwaltungsseiten"],"jetpack_sharing_enabled":true,"_links":{"self":[{"href":"https:\/\/www.sushiya.de\/ja\/wp-json\/wp\/v2\/pages\/11539","targetHints":{"allow":["GET"]}}],"collection":[{"href":"https:\/\/www.sushiya.de\/ja\/wp-json\/wp\/v2\/pages"}],"about":[{"href":"https:\/\/www.sushiya.de\/ja\/wp-json\/wp\/v2\/types\/page"}],"author":[{"embeddable":true,"href":"https:\/\/www.sushiya.de\/ja\/wp-json\/wp\/v2\/users\/2"}],"replies":[{"embeddable":true,"href":"https:\/\/www.sushiya.de\/ja\/wp-json\/wp\/v2\/comments?post=11539"}],"version-history":[{"count":34,"href":"https:\/\/www.sushiya.de\/ja\/wp-json\/wp\/v2\/pages\/11539\/revisions"}],"predecessor-version":[{"id":52995,"href":"https:\/\/www.sushiya.de\/ja\/wp-json\/wp\/v2\/pages\/11539\/revisions\/52995"}],"wp:attachment":[{"href":"https:\/\/www.sushiya.de\/ja\/wp-json\/wp\/v2\/media?parent=11539"}],"wp:term":[{"taxonomy":"category","embeddable":true,"href":"https:\/\/www.sushiya.de\/ja\/wp-json\/wp\/v2\/categories?post=11539"},{"taxonomy":"post_tag","embeddable":true,"href":"https:\/\/www.sushiya.de\/ja\/wp-json\/wp\/v2\/tags?post=11539"}],"curies":[{"name":"wp","href":"https:\/\/api.w.org\/{rel}","templated":true}]}}