{"id":24731,"date":"2019-05-22T18:36:46","date_gmt":"2019-05-22T16:36:46","guid":{"rendered":"https:\/\/www.sushiya.de\/?page_id=24731"},"modified":"2023-09-21T16:24:29","modified_gmt":"2023-09-21T14:24:29","slug":"%e3%82%b8%e3%83%b3%e3%83%86%e3%82%a4%e3%82%b9%e3%83%86%e3%82%a3%e3%83%b3%e3%82%b0","status":"publish","type":"page","link":"https:\/\/www.sushiya.de\/ja\/events\/gin-tasting\/","title":{"rendered":"\u30b8\u30f3\u306e\u8a66\u98f2"},"content":{"rendered":"<div data-elementor-type=\"wp-page\" data-elementor-id=\"24731\" class=\"elementor elementor-24731\" data-elementor-post-type=\"page\">\n\t\t\t\t\t\t<section class=\"elementor-section elementor-top-section elementor-element elementor-element-5a6c052 elementor-section-full_width elementor-section-height-min-height elementor-section-items-bottom elementor-section-height-default\" data-id=\"5a6c052\" data-element_type=\"section\" data-e-type=\"section\" data-settings=\"{&quot;background_background&quot;:&quot;classic&quot;}\">\n\t\t\t\t\t\t<div class=\"elementor-container elementor-column-gap-default\">\n\t\t\t\t\t<div class=\"elementor-column elementor-col-100 elementor-top-column elementor-element elementor-element-cb0afb7\" data-id=\"cb0afb7\" data-element_type=\"column\" data-e-type=\"column\">\n\t\t\t<div class=\"elementor-widget-wrap elementor-element-populated\">\n\t\t\t\t\t\t<div class=\"elementor-element elementor-element-1f9fe63 elementor-widget elementor-widget-spacer\" data-id=\"1f9fe63\" data-element_type=\"widget\" data-e-type=\"widget\" data-widget_type=\"spacer.default\">\n\t\t\t\t<div class=\"elementor-widget-container\">\n\t\t\t\t\t\t\t<div class=\"elementor-spacer\">\n\t\t\t<div class=\"elementor-spacer-inner\"><\/div>\n\t\t<\/div>\n\t\t\t\t\t\t<\/div>\n\t\t\t\t<\/div>\n\t\t\t\t\t<\/div>\n\t\t<\/div>\n\t\t\t\t\t<\/div>\n\t\t<\/section>\n\t\t\t\t<section class=\"elementor-section elementor-top-section elementor-element elementor-element-8aab8eb elementor-section-boxed elementor-section-height-default elementor-section-height-default\" data-id=\"8aab8eb\" data-element_type=\"section\" data-e-type=\"section\">\n\t\t\t\t\t\t<div class=\"elementor-container elementor-column-gap-default\">\n\t\t\t\t\t<div class=\"elementor-column elementor-col-100 elementor-top-column elementor-element elementor-element-84c79dc\" data-id=\"84c79dc\" data-element_type=\"column\" data-e-type=\"column\">\n\t\t\t<div class=\"elementor-widget-wrap elementor-element-populated\">\n\t\t\t\t\t\t<section class=\"elementor-section elementor-inner-section elementor-element elementor-element-dc0edda elementor-section-boxed elementor-section-height-default elementor-section-height-default\" data-id=\"dc0edda\" data-element_type=\"section\" data-e-type=\"section\">\n\t\t\t\t\t\t<div class=\"elementor-container elementor-column-gap-default\">\n\t\t\t\t\t<div class=\"elementor-column elementor-col-100 elementor-inner-column elementor-element elementor-element-1454829\" data-id=\"1454829\" data-element_type=\"column\" data-e-type=\"column\">\n\t\t\t<div class=\"elementor-widget-wrap elementor-element-populated\">\n\t\t\t\t\t\t<div class=\"elementor-element elementor-element-3f45e55 elementor-widget elementor-widget-heading\" data-id=\"3f45e55\" data-element_type=\"widget\" data-e-type=\"widget\" data-widget_type=\"heading.default\">\n\t\t\t\t<div class=\"elementor-widget-container\">\n\t\t\t\t\t<h1 class=\"elementor-heading-title elementor-size-default\">\u4e09\u4e09\u90ce\u9280 - \u30c6\u30a4\u30b9\u30c6\u30a3\u30f3\u30b0<\/h1>\t\t\t\t<\/div>\n\t\t\t\t<\/div>\n\t\t\t\t<div class=\"elementor-element elementor-element-600e095 elementor-widget elementor-widget-text-editor\" data-id=\"600e095\" data-element_type=\"widget\" data-e-type=\"widget\" data-widget_type=\"text-editor.default\">\n\t\t\t\t<div class=\"elementor-widget-container\">\n\t\t\t\t\t\t\t\t\t<p>\u8fd1\u5e74\u3001\u30c9\u30a4\u30c4\u3067\u306f\u672c\u683c\u7684\u306a\u30b8\u30f3\u30d6\u30fc\u30e0\u304c\u8d77\u304d\u3066\u3044\u307e\u3059\u3002\u65e5\u672c\u9152\u3084\u713c\u914e\u306e\u3088\u3046\u306a\u300c\u65e5\u672c\u3089\u3057\u3044\u300d\u304a\u9152\u3067\u306f\u3042\u308a\u307e\u305b\u3093\u304c\u3001\u65e5\u672c\u4eba\u3082\u30b8\u30f3\u3092\u53d6\u308a\u4e0a\u3052\u3001\u7d20\u6674\u3089\u3057\u3044\u65b0\u5546\u54c1\u3092\u5e02\u5834\u306b\u3082\u305f\u3089\u3057\u307e\u3057\u305f\u3002\u65e5\u672c\u306e\u30b8\u30f3\u306f\u4f55\u304c\u9055\u3046\u306e\u304b\uff1f\u65e5\u672c\u4eba\u304c\u4f7f\u3063\u3066\u3044\u308b\u7279\u6b8a\u306a\u98df\u6750\u306e\u52b9\u679c\u3068\u306f\uff1f\u79c1\u305f\u3061\u306f\u3001\u65e5\u672c\u306e\u30b8\u30f3\u3092\u4e00\u7dd2\u306b\u8a66\u98f2\u3057\u3001\u3044\u3064\u3082\u306e\u3088\u3046\u306b\u3001\u79c1\u305f\u3061\u306e\u30ad\u30c3\u30c1\u30f3\u30c1\u30fc\u30e0\u304b\u3089\u306e\u7279\u5225\u306a\u5275\u9020\u7269\u3092\u7d44\u307f\u5408\u308f\u305b\u3066\u3044\u304d\u307e\u3059\u3002<\/p><p><strong>2020\u5e74\u79cb\u306b\u306f\u65b0\u305f\u306a\u30c7\u30fc\u30c8\u304c\u53ef\u80fd\u306b\u306a\u308b\u4e88\u5b9a\u3067\u3059\u3002<\/strong><\/p>\t\t\t\t\t\t\t\t<\/div>\n\t\t\t\t<\/div>\n\t\t\t\t\t<\/div>\n\t\t<\/div>\n\t\t\t\t\t<\/div>\n\t\t<\/section>\n\t\t\t\t\t<\/div>\n\t\t<\/div>\n\t\t\t\t\t<\/div>\n\t\t<\/section>\n\t\t\t\t<section class=\"elementor-section elementor-top-section elementor-element elementor-element-58fc239 elementor-section-boxed elementor-section-height-default elementor-section-height-default\" data-id=\"58fc239\" data-element_type=\"section\" data-e-type=\"section\">\n\t\t\t\t\t\t<div class=\"elementor-container elementor-column-gap-default\">\n\t\t\t\t\t<div class=\"elementor-column elementor-col-100 elementor-top-column elementor-element elementor-element-ad98ac0\" data-id=\"ad98ac0\" data-element_type=\"column\" data-e-type=\"column\">\n\t\t\t<div class=\"elementor-widget-wrap elementor-element-populated\">\n\t\t\t\t\t\t<section class=\"elementor-section elementor-inner-section elementor-element elementor-element-7557990 elementor-section-boxed elementor-section-height-default elementor-section-height-default\" data-id=\"7557990\" data-element_type=\"section\" data-e-type=\"section\">\n\t\t\t\t\t\t<div class=\"elementor-container elementor-column-gap-default\">\n\t\t\t\t\t<div class=\"elementor-column elementor-col-50 elementor-inner-column elementor-element elementor-element-86c192b\" data-id=\"86c192b\" data-element_type=\"column\" data-e-type=\"column\">\n\t\t\t<div class=\"elementor-widget-wrap elementor-element-populated\">\n\t\t\t\t\t\t<div class=\"elementor-element elementor-element-c97e327 elementor-widget elementor-widget-image\" data-id=\"c97e327\" data-element_type=\"widget\" data-e-type=\"widget\" data-widget_type=\"image.default\">\n\t\t\t\t<div class=\"elementor-widget-container\">\n\t\t\t\t\t\t\t\t\t\t\t\t\t\t\t<img fetchpriority=\"high\" decoding=\"async\" width=\"616\" height=\"924\" src=\"https:\/\/www.sushiya.de\/wp-content\/uploads\/Sushiya57-Gin-tasting.jpeg\" class=\"attachment-large size-large wp-image-38354\" alt=\"\u306b\u307b\u3093\u304e\u3093\" srcset=\"https:\/\/www.sushiya.de\/wp-content\/uploads\/Sushiya57-Gin-tasting.jpeg 616w, https:\/\/www.sushiya.de\/wp-content\/uploads\/Sushiya57-Gin-tasting-600x900.jpeg 600w, https:\/\/www.sushiya.de\/wp-content\/uploads\/Sushiya57-Gin-tasting-200x300.jpeg 200w\" sizes=\"(max-width: 616px) 100vw, 616px\" \/>\t\t\t\t\t\t\t\t\t\t\t\t\t\t\t<\/div>\n\t\t\t\t<\/div>\n\t\t\t\t\t<\/div>\n\t\t<\/div>\n\t\t\t\t<div class=\"elementor-column elementor-col-50 elementor-inner-column elementor-element elementor-element-8441439\" data-id=\"8441439\" data-element_type=\"column\" data-e-type=\"column\">\n\t\t\t<div class=\"elementor-widget-wrap elementor-element-populated\">\n\t\t\t\t\t\t<div class=\"elementor-element elementor-element-00922c9 elementor-widget elementor-widget-heading\" data-id=\"00922c9\" data-element_type=\"widget\" data-e-type=\"widget\" data-widget_type=\"heading.default\">\n\t\t\t\t<div class=\"elementor-widget-container\">\n\t\t\t\t\t<h3 class=\"elementor-heading-title elementor-size-default\">\u30b8\u30f3\u306e\u8a66\u98f2<\/h3>\t\t\t\t<\/div>\n\t\t\t\t<\/div>\n\t\t\t\t<div class=\"elementor-element elementor-element-e7748ec elementor-widget elementor-widget-text-editor\" data-id=\"e7748ec\" data-element_type=\"widget\" data-e-type=\"widget\" data-widget_type=\"text-editor.default\">\n\t\t\t\t<div class=\"elementor-widget-container\">\n\t\t\t\t\t\t\t\t\t<p>\u5f53\u5e97\u306e\u8a66\u98df\u4f1a\u306f\u3059\u3067\u306b\u4f1d\u8aac\u3068\u306a\u3063\u3066\u3044\u307e\u3059\u3002\u4eca\u306a\u3089\u3001\u65e5\u672c\u306e\u30b8\u30f3\u3092\u63a2\u8a2a\u3057\u306a\u304c\u3089\u3001\u3053\u3060\u308f\u308a\u306e\u6599\u7406\u3092\u8a66\u98f2\u3059\u308b\u3053\u3068\u304c\u3067\u304d\u307e\u3059\u3002<\/p><p>sansaro\u3067\u306f\u3044\u3064\u3082\u306e\u3088\u3046\u306b\u3001\u5404\u30b3\u30fc\u30b9\u306b\u306f\u3001\u3053\u306e\u30a4\u30d9\u30f3\u30c8\u3068\u3053\u306e\u30c6\u30a4\u30b9\u30c6\u30a3\u30f3\u30b0\u30d5\u30e9\u30a4\u30c8\u306e\u305f\u3081\u3060\u3051\u306b\u30c7\u30b6\u30a4\u30f3\u3055\u308c\u305f\u3001\u65e5\u672c\u306e\u30ad\u30c3\u30c1\u30f3\u30c1\u30fc\u30e0\u306b\u3088\u308b\u500b\u5225\u306e\u9ad8\u54c1\u8cea\u306a\u30d5\u30fc\u30c9\u30da\u30a2\u30ea\u30f3\u30b0\u3092\u3054\u7528\u610f\u3057\u3066\u3044\u307e\u3059\u30026\u6708\u306b\u7b2c\u4e00\u56de\u76ee\u306e\u30a4\u30d9\u30f3\u30c8\u3092\u958b\u50ac\u3057\u307e\u3057\u305f\u304c\u3001\u5927\u5909\u597d\u8a55\u3060\u3063\u305f\u305f\u3081\u30018\u6708\u672b\u306b\u65b0\u3057\u3044\u30b8\u30f3\u3068\u65b0\u3057\u3044\u30d5\u30e9\u30a4\u30c8\u306e\u8a66\u98f2\u4f1a\u3092\u958b\u50ac\u3057\u307e\u3059\u3002<\/p><p>\u53c2\u52a0\u8cbb\u306b\u306f\u30b8\u30f3\u3001\u30ec\u30af\u30c1\u30e3\u30fc\u3001\u9650\u5b9a\u30d5\u30fc\u30c9\u30da\u30a2\u30ea\u30f3\u30b0\u304c\u542b\u307e\u308c\u3066\u304a\u308a\u3001\u304a\u4e00\u4eba\u69d889,-\u3002\u5834\u6240\u306b\u9650\u308a\u304c\u3042\u308a\u307e\u3059\u306e\u3067\u3001\u65e9\u3081\u306e\u3054\u4e88\u7d04\u304c\u5fc5\u8981\u3067\u3059\u3002<\/p>\t\t\t\t\t\t\t\t<\/div>\n\t\t\t\t<\/div>\n\t\t\t\t\t<\/div>\n\t\t<\/div>\n\t\t\t\t\t<\/div>\n\t\t<\/section>\n\t\t\t\t<div class=\"elementor-element elementor-element-186b1f9 elementor-widget elementor-widget-text-editor\" data-id=\"186b1f9\" data-element_type=\"widget\" data-e-type=\"widget\" data-widget_type=\"text-editor.default\">\n\t\t\t\t<div class=\"elementor-widget-container\">\n\t\t\t\t\t\t\t\t\t<p><span style=\"letter-spacing: -0.3px;\">\u30a4\u30d9\u30f3\u30c8\u306f15\u6642\u304b\u3089\u59cb\u307e\u308a\u3001\u7d042\u6642\u9593\uff5e2\u6642\u9593\u534a\u3002\u304a\u53cb\u9054\u3068\u304a\u3057\u3083\u3079\u308a\u3057\u305f\u3044\u3001\u7f8e\u5473\u3057\u3044\u304a\u5bff\u53f8\u3092\u98df\u3079\u305f\u3044\u306a\u3069\u3001\u305d\u306e\u5f8c\u306e\u6ede\u5728\u3092\u3054\u5e0c\u671b\u306e\u65b9\u306f\u3001\u4e8b\u524d\u306b\u3054\u9023\u7d61\u304f\u3060\u3055\u3044\u3002<\/span><br><\/p>\n<p><strong>2019\u5e74\u590f\u306b\u65e5\u672c\u306e\u30b8\u30f3\u30672\u3064\u306e\u7d20\u6674\u3089\u3057\u3044\u30c6\u30a4\u30b9\u30c6\u30a3\u30f3\u30b0\u30a4\u30d9\u30f3\u30c8\u304c\u3042\u308a\u307e\u3057\u305f\u304c\u3001\u65b0\u3057\u3044\u30a4\u30d9\u30f3\u30c8\u306f\u73fe\u5728\u4e88\u5b9a\u3055\u308c\u3066\u3044\u307e\u305b\u3093\u3001\u5225\u306e\u65e5\u4ed8\u304c\u3042\u308b\u3068\u3059\u3050\u306b\u3001\u3042\u306a\u305f\u306f\u3053\u3053\u3068\u79c1\u305f\u3061\u306e\u30cb\u30e5\u30fc\u30b9\u30ec\u30bf\u30fc\u3067\u898b\u3064\u3051\u308b\u3053\u3068\u304c\u3067\u304d\u307e\u3059\u3002\u3054\u5e0c\u671b\u306e\u65b9\u306f\u3001\u5f53\u5e97\u3067\u30aa\u30fc\u30c0\u30fc\u30e1\u30a4\u30c9\u306e\u30df\u30cb\u8a66\u98df\u4f1a\u3092\u4e88\u7d04\u3059\u308b\u3053\u3068\u304c\u3067\u304d\u307e\u3059\u3002\u904e\u53bb\u306e\u30a4\u30d9\u30f3\u30c8\u306e\u30ec\u30d3\u30e5\u30fc\u306f\u3001\u4ee5\u4e0b\u306e\u30d6\u30ed\u30b0\u8a18\u4e8b\u3067\u3054\u7d39\u4ecb\u3057\u3066\u3044\u307e\u3059\u3002<\/strong><\/p>\t\t\t\t\t\t\t\t<\/div>\n\t\t\t\t<\/div>\n\t\t\t\t\t<\/div>\n\t\t<\/div>\n\t\t\t\t\t<\/div>\n\t\t<\/section>\n\t\t\t\t<section class=\"elementor-section elementor-top-section elementor-element elementor-element-1d17dd2 elementor-section-boxed elementor-section-height-default elementor-section-height-default\" data-id=\"1d17dd2\" data-element_type=\"section\" data-e-type=\"section\">\n\t\t\t\t\t\t<div class=\"elementor-container elementor-column-gap-default\">\n\t\t\t\t\t<div class=\"elementor-column elementor-col-100 elementor-top-column elementor-element elementor-element-a4bfc06\" data-id=\"a4bfc06\" data-element_type=\"column\" data-e-type=\"column\">\n\t\t\t<div class=\"elementor-widget-wrap elementor-element-populated\">\n\t\t\t\t\t\t<div class=\"elementor-element elementor-element-23983d3 elementor-widget elementor-widget-heading\" data-id=\"23983d3\" data-element_type=\"widget\" data-e-type=\"widget\" data-widget_type=\"heading.default\">\n\t\t\t\t<div class=\"elementor-widget-container\">\n\t\t\t\t\t<h2 class=\"elementor-heading-title elementor-size-default\">\u30b8\u30f3\u306e\u8a66\u98f2\u300d\u3078\u306e\u6295\u7a3f<\/h2>\t\t\t\t<\/div>\n\t\t\t\t<\/div>\n\t\t\t\t<div class=\"elementor-element elementor-element-b7b63d3 elementor-grid-3 elementor-grid-tablet-2 elementor-grid-mobile-1 elementor-posts--thumbnail-top elementor-posts__hover-gradient elementor-widget elementor-widget-posts\" data-id=\"b7b63d3\" data-element_type=\"widget\" data-e-type=\"widget\" data-settings=\"{&quot;cards_row_gap&quot;:{&quot;unit&quot;:&quot;px&quot;,&quot;size&quot;:40,&quot;sizes&quot;:[]},&quot;pagination_type&quot;:&quot;numbers_and_prev_next&quot;,&quot;cards_columns&quot;:&quot;3&quot;,&quot;cards_columns_tablet&quot;:&quot;2&quot;,&quot;cards_columns_mobile&quot;:&quot;1&quot;,&quot;cards_row_gap_tablet&quot;:{&quot;unit&quot;:&quot;px&quot;,&quot;size&quot;:&quot;&quot;,&quot;sizes&quot;:[]},&quot;cards_row_gap_mobile&quot;:{&quot;unit&quot;:&quot;px&quot;,&quot;size&quot;:&quot;&quot;,&quot;sizes&quot;:[]}}\" data-widget_type=\"posts.cards\">\n\t\t\t\t<div class=\"elementor-widget-container\">\n\t\t\t\t\t\t\t<div class=\"elementor-posts-container elementor-posts elementor-posts--skin-cards elementor-grid\" role=\"list\">\n\t\t\t\t<article class=\"elementor-post elementor-grid-item post-27818 post type-post status-publish format-standard has-post-thumbnail hentry category-gin-tasting\" role=\"listitem\">\n\t\t\t<div class=\"elementor-post__card\">\n\t\t\t\t<div class=\"elementor-post__text\">\n\t\t\t\t<h6 class=\"elementor-post__title\">\n\t\t\t<a href=\"https:\/\/www.sushiya.de\/ja\/events\/gin-tasting\/rueckblick-gin-tasting-august-2019\/\">\n\t\t\t\tsansaro\u30ec\u30b9\u30c8\u30e9\u30f3\u3067\u306e\u30ec\u30d3\u30e5\u30fc \u30b8\u30f3\u306e\u8a66\u98f2\u4f1a 2019\u5e748\u6708\t\t\t<\/a>\n\t\t<\/h6>\n\t\t\t\t<div class=\"elementor-post__excerpt\">\n\t\t\t<p>sansaro\u30ec\u30b9\u30c8\u30e9\u30f3\u3067\u306f\u3001\u3059\u3067\u306b\u65e5\u672c\u9152\u3084\u30b8\u30e3\u30d1\u30cb\u30fc\u30ba\u30a6\u30a4\u30b9\u30ad\u30fc\u3092\u30c6\u30fc\u30de\u306b\u3057\u305f\u8cea\u306e\u9ad8\u3044\u8a66\u98f2\u4f1a\u3092\u591a\u6570\u958b\u50ac\u3057\u3066\u3044\u307e\u3059\u3002<\/p>\n\t\t<\/div>\n\t\t\n\t\t<a class=\"elementor-post__read-more\" href=\"https:\/\/www.sushiya.de\/ja\/events\/gin-tasting\/rueckblick-gin-tasting-august-2019\/\" aria-label=\"sansaro\u30ec\u30b9\u30c8\u30e9\u30f3\u3067\u306e\u30b8\u30f3\u30fb\u30c6\u30a4\u30b9\u30c6\u30a3\u30f3\u30b0\u306e\u30ec\u30d3\u30e5\u30fc 2019\u5e748\u6708\u300d\u306e\u7d9a\u304d\u3092\u8aad\u3080\" tabindex=\"-1\">\n\t\t\t\u7d9a\u304d\u3092\u8aad\u3080 \"\t\t<\/a>\n\n\t\t\t\t<\/div>\n\t\t\t\t<div class=\"elementor-post__meta-data\">\n\t\t\t\t\t<span class=\"elementor-post-date\">\n\t\t\t26. 8\u6708 2019\t\t<\/span>\n\t\t\t\t<\/div>\n\t\t\t\t\t<\/div>\n\t\t<\/article>\n\t\t\t\t<article class=\"elementor-post elementor-grid-item post-26917 post type-post status-publish format-standard has-post-thumbnail hentry category-gin-tasting\" role=\"listitem\">\n\t\t\t<div class=\"elementor-post__card\">\n\t\t\t\t<a class=\"elementor-post__thumbnail__link\" href=\"https:\/\/www.sushiya.de\/ja\/events\/gin-tasting\/vorschau-gin-tasting-august-2019\/\" tabindex=\"-1\"><div class=\"elementor-post__thumbnail\"><img decoding=\"async\" width=\"300\" height=\"207\" src=\"https:\/\/www.sushiya.de\/wp-content\/uploads\/sansaro\/events\/gin-tasting\/Sushiya-Blog-japanischer-Gin-Titelbild-300x207.jpg\" class=\"attachment-medium size-medium wp-image-38144\" alt=\"\u3059\u3057\u3084\u5bff\u53f8\u5e97\u306e\u9280\u306e\u8a66\u98df\u3001\u30c6\u30fc\u30d6\u30eb\u306e\u4e0a\u306e\u65e5\u672c\u9152\" srcset=\"https:\/\/www.sushiya.de\/wp-content\/uploads\/sansaro\/events\/gin-tasting\/Sushiya-Blog-japanischer-Gin-Titelbild-300x207.jpg 300w, https:\/\/www.sushiya.de\/wp-content\/uploads\/sansaro\/events\/gin-tasting\/Sushiya-Blog-japanischer-Gin-Titelbild-600x414.jpg 600w, https:\/\/www.sushiya.de\/wp-content\/uploads\/sansaro\/events\/gin-tasting\/Sushiya-Blog-japanischer-Gin-Titelbild-1024x707.jpg 1024w, https:\/\/www.sushiya.de\/wp-content\/uploads\/sansaro\/events\/gin-tasting\/Sushiya-Blog-japanischer-Gin-Titelbild-768x530.jpg 768w, https:\/\/www.sushiya.de\/wp-content\/uploads\/sansaro\/events\/gin-tasting\/Sushiya-Blog-japanischer-Gin-Titelbild.jpg 1339w\" sizes=\"(max-width: 300px) 100vw, 300px\" \/><\/div><\/a>\n\t\t\t\t<div class=\"elementor-post__text\">\n\t\t\t\t<h6 class=\"elementor-post__title\">\n\t\t\t<a href=\"https:\/\/www.sushiya.de\/ja\/events\/gin-tasting\/vorschau-gin-tasting-august-2019\/\">\n\t\t\t\t2019\u5e748\u670825\u65e5\u30df\u30e5\u30f3\u30d8\u30f3\u3067\u65e5\u672c\u306e\u30b8\u30f3\u3092\u8a66\u98f2\u4f1a\t\t\t<\/a>\n\t\t<\/h6>\n\t\t\t\t<div class=\"elementor-post__excerpt\">\n\t\t\t<p>2019\u5e746\u6708\u306b\u958b\u50ac\u3055\u308c\u305f\u65e5\u672c\u9650\u5b9a\u306e\u30b8\u30f3\u306e\u30c6\u30a4\u30b9\u30c6\u30a3\u30f3\u30b0\u30a4\u30d9\u30f3\u30c8\u306f\u5927\u6210\u529f\u306b\u7d42\u308f\u308a\u307e\u3057\u305f\u3002<\/p>\n\t\t<\/div>\n\t\t\n\t\t<a class=\"elementor-post__read-more\" href=\"https:\/\/www.sushiya.de\/ja\/events\/gin-tasting\/vorschau-gin-tasting-august-2019\/\" aria-label=\"\u7d9a\u304d\u3092\u8aad\u3080 2019\u5e748\u670825\u65e5\u3001\u30df\u30e5\u30f3\u30d8\u30f3\u3067\u65e5\u672c\u306e\u30b8\u30f3\u3092\u8a66\u98f2\" tabindex=\"-1\">\n\t\t\t\u7d9a\u304d\u3092\u8aad\u3080 \"\t\t<\/a>\n\n\t\t\t\t<\/div>\n\t\t\t\t<div class=\"elementor-post__meta-data\">\n\t\t\t\t\t<span class=\"elementor-post-date\">\n\t\t\t17. 8\u6708 2019\t\t<\/span>\n\t\t\t\t<\/div>\n\t\t\t\t\t<\/div>\n\t\t<\/article>\n\t\t\t\t<article class=\"elementor-post elementor-grid-item post-26217 post type-post status-publish format-standard has-post-thumbnail hentry category-gin-tasting\" role=\"listitem\">\n\t\t\t<div class=\"elementor-post__card\">\n\t\t\t\t<a class=\"elementor-post__thumbnail__link\" href=\"https:\/\/www.sushiya.de\/ja\/events\/gin-tasting\/rueckblick-gin-tasting-juni-2019\/\" tabindex=\"-1\"><div class=\"elementor-post__thumbnail\"><img decoding=\"async\" width=\"300\" height=\"200\" src=\"https:\/\/www.sushiya.de\/wp-content\/uploads\/sansaro\/events\/gin-tasting\/Sushiya-Blog-Gin-Tasing-Juni-2019-Titelbild-300x200.jpg\" class=\"attachment-medium size-medium wp-image-38171\" alt=\"\u5bff\u53f8\u5c4b\u300c\u3059\u3057\u3084\u30df\u30e5\u30f3\u30d8\u30f3\u300d\u3067\u30b8\u30f3\u306e\u8a66\u98f2\" srcset=\"https:\/\/www.sushiya.de\/wp-content\/uploads\/sansaro\/events\/gin-tasting\/Sushiya-Blog-Gin-Tasing-Juni-2019-Titelbild-300x200.jpg 300w, https:\/\/www.sushiya.de\/wp-content\/uploads\/sansaro\/events\/gin-tasting\/Sushiya-Blog-Gin-Tasing-Juni-2019-Titelbild-600x400.jpg 600w, https:\/\/www.sushiya.de\/wp-content\/uploads\/sansaro\/events\/gin-tasting\/Sushiya-Blog-Gin-Tasing-Juni-2019-Titelbild-1024x683.jpg 1024w, https:\/\/www.sushiya.de\/wp-content\/uploads\/sansaro\/events\/gin-tasting\/Sushiya-Blog-Gin-Tasing-Juni-2019-Titelbild-768x512.jpg 768w, https:\/\/www.sushiya.de\/wp-content\/uploads\/sansaro\/events\/gin-tasting\/Sushiya-Blog-Gin-Tasing-Juni-2019-Titelbild.jpg 1386w\" sizes=\"(max-width: 300px) 100vw, 300px\" \/><\/div><\/a>\n\t\t\t\t<div class=\"elementor-post__text\">\n\t\t\t\t<h6 class=\"elementor-post__title\">\n\t\t\t<a href=\"https:\/\/www.sushiya.de\/ja\/events\/gin-tasting\/rueckblick-gin-tasting-juni-2019\/\">\n\t\t\t\tsansaro\u30ec\u30b9\u30c8\u30e9\u30f3\u3067\u306e\u30ec\u30d3\u30e5\u30fc \u30b8\u30f3\u306e\u8a66\u98f2\u4f1a 2019\u5e746\u6708\t\t\t<\/a>\n\t\t<\/h6>\n\t\t\t\t<div class=\"elementor-post__excerpt\">\n\t\t\t<p>\u30ec\u30b9\u30c8\u30e9\u30f3\u300csansaro\u300d\u3067\u306f\u3001\u3053\u308c\u307e\u3067\u306b\u3082\u65e5\u672c\u9152\u3084\u30b8\u30e3\u30d1\u30cb\u30fc\u30ba\u30a6\u30a4\u30b9\u30ad\u30fc\u3092\u30c6\u30fc\u30de\u306b\u3057\u305f\u8cea\u306e\u9ad8\u3044\u8a66\u98f2\u4f1a\u3092\u6570\u591a\u304f\u958b\u50ac\u3057\u3066\u304d\u307e\u3057\u305f\u3002<\/p>\n\t\t<\/div>\n\t\t\n\t\t<a class=\"elementor-post__read-more\" href=\"https:\/\/www.sushiya.de\/ja\/events\/gin-tasting\/rueckblick-gin-tasting-juni-2019\/\" aria-label=\"sansaro\u30ec\u30b9\u30c8\u30e9\u30f3\u3067\u306e\u30b8\u30f3\u30fb\u30c6\u30a4\u30b9\u30c6\u30a3\u30f3\u30b0\u306e\u30ec\u30d3\u30e5\u30fc 2019\u5e746\u6708\u300d\u306e\u7d9a\u304d\u3092\u8aad\u3080\" tabindex=\"-1\">\n\t\t\t\u7d9a\u304d\u3092\u8aad\u3080 \"\t\t<\/a>\n\n\t\t\t\t<\/div>\n\t\t\t\t<div class=\"elementor-post__meta-data\">\n\t\t\t\t\t<span class=\"elementor-post-date\">\n\t\t\t3. 7\u6708 2019\t\t<\/span>\n\t\t\t\t<\/div>\n\t\t\t\t\t<\/div>\n\t\t<\/article>\n\t\t\t\t<\/div>\n\t\t\n\t\t\t\t<div class=\"e-load-more-anchor\" data-page=\"1\" data-max-page=\"2\" data-next-page=\"https:\/\/www.sushiya.de\/ja\/wp-json\/wp\/v2\/pages\/24731\/page\/2\/\"><\/div>\n\t\t\t\t<nav class=\"elementor-pagination\" aria-label=\"\u30da\u30fc\u30b8\u30cd\u30fc\u30b7\u30e7\u30f3\">\n\t\t\t<span class=\"page-numbers prev\">\u2190 \u524d<\/span>\n<span aria-current=\"page\" class=\"page-numbers current\"><span class=\"elementor-screen-only\">page<\/span>1<\/span>\n<a class=\"page-numbers\" href=\"https:\/\/www.sushiya.de\/ja\/wp-json\/wp\/v2\/pages\/24731\/page\/2\/\"><span class=\"elementor-screen-only\">page<\/span>2<\/a>\n<a class=\"page-numbers next\" href=\"https:\/\/www.sushiya.de\/ja\/wp-json\/wp\/v2\/pages\/24731\/page\/2\/\">\u6b21\u3078 \u2192<\/a>\t\t<\/nav>\n\t\t\t\t\t\t<\/div>\n\t\t\t\t<\/div>\n\t\t\t\t\t<\/div>\n\t\t<\/div>\n\t\t\t\t\t<\/div>\n\t\t<\/section>\n\t\t\t\t<\/div>","protected":false},"excerpt":{"rendered":"<p>Sansaro Gin \u2013 Tasting Einen wahren Boom gab es in den letzten Jahren in Deutschland im Bereich Gin. Obwohl kein \u201ctypisch japanisches\u201d Getr\u00e4nk wie Sake oder Shochu haben sich auch die Japaner dem Gin angenommen und einige tolle, neue Produkte auf den Markt gebracht. Wodurch unterscheidet sich japanischer Gin? Wie wirken sich die besonderen Zutaten der Japaner aus? Wir verkosten zusammen japanischen Gin und kombinieren das wie immer mit exklusiven Kreationen von unserem K\u00fcchenteam. Neue Termine wird es voraussichtlich im Herbst 2020 geben. Gin-Tasting Unsere Tasting-Events sind bereits legend\u00e4r. Jetzt k\u00f6nnen Sie mit uns japanischen Gin erkunden und dabei kulinarische Exklusivit\u00e4ten verkosten. Wir verkosten ca. 5 interessante japanische Gin und [&hellip;]<\/p>\n","protected":false},"author":2,"featured_media":40997,"parent":12813,"menu_order":4,"comment_status":"closed","ping_status":"closed","template":"elementor_header_footer","meta":{"footnotes":""},"categories":[],"tags":[],"class_list":["post-24731","page","type-page","status-publish","has-post-thumbnail","hentry"],"jetpack_sharing_enabled":true,"_links":{"self":[{"href":"https:\/\/www.sushiya.de\/ja\/wp-json\/wp\/v2\/pages\/24731","targetHints":{"allow":["GET"]}}],"collection":[{"href":"https:\/\/www.sushiya.de\/ja\/wp-json\/wp\/v2\/pages"}],"about":[{"href":"https:\/\/www.sushiya.de\/ja\/wp-json\/wp\/v2\/types\/page"}],"author":[{"embeddable":true,"href":"https:\/\/www.sushiya.de\/ja\/wp-json\/wp\/v2\/users\/2"}],"replies":[{"embeddable":true,"href":"https:\/\/www.sushiya.de\/ja\/wp-json\/wp\/v2\/comments?post=24731"}],"version-history":[{"count":14,"href":"https:\/\/www.sushiya.de\/ja\/wp-json\/wp\/v2\/pages\/24731\/revisions"}],"predecessor-version":[{"id":58854,"href":"https:\/\/www.sushiya.de\/ja\/wp-json\/wp\/v2\/pages\/24731\/revisions\/58854"}],"up":[{"embeddable":true,"href":"https:\/\/www.sushiya.de\/ja\/wp-json\/wp\/v2\/pages\/12813"}],"wp:featuredmedia":[{"embeddable":true,"href":"https:\/\/www.sushiya.de\/ja\/wp-json\/wp\/v2\/media\/40997"}],"wp:attachment":[{"href":"https:\/\/www.sushiya.de\/ja\/wp-json\/wp\/v2\/media?parent=24731"}],"wp:term":[{"taxonomy":"category","embeddable":true,"href":"https:\/\/www.sushiya.de\/ja\/wp-json\/wp\/v2\/categories?post=24731"},{"taxonomy":"post_tag","embeddable":true,"href":"https:\/\/www.sushiya.de\/ja\/wp-json\/wp\/v2\/tags?post=24731"}],"curies":[{"name":"wp","href":"https:\/\/api.w.org\/{rel}","templated":true}]}}