{"id":41517,"date":"2021-01-30T12:44:33","date_gmt":"2021-01-30T11:44:33","guid":{"rendered":"https:\/\/www.sushiya.de\/?page_id=41517"},"modified":"2025-10-20T10:16:05","modified_gmt":"2025-10-20T08:16:05","slug":"newsletter","status":"publish","type":"page","link":"https:\/\/www.sushiya.de\/ja\/newsletter\/","title":{"rendered":"\u30cb\u30e5\u30fc\u30b9\u30ec\u30bf\u30fc"},"content":{"rendered":"<div data-elementor-type=\"wp-page\" data-elementor-id=\"41517\" class=\"elementor elementor-41517\" data-elementor-post-type=\"page\">\n\t\t\t\t\t\t<section class=\"elementor-section elementor-top-section elementor-element elementor-element-8a56744 elementor-section-height-min-height elementor-section-items-bottom elementor-section-boxed elementor-section-height-default\" data-id=\"8a56744\" data-element_type=\"section\" data-e-type=\"section\" data-settings=\"{&quot;background_background&quot;:&quot;classic&quot;}\">\n\t\t\t\t\t\t<div class=\"elementor-container elementor-column-gap-default\">\n\t\t\t\t\t<div class=\"elementor-column elementor-col-100 elementor-top-column elementor-element elementor-element-3ac3e1c\" data-id=\"3ac3e1c\" data-element_type=\"column\" data-e-type=\"column\">\n\t\t\t<div class=\"elementor-widget-wrap elementor-element-populated\">\n\t\t\t\t\t\t<div class=\"elementor-element elementor-element-b167480 elementor-widget elementor-widget-spacer\" data-id=\"b167480\" data-element_type=\"widget\" data-e-type=\"widget\" data-widget_type=\"spacer.default\">\n\t\t\t\t<div class=\"elementor-widget-container\">\n\t\t\t\t\t\t\t<div class=\"elementor-spacer\">\n\t\t\t<div class=\"elementor-spacer-inner\"><\/div>\n\t\t<\/div>\n\t\t\t\t\t\t<\/div>\n\t\t\t\t<\/div>\n\t\t\t\t\t<\/div>\n\t\t<\/div>\n\t\t\t\t\t<\/div>\n\t\t<\/section>\n\t\t\t\t<section class=\"elementor-section elementor-top-section elementor-element elementor-element-dd5b306 elementor-section-boxed elementor-section-height-default elementor-section-height-default\" data-id=\"dd5b306\" data-element_type=\"section\" data-e-type=\"section\">\n\t\t\t\t\t\t<div class=\"elementor-container elementor-column-gap-default\">\n\t\t\t\t\t<div class=\"elementor-column elementor-col-100 elementor-top-column elementor-element elementor-element-f819f2e\" data-id=\"f819f2e\" data-element_type=\"column\" data-e-type=\"column\">\n\t\t\t<div class=\"elementor-widget-wrap elementor-element-populated\">\n\t\t\t\t\t\t<section class=\"elementor-section elementor-inner-section elementor-element elementor-element-b64cbd2 elementor-section-boxed elementor-section-height-default elementor-section-height-default\" data-id=\"b64cbd2\" data-element_type=\"section\" data-e-type=\"section\">\n\t\t\t\t\t\t<div class=\"elementor-container elementor-column-gap-default\">\n\t\t\t\t\t<div class=\"elementor-column elementor-col-100 elementor-inner-column elementor-element elementor-element-e3d9b95\" data-id=\"e3d9b95\" data-element_type=\"column\" data-e-type=\"column\">\n\t\t\t<div class=\"elementor-widget-wrap elementor-element-populated\">\n\t\t\t\t\t\t<div class=\"elementor-element elementor-element-3dc7c6d elementor-widget elementor-widget-image\" data-id=\"3dc7c6d\" data-element_type=\"widget\" data-e-type=\"widget\" data-widget_type=\"image.default\">\n\t\t\t\t<div class=\"elementor-widget-container\">\n\t\t\t\t\t\t\t\t\t\t\t\t\t\t\t<img fetchpriority=\"high\" decoding=\"async\" width=\"500\" height=\"500\" src=\"https:\/\/www.sushiya.de\/wp-content\/uploads\/sushiya-ci\/kamon\/A-928-sansaro-kamon-500px.png\" class=\"attachment-large size-large wp-image-41010\" alt=\"\" srcset=\"https:\/\/www.sushiya.de\/wp-content\/uploads\/sushiya-ci\/kamon\/A-928-sansaro-kamon-500px.png 500w, https:\/\/www.sushiya.de\/wp-content\/uploads\/sushiya-ci\/kamon\/A-928-sansaro-kamon-500px-300x300.png 300w, https:\/\/www.sushiya.de\/wp-content\/uploads\/sushiya-ci\/kamon\/A-928-sansaro-kamon-500px-100x100.png 100w, https:\/\/www.sushiya.de\/wp-content\/uploads\/sushiya-ci\/kamon\/A-928-sansaro-kamon-500px-150x150.png 150w\" sizes=\"(max-width: 500px) 100vw, 500px\" \/>\t\t\t\t\t\t\t\t\t\t\t\t\t\t\t<\/div>\n\t\t\t\t<\/div>\n\t\t\t\t<div class=\"elementor-element elementor-element-6910736 elementor-widget elementor-widget-heading\" data-id=\"6910736\" data-element_type=\"widget\" data-e-type=\"widget\" data-widget_type=\"heading.default\">\n\t\t\t\t<div class=\"elementor-widget-container\">\n\t\t\t\t\t<h1 class=\"elementor-heading-title elementor-size-default\">SUSHIYA \u30cb\u30e5\u30fc\u30b9\u30ec\u30bf\u30fc<\/h1>\t\t\t\t<\/div>\n\t\t\t\t<\/div>\n\t\t\t\t<div class=\"elementor-element elementor-element-34d0d5b elementor-widget elementor-widget-spacer\" data-id=\"34d0d5b\" data-element_type=\"widget\" data-e-type=\"widget\" data-widget_type=\"spacer.default\">\n\t\t\t\t<div class=\"elementor-widget-container\">\n\t\t\t\t\t\t\t<div class=\"elementor-spacer\">\n\t\t\t<div class=\"elementor-spacer-inner\"><\/div>\n\t\t<\/div>\n\t\t\t\t\t\t<\/div>\n\t\t\t\t<\/div>\n\t\t\t\t<div class=\"elementor-element elementor-element-befee9d elementor-widget elementor-widget-text-editor\" data-id=\"befee9d\" data-element_type=\"widget\" data-e-type=\"widget\" data-widget_type=\"text-editor.default\">\n\t\t\t\t<div class=\"elementor-widget-container\">\n\t\t\t\t\t\t\t\t\t<p>\u767a\u9001\u306f <strong>\u5e74\u306b\u6570\u56de\u306e\u30cb\u30e5\u30fc\u30b9\u30ec\u30bf\u30fc<\/strong> - \u3067\u3082\u3001\u98df\u6b32\u3092\u305d\u305d\u308a\u307e\u3059\u3002\u00a0<\/p><p>\u3092\u624b\u306b\u5165\u308c\u305f\u3089\u3001\u3044\u3064\u3067\u3082\u3044\u3061\u65e9\u304f\u304a\u77e5\u3089\u305b\u3057\u307e\u3059\u3002 <strong>\u6599\u7406\u306e\u30cf\u30a4\u30e9\u30a4\u30c8<\/strong> \u4eca\u5e74\u306e <strong>\u30a4\u30d9\u30f3\u30c8<\/strong> \u3092\u4e0e\u3048\u308b\u3002<\/p>\t\t\t\t\t\t\t\t<\/div>\n\t\t\t\t<\/div>\n\t\t\t\t<div class=\"elementor-element elementor-element-6111d19 elementor-widget elementor-widget-text-editor\" data-id=\"6111d19\" data-element_type=\"widget\" data-e-type=\"widget\" data-widget_type=\"text-editor.default\">\n\t\t\t\t<div class=\"elementor-widget-container\">\n\t\t\t\t\t\t\t\t\t<p>\u3082\u3061\u308d\u3093\u3001\u30ef\u30f3\u30af\u30ea\u30c3\u30af\u3067\u3044\u3064\u3067\u3082\u81ea\u52d5\u914d\u4fe1\u505c\u6b62\u304c\u53ef\u80fd\u3067\u3059\u3002<\/p>\t\t\t\t\t\t\t\t<\/div>\n\t\t\t\t<\/div>\n\t\t\t\t<div class=\"elementor-element elementor-element-318132c elementor-widget elementor-widget-spacer\" data-id=\"318132c\" data-element_type=\"widget\" data-e-type=\"widget\" data-widget_type=\"spacer.default\">\n\t\t\t\t<div class=\"elementor-widget-container\">\n\t\t\t\t\t\t\t<div class=\"elementor-spacer\">\n\t\t\t<div class=\"elementor-spacer-inner\"><\/div>\n\t\t<\/div>\n\t\t\t\t\t\t<\/div>\n\t\t\t\t<\/div>\n\t\t\t\t<div class=\"elementor-element elementor-element-734b9a8 elementor-widget elementor-widget-heading\" data-id=\"734b9a8\" data-element_type=\"widget\" data-e-type=\"widget\" data-widget_type=\"heading.default\">\n\t\t\t\t<div class=\"elementor-widget-container\">\n\t\t\t\t\t<h2 class=\"elementor-heading-title elementor-size-default\">\u30cb\u30e5\u30fc\u30b9\u30ec\u30bf\u30fc\u306b\u767b\u9332\u3059\u308b<\/h2>\t\t\t\t<\/div>\n\t\t\t\t<\/div>\n\t\t\t\t<div class=\"elementor-element elementor-element-9dd9f78 text-edit elementor-widget elementor-widget-text-editor\" data-id=\"9dd9f78\" data-element_type=\"widget\" data-e-type=\"widget\" data-widget_type=\"text-editor.default\">\n\t\t\t\t<div class=\"elementor-widget-container\">\n\t\t\t\t\t\t\t\t\t<p><strong>\u5f0a\u793e\u306e\u30cb\u30e5\u30fc\u30b9\u30ec\u30bf\u30fc\u306f\u3001\u6700\u65b0\u60c5\u5831\u3092\u304a\u77e5\u3089\u305b\u3059\u308b\u6700\u826f\u306e\u65b9\u6cd5\u3067\u3059\u3002\u73fe\u5728\u3001\u30cb\u30e5\u30fc\u30b9\u30ec\u30bf\u30fc\u3092 Opentable \u306b\u79fb\u884c\u4e2d\u3067\u3042\u308a\u3001\u30cb\u30e5\u30fc\u30b9\u30ec\u30bf\u30fc\u767b\u9332\u7528\u306e\u30d5\u30a9\u30fc\u30e0\u306f\u307e\u3060\u3054\u7528\u610f\u3057\u3066\u304a\u308a\u307e\u305b\u3093\u3002\u3054\u4e88\u7d04\u306e\u969b\u306b\u300csansaro \u304b\u3089\u30e1\u30fc\u30eb\u3092\u53d7\u4fe1\u3059\u308b\u300d\u3092\u30af\u30ea\u30c3\u30af\u3057\u3066\u304f\u3060\u3055\u3044\u3002.<\/strong><\/p>\t\t\t\t\t\t\t\t<\/div>\n\t\t\t\t<\/div>\n\t\t\t\t<div class=\"elementor-element elementor-element-8ab2401 elementor-widget elementor-widget-spacer\" data-id=\"8ab2401\" data-element_type=\"widget\" data-e-type=\"widget\" data-widget_type=\"spacer.default\">\n\t\t\t\t<div class=\"elementor-widget-container\">\n\t\t\t\t\t\t\t<div class=\"elementor-spacer\">\n\t\t\t<div class=\"elementor-spacer-inner\"><\/div>\n\t\t<\/div>\n\t\t\t\t\t\t<\/div>\n\t\t\t\t<\/div>\n\t\t\t\t\t<\/div>\n\t\t<\/div>\n\t\t\t\t\t<\/div>\n\t\t<\/section>\n\t\t\t\t\t<\/div>\n\t\t<\/div>\n\t\t\t\t\t<\/div>\n\t\t<\/section>\n\t\t\t\t<\/div>","protected":false},"excerpt":{"rendered":"<p>SUSHIYA Newsletter Wir verschicken nur wenige Newsletter pro Jahr &#8211; aber die machen Appetit.\u00a0 Seien Sie immer als erstes informiert, wenn es bei uns die kulinarischen H\u00f6hepunkte des Jahres oder unsere exklusiven Events gibt. Nat\u00fcrlich k\u00f6nnen Sie sich mit einem Klick jederzeit automatisiert abmelden. zum Newsletter anmelden Unser Newsletter ist die beste M\u00f6glichkeit, auf dem Laufenden zu bleiben. Im Moment stellen wir unseren Newsletter auf Opentable um, ein Formular zur Eintragung im Newsletter gibts noch nicht. Klicken sie beider Reservierung auf &#8222;sansaro darf mir emails schicken&#8220;.<\/p>","protected":false},"author":4,"featured_media":0,"parent":0,"menu_order":5,"comment_status":"closed","ping_status":"closed","template":"","meta":{"footnotes":""},"categories":[],"tags":[],"class_list":["post-41517","page","type-page","status-publish","hentry"],"jetpack_sharing_enabled":true,"_links":{"self":[{"href":"https:\/\/www.sushiya.de\/ja\/wp-json\/wp\/v2\/pages\/41517","targetHints":{"allow":["GET"]}}],"collection":[{"href":"https:\/\/www.sushiya.de\/ja\/wp-json\/wp\/v2\/pages"}],"about":[{"href":"https:\/\/www.sushiya.de\/ja\/wp-json\/wp\/v2\/types\/page"}],"author":[{"embeddable":true,"href":"https:\/\/www.sushiya.de\/ja\/wp-json\/wp\/v2\/users\/4"}],"replies":[{"embeddable":true,"href":"https:\/\/www.sushiya.de\/ja\/wp-json\/wp\/v2\/comments?post=41517"}],"version-history":[{"count":77,"href":"https:\/\/www.sushiya.de\/ja\/wp-json\/wp\/v2\/pages\/41517\/revisions"}],"predecessor-version":[{"id":63306,"href":"https:\/\/www.sushiya.de\/ja\/wp-json\/wp\/v2\/pages\/41517\/revisions\/63306"}],"wp:attachment":[{"href":"https:\/\/www.sushiya.de\/ja\/wp-json\/wp\/v2\/media?parent=41517"}],"wp:term":[{"taxonomy":"category","embeddable":true,"href":"https:\/\/www.sushiya.de\/ja\/wp-json\/wp\/v2\/categories?post=41517"},{"taxonomy":"post_tag","embeddable":true,"href":"https:\/\/www.sushiya.de\/ja\/wp-json\/wp\/v2\/tags?post=41517"}],"curies":[{"name":"wp","href":"https:\/\/api.w.org\/{rel}","templated":true}]}}