{"id":44088,"date":"2020-03-02T15:11:56","date_gmt":"2021-04-19T14:24:10","guid":{"rendered":"https:\/\/www.sushiya.de\/?page_id=44088"},"modified":"2023-05-08T23:50:35","modified_gmt":"2023-05-08T21:50:35","slug":"hefe-koji","status":"publish","type":"page","link":"https:\/\/www.sushiya.de\/ja\/sake\/sake-herstellung\/hefe-koji\/","title":{"rendered":"\u9175\u6bcd\u3068\u9eb9\u3001\u76ee\u306b\u898b\u3048\u306a\u3044\u9152\u9020\u308a\u306e\u8981\u7d20"},"content":{"rendered":"\t\t<div data-elementor-type=\"wp-page\" data-elementor-id=\"44088\" class=\"elementor elementor-44088\" data-elementor-post-type=\"page\">\n\t\t\t\t\t\t<section class=\"elementor-section elementor-top-section elementor-element elementor-element-d73dd43 elementor-section-boxed elementor-section-height-default elementor-section-height-default\" data-id=\"d73dd43\" data-element_type=\"section\" data-e-type=\"section\">\n\t\t\t\t\t\t<div class=\"elementor-container elementor-column-gap-default\">\n\t\t\t\t\t<div class=\"elementor-column elementor-col-50 elementor-top-column elementor-element elementor-element-4c90807\" data-id=\"4c90807\" data-element_type=\"column\" data-e-type=\"column\">\n\t\t\t<div class=\"elementor-widget-wrap elementor-element-populated\">\n\t\t\t\t\t\t<div class=\"elementor-element elementor-element-0c7629f title-h2 elementor-widget elementor-widget-heading\" data-id=\"0c7629f\" data-element_type=\"widget\" data-e-type=\"widget\" data-widget_type=\"heading.default\">\n\t\t\t\t<div class=\"elementor-widget-container\">\n\t\t\t\t\t<h2 class=\"elementor-heading-title elementor-size-default\">K\u014dji-Schimmelpilz vielseitiger Bestandteil der japanischen K\u00fcche<\/h2>\t\t\t\t<\/div>\n\t\t\t\t<\/div>\n\t\t\t\t<div class=\"elementor-element elementor-element-873fbf0 text-edit elementor-widget elementor-widget-text-editor\" data-id=\"873fbf0\" data-element_type=\"widget\" data-e-type=\"widget\" data-widget_type=\"text-editor.default\">\n\t\t\t\t<div class=\"elementor-widget-container\">\n\t\t\t\t\t\t\t\t\t<p>Bei der <a href=\"\/sake\/sake-herstellung\/\">Sake-Herstellung<\/a> ist immer wieder von \u201eK\u014dji\u201c die Rede. Was ist K\u014dji genau und wie wir er eingesetzt?<\/p>\t\t\t\t\t\t\t\t<\/div>\n\t\t\t\t<\/div>\n\t\t\t\t<div class=\"elementor-element elementor-element-22e44b7 title-h3 elementor-widget elementor-widget-heading\" data-id=\"22e44b7\" data-element_type=\"widget\" data-e-type=\"widget\" data-widget_type=\"heading.default\">\n\t\t\t\t<div class=\"elementor-widget-container\">\n\t\t\t\t\t<h3 class=\"elementor-heading-title elementor-size-default\">Was ist K\u014dji?<\/h3>\t\t\t\t<\/div>\n\t\t\t\t<\/div>\n\t\t\t\t<div class=\"elementor-element elementor-element-21a3a4e text-edit elementor-widget elementor-widget-text-editor\" data-id=\"21a3a4e\" data-element_type=\"widget\" data-e-type=\"widget\" data-widget_type=\"text-editor.default\">\n\t\t\t\t<div class=\"elementor-widget-container\">\n\t\t\t\t\t\t\t\t\t<p>Der K\u014dji Pilz (lat. Aspergillus oryzea), ein seit Jahrhunderten bekannter Edelschimmelpilz, wird in der japanischen K\u00fcche vielf\u00e4ltig verwendet. Mit seiner Hilfe werden Sojabohnen zu Sojasauce fermentiert, Miso hergestellt und eben auch Reis zu Sake.<\/p><p><em>Aspergillus flavus var. oryzae<\/em> ist eine vollst\u00e4ndig <a href=\"https:\/\/de.wikipedia.org\/wiki\/DNA-Sequenzierung\" target=\"_blank\" rel=\"nofollow noopener\">gensequenzierte<\/a> Lebensform, die f\u00fcr die Herstellung von \u03b1-Amylasen dient. Bei der Sake-Herstellung wirken K\u014dji und Hefe in der parallelen Fermentation zusammen.<\/p><p>K\u014dji wird haupts\u00e4chlich durch Z\u00fcchtung von ged\u00e4mpften K\u00f6rnern mit K\u014dji-Schimmelpilz hergestellt. Die Enzyme dieser K\u014dji Pilze produzieren wertvolle, k\u00f6stliche fermentierte Lebensmittel. K\u014dji ist daher seit Jahrhunderten ein wichtiger Bestandteil der traditionellen japanischen K\u00fcche. Nicht nur <a href=\"https:\/\/www.sushiya.de\/washoku\/chomiryo\/shoyu-japanische-sojasauce\/\" target=\"_blank\" rel=\"noopener\">Sojasauce<\/a>, Miso-Paste und Sake, sondern auch Mirin, Reisessig, <a href=\"https:\/\/www.sushiya.de\/sake\/sake-kategorien\/amazake\/\" target=\"_blank\" rel=\"noopener\">Amazake<\/a> und vieles andere wird mit ihm hergestellt.<\/p><p>Es gibt wei\u00dfen, gelben und schwarzen K\u014dji, je nach dem Aussehen des fertigen K\u014dji benannt. Sake-Brauer verwenden in erster Linie den gelben K\u014dji &#8211; aber auch auf diesem Gebiet wird weiter geforscht (wie auch an der Entwicklung der Hefen).<\/p>\t\t\t\t\t\t\t\t<\/div>\n\t\t\t\t<\/div>\n\t\t\t\t<div class=\"elementor-element elementor-element-3fd8170 title-h3 elementor-widget elementor-widget-heading\" data-id=\"3fd8170\" data-element_type=\"widget\" data-e-type=\"widget\" data-widget_type=\"heading.default\">\n\t\t\t\t<div class=\"elementor-widget-container\">\n\t\t\t\t\t<h3 class=\"elementor-heading-title elementor-size-default\">Herstellung von K\u014dji<\/h3>\t\t\t\t<\/div>\n\t\t\t\t<\/div>\n\t\t\t\t<div class=\"elementor-element elementor-element-5243716 text-edit elementor-widget elementor-widget-text-editor\" data-id=\"5243716\" data-element_type=\"widget\" data-e-type=\"widget\" data-widget_type=\"text-editor.default\">\n\t\t\t\t<div class=\"elementor-widget-container\">\n\t\t\t\t\t\t\t\t\t<p>K\u014dji-Reis wird hergestellt, indem ged\u00e4mpfter Reis mit K\u014dji-Verwandten (Aspergillus oryzae) beimpft wird.<\/p><p>Er hat eine \u00e4hnliche Funktion wie Malz bei der Bierherstellung. Der K\u014dji-Reis ist f\u00fcr die Erzeugung der Enzyme verantwortlich. Diese spalten die St\u00e4rke im Reis in die f\u00fcr die Fermentation erforderliche Glukose, die nach Zugabe der Hefe stattfindet, auf (sogen. Saccharifikation).<\/p><p>K\u014dji-Reis dient bei der G\u00e4rung der Hefe quasi als \u201eFutter\u201d.<\/p>\t\t\t\t\t\t\t\t<\/div>\n\t\t\t\t<\/div>\n\t\t\t\t<div class=\"elementor-element elementor-element-9623cc9 elementor-cta--skin-classic elementor-animated-content elementor-bg-transform elementor-bg-transform-zoom-in elementor-widget elementor-widget-call-to-action\" data-id=\"9623cc9\" data-element_type=\"widget\" data-e-type=\"widget\" data-widget_type=\"call-to-action.default\">\n\t\t\t\t<div class=\"elementor-widget-container\">\n\t\t\t\t\t\t\t<a class=\"elementor-cta\" href=\"#elementor-action%3Aaction%3Dlightbox%26settings%3DeyJ1cmwiOiJodHRwczpcL1wvd3d3LnN1c2hpeWEuZGVcL3dwLWNvbnRlbnRcL3VwbG9hZHNcL3Nha2VcL3Nha2UtaGVyc3RlbGx1bmdcL2tvamktYmVzdGFldWJ1bmdfMjM5MDI4NDU0LTE5MDBweC5qcGciLCJ0eXBlIjoiaW1hZ2UiLCJ0aXRsZSI6IktcdTAxNGRqaS1CZXN0XHUwMGU0dWJ1bmdfMjM5MDI4NDU0LTE5MDBweCJ9\">\n\t\t\t\t\t<div class=\"elementor-cta__bg-wrapper\">\n\t\t\t\t<div class=\"elementor-cta__bg elementor-bg\" style=\"background-image: url(https:\/\/www.sushiya.de\/wp-content\/uploads\/sake\/sake-herstellung\/koji-bestaeubung_239028454-1900px-1536x865.jpg);\" role=\"img\" aria-label=\"K\u014dji-Best\u00e4ubung_239028454-1900px\"><\/div>\n\t\t\t\t<div class=\"elementor-cta__bg-overlay\"><\/div>\n\t\t\t<\/div>\n\t\t\t\t\t\t\t<div class=\"elementor-cta__content\">\n\t\t\t\t\n\t\t\t\t\n\t\t\t\t\t\t\t\t\t<div class=\"elementor-cta__description elementor-cta__content-item elementor-content-item\">\n\t\t\t\t\t\tK\u014dji-Best\u00e4ubung\t\t\t\t\t<\/div>\n\t\t\t\t\n\t\t\t\t\t\t\t<\/div>\n\t\t\t\t\t\t<\/a>\n\t\t\t\t\t\t<\/div>\n\t\t\t\t<\/div>\n\t\t\t\t<div class=\"elementor-element elementor-element-fe23892 title-h3 elementor-widget elementor-widget-heading\" data-id=\"fe23892\" data-element_type=\"widget\" data-e-type=\"widget\" data-widget_type=\"heading.default\">\n\t\t\t\t<div class=\"elementor-widget-container\">\n\t\t\t\t\t<h3 class=\"elementor-heading-title elementor-size-default\">Optimale Temperatur f\u00fcr richtige Entwicklung des K\u014dji n\u00f6tig<\/h3>\t\t\t\t<\/div>\n\t\t\t\t<\/div>\n\t\t\t\t<div class=\"elementor-element elementor-element-d6f45da text-edit elementor-widget elementor-widget-text-editor\" data-id=\"d6f45da\" data-element_type=\"widget\" data-e-type=\"widget\" data-widget_type=\"text-editor.default\">\n\t\t\t\t<div class=\"elementor-widget-container\">\n\t\t\t\t\t\t\t\t\t<p>Damit der K\u014dji Pilz optimal wachsen kann, braucht er genau die richtige Temperatur und eine bestimmte Luftfeuchtigkeit.<\/p><p>Je hochklassiger ein Sake ist, desto aufmerksamer und behutsamer muss er bei der Produktion behandelt werden.<\/p><p>Die Reisk\u00f6rner werden regelm\u00e4\u00dfig von Hand umgeschichtet, um so die Feuchtigkeit und die Temperatur zu regulieren. Je nach Stilistik des Sake sollen die Reisk\u00f6rner mehr oder weniger stark vom K\u014dji Pilz durchdrungen sein, da die Menge an K\u014dji (und damit von Enzymen) die Geschwindigkeit der G\u00e4rung und somit den Geschmack beeinflusst.<\/p><p>Die Besonderheit des K\u014dji-Reises ist der wachsende Schimmelpilz bei der Fermentierung, der sehr flaumig aussieht.<\/p>\t\t\t\t\t\t\t\t<\/div>\n\t\t\t\t<\/div>\n\t\t\t\t<div class=\"elementor-element elementor-element-28ff342 text-edit elementor-widget elementor-widget-text-editor\" data-id=\"28ff342\" data-element_type=\"widget\" data-e-type=\"widget\" data-widget_type=\"text-editor.default\">\n\t\t\t\t<div class=\"elementor-widget-container\">\n\t\t\t\t\t\t\t\t\t<p>Ungef\u00e4hr 50 verschiedene Enzyme und S\u00e4uren entwickeln sich w\u00e4hrend dieser G\u00e4rung. Der fertige K\u014dji-Reis schmeckt leicht s\u00fc\u00dflich und besitzt einen charakteristischen Geruch. Der ganze Fermentierungsvorgang dauert etwa 48 Stunden.<\/p><p>\u00dcbrigens: Beim Bierbrauen gibt es einen \u00e4hnlichen Vorgang \u2013 auch hier muss die St\u00e4rke im Getreide erst zu Zucker umgewandelt werden. Daf\u00fcr wird das Getreide zum Keimen gebracht (M\u00e4lzen), denn im Keim finden sich die notwendigen Enzyme, um die St\u00e4rke aufzuspalten.<\/p><p>Nur: beim Reis funktioniert das nicht, da der Keim zu Beginn wegpoliert wurde.<\/p>\t\t\t\t\t\t\t\t<\/div>\n\t\t\t\t<\/div>\n\t\t\t\t<div class=\"elementor-element elementor-element-64be6b6 title-h2 elementor-widget elementor-widget-heading\" data-id=\"64be6b6\" data-element_type=\"widget\" data-e-type=\"widget\" data-widget_type=\"heading.default\">\n\t\t\t\t<div class=\"elementor-widget-container\">\n\t\t\t\t\t<h2 class=\"elementor-heading-title elementor-size-default\">Hefe und Hefestartergemisch f\u00fcr die Sake-Herstellung<\/h2>\t\t\t\t<\/div>\n\t\t\t\t<\/div>\n\t\t\t\t<div class=\"elementor-element elementor-element-b19fa09 text-edit elementor-widget elementor-widget-text-editor\" data-id=\"b19fa09\" data-element_type=\"widget\" data-e-type=\"widget\" data-widget_type=\"text-editor.default\">\n\t\t\t\t<div class=\"elementor-widget-container\">\n\t\t\t\t\t\t\t\t\t<p>Die verwendete Hefe hat einen wesentlichen Einfluss auf Geschmack und Aroma des gebrauten Sake: <a href=\"https:\/\/www.thedrinksbusiness.com\/2021\/03\/sake-special-sake-and-its-relationship-with-yeast\/\" target=\"_blank\" rel=\"nofollow noopener\">bis zu 60% davon sind der Hefe zuzuschreiben<\/a>. Zum Vergleich: Hefe beeinflusst den Geschmack des Weins zu gut 20%, bei Whisky sind es rund 30% und beim Bier schlie\u00dflich rund 50%.<\/p><p>Noch bis in das fr\u00fche 20. Jahrhundert hinein wurde f\u00fcr den Brauprozess einfach nat\u00fcrlich auftretende Hefe verwendet (\u201ewilde Hefen\u201c).<\/p><p>Mit der Zeit versuchte man, besonders gute Hefen zu erhalten und zu kultivieren. Etwa 25 Hefe-Sorten gibt es, die man zentralisiert bei speziellen Stellen kaufen kann. Acht davon werden heute aber kaum noch verwendet, da sie sich f\u00fcr die Produktion von Sake nur begrenzt eignen.<\/p><p>Da die Auswahl der Hefen f\u00fcr den Geschmack so wichtig ist, gibt es spezielle Hefe-Experten, die nach immer neuen Varianten suchen.<\/p>\t\t\t\t\t\t\t\t<\/div>\n\t\t\t\t<\/div>\n\t\t\t\t<div class=\"elementor-element elementor-element-54e28bd title-h3 elementor-widget elementor-widget-heading\" data-id=\"54e28bd\" data-element_type=\"widget\" data-e-type=\"widget\" data-widget_type=\"heading.default\">\n\t\t\t\t<div class=\"elementor-widget-container\">\n\t\t\t\t\t<h3 class=\"elementor-heading-title elementor-size-default\">Optimale Hefe f\u00fcr Sake ergibt sich aus Zusammenspiel verschiedener Faktoren<\/h3>\t\t\t\t<\/div>\n\t\t\t\t<\/div>\n\t\t\t\t<div class=\"elementor-element elementor-element-102a5c7 text-edit elementor-widget elementor-widget-text-editor\" data-id=\"102a5c7\" data-element_type=\"widget\" data-e-type=\"widget\" data-widget_type=\"text-editor.default\">\n\t\t\t\t<div class=\"elementor-widget-container\">\n\t\t\t\t\t\t\t\t\t<p>Die Umgebung einer Brauerei \u2013 klimatische Bedingungen und die Beschaffenheit des Wassers \u2013 erfordert ihrerseits bestimmte Eigenschaften der Hefe. Deshalb werden immer wieder regionale Hefen kultiviert und von den Pr\u00e4fekturen oder einzelnen Brauereien gesch\u00fctzt.<\/p>\t\t\t\t\t\t\t\t<\/div>\n\t\t\t\t<\/div>\n\t\t\t\t<div class=\"elementor-element elementor-element-5c7dd58 title-h3 elementor-widget elementor-widget-heading\" data-id=\"5c7dd58\" data-element_type=\"widget\" data-e-type=\"widget\" data-widget_type=\"heading.default\">\n\t\t\t\t<div class=\"elementor-widget-container\">\n\t\t\t\t\t<h3 class=\"elementor-heading-title elementor-size-default\">Verwendete Hefe beeinflusst wesentlich Aroma des Sake<\/h3>\t\t\t\t<\/div>\n\t\t\t\t<\/div>\n\t\t\t\t<div class=\"elementor-element elementor-element-9a54b62 text-edit elementor-widget elementor-widget-text-editor\" data-id=\"9a54b62\" data-element_type=\"widget\" data-e-type=\"widget\" data-widget_type=\"text-editor.default\">\n\t\t\t\t<div class=\"elementor-widget-container\">\n\t\t\t\t\t\t\t\t\t<p>Die verschiedenen Hefen sind jeweils f\u00fcr einen eigenen \u201eStil\u201c beziehungsweise das besondere Aroma von Sake verantwortlich, ob w\u00fcrzig und robust, s\u00fc\u00df und fruchtig, leicht und mild oder umami.<\/p><p>Wenn ein Sake tendenziell nach Banane, Erdbeere, Birne oder Melone riecht, sind das Aromen, die von der entsprechend kultivierten Hefe kommen.<\/p><p>Gute Beispiele daf\u00fcr sind der \u201eStrawberry Blossom\u201c Junmai Ginj\u014d Namazake oder der \u201eRhododendron\u201c Junmai Daiginj\u014d Kimoto der Brauerei Amabuki aus dem S\u00fcden Japans, deren junge Braumeister gerne mit modernen Hefen experimentieren.<\/p>\t\t\t\t\t\t\t\t<\/div>\n\t\t\t\t<\/div>\n\t\t\t\t\t<\/div>\n\t\t<\/div>\n\t\t\t\t<div class=\"elementor-column elementor-col-50 elementor-top-column elementor-element elementor-element-7f144c4 elementor-hidden-tablet elementor-hidden-phone\" data-id=\"7f144c4\" data-element_type=\"column\" data-e-type=\"column\">\n\t\t\t<div class=\"elementor-widget-wrap elementor-element-populated\">\n\t\t\t\t\t\t<section class=\"elementor-section elementor-inner-section elementor-element elementor-element-bee5529 elementor-section-boxed elementor-section-height-default elementor-section-height-default\" data-id=\"bee5529\" data-element_type=\"section\" data-e-type=\"section\" data-settings=\"{&quot;sticky&quot;:&quot;top&quot;,&quot;sticky_offset&quot;:120,&quot;sticky_parent&quot;:&quot;yes&quot;,&quot;sticky_on&quot;:[&quot;desktop&quot;,&quot;tablet&quot;,&quot;mobile&quot;],&quot;sticky_effects_offset&quot;:0,&quot;sticky_anchor_link_offset&quot;:0}\">\n\t\t\t\t\t\t<div class=\"elementor-container elementor-column-gap-default\">\n\t\t\t\t\t<div class=\"elementor-column elementor-col-100 elementor-inner-column elementor-element elementor-element-065af78\" data-id=\"065af78\" data-element_type=\"column\" data-e-type=\"column\" data-settings=\"{&quot;background_background&quot;:&quot;classic&quot;}\">\n\t\t\t<div class=\"elementor-widget-wrap elementor-element-populated\">\n\t\t\t\t\t\t<div class=\"elementor-element elementor-element-9a72f44 title-h4 elementor-widget elementor-widget-heading\" data-id=\"9a72f44\" data-element_type=\"widget\" data-e-type=\"widget\" data-widget_type=\"heading.default\">\n\t\t\t\t<div class=\"elementor-widget-container\">\n\t\t\t\t\t<h4 class=\"elementor-heading-title elementor-size-default\">Das k\u00f6nnte Sie auch interessieren:<\/h4>\t\t\t\t<\/div>\n\t\t\t\t<\/div>\n\t\t\t\t<div class=\"elementor-element elementor-element-6cce69e text-edit elementor-icon-list--layout-traditional elementor-list-item-link-full_width elementor-widget elementor-widget-icon-list\" data-id=\"6cce69e\" data-element_type=\"widget\" data-e-type=\"widget\" data-widget_type=\"icon-list.default\">\n\t\t\t\t<div class=\"elementor-widget-container\">\n\t\t\t\t\t\t\t<ul class=\"elementor-icon-list-items\">\n\t\t\t\t\t\t\t<li class=\"elementor-icon-list-item\">\n\t\t\t\t\t\t\t\t\t\t\t<a href=\"\/sake\/sake-herkunft\/regionen\/\">\n\n\t\t\t\t\t\t\t\t\t\t\t\t<span class=\"elementor-icon-list-icon\">\n\t\t\t\t\t\t\t<i aria-hidden=\"true\" class=\"fas fa-chevron-right\"><\/i>\t\t\t\t\t\t<\/span>\n\t\t\t\t\t\t\t\t\t\t<span class=\"elementor-icon-list-text\">Wo kommt Sake her - wie unterscheiden sich die Sake-Stile in den verschiedenen Regionen Japans?<\/span>\n\t\t\t\t\t\t\t\t\t\t\t<\/a>\n\t\t\t\t\t\t\t\t\t<\/li>\n\t\t\t\t\t\t\t\t<li class=\"elementor-icon-list-item\">\n\t\t\t\t\t\t\t\t\t\t\t<a href=\"\/sake\/sake-herstellung\/\">\n\n\t\t\t\t\t\t\t\t\t\t\t\t<span class=\"elementor-icon-list-icon\">\n\t\t\t\t\t\t\t<i aria-hidden=\"true\" class=\"fas fa-chevron-right\"><\/i>\t\t\t\t\t\t<\/span>\n\t\t\t\t\t\t\t\t\t\t<span class=\"elementor-icon-list-text\">Wie und woraus wird Sake hergestellt?<\/span>\n\t\t\t\t\t\t\t\t\t\t\t<\/a>\n\t\t\t\t\t\t\t\t\t<\/li>\n\t\t\t\t\t\t\t\t<li class=\"elementor-icon-list-item\">\n\t\t\t\t\t\t\t\t\t\t\t<a href=\"\/sake\/sake-herstellung\/reis\/\">\n\n\t\t\t\t\t\t\t\t\t\t\t\t<span class=\"elementor-icon-list-icon\">\n\t\t\t\t\t\t\t<i aria-hidden=\"true\" class=\"fas fa-chevron-right\"><\/i>\t\t\t\t\t\t<\/span>\n\t\t\t\t\t\t\t\t\t\t<span class=\"elementor-icon-list-text\">Reis - zentraler Rohstoff f\u00fcr die Sake-Herstellung<\/span>\n\t\t\t\t\t\t\t\t\t\t\t<\/a>\n\t\t\t\t\t\t\t\t\t<\/li>\n\t\t\t\t\t\t\t\t<li class=\"elementor-icon-list-item\">\n\t\t\t\t\t\t\t\t\t\t\t<a href=\"\/sake\/sake-herstellung\/wasser\/\">\n\n\t\t\t\t\t\t\t\t\t\t\t\t<span class=\"elementor-icon-list-icon\">\n\t\t\t\t\t\t\t<i aria-hidden=\"true\" class=\"fas fa-chevron-right\"><\/i>\t\t\t\t\t\t<\/span>\n\t\t\t\t\t\t\t\t\t\t<span class=\"elementor-icon-list-text\">Wichtiger Rohstoff f\u00fcr Sake: (japanisches) Wasser<\/span>\n\t\t\t\t\t\t\t\t\t\t\t<\/a>\n\t\t\t\t\t\t\t\t\t<\/li>\n\t\t\t\t\t\t<\/ul>\n\t\t\t\t\t\t<\/div>\n\t\t\t\t<\/div>\n\t\t\t\t\t<\/div>\n\t\t<\/div>\n\t\t\t\t\t<\/div>\n\t\t<\/section>\n\t\t\t\t\t<\/div>\n\t\t<\/div>\n\t\t\t\t\t<\/div>\n\t\t<\/section>\n\t\t\t\t<\/div>\n\t\t","protected":false},"excerpt":{"rendered":"<p>\u305d\u306e\u305f\u3081\u3001\u30d5\u30a1\u30fc\u30b9\u30c8\u30af\u30e9\u30b9\u306e <a href=\"\/ja\/sake\/\">\u65e5\u672c\u9152<\/a> \u91b8\u9020\u306b\u306f\u3001\u9069\u5207\u306a\u6c34\u3068\u7279\u5225\u306a\u7c73\u3060\u3051\u3067\u306a\u304f\u3001\u9175\u6bcd\u3068\u975e\u5e38\u306b\u7279\u6b8a\u306a\u8cb4\u8150\u83cc\u3082\u5fc5\u8981\u3067\u3059\u3002\u9eb9\u83cc\uff08Aspergillus oryzea\uff09\u306f\u3001\u30c7\u30f3\u30d7\u30f3\u3092\u5206\u89e3\u3067\u304d\u308b\u3088\u3046\u306b\u3057\u307e\u3059\u3002\u305d\u306e\u969b\u3001\u69d8\u3005\u306a\u3001\u3042\u308b\u3044\u306f\u7279\u5225\u306b\u98fc\u80b2\u3055\u308c\u305f\u9175\u6bcd\u304c\u4f7f\u7528\u3055\u308c\u307e\u3059\u3002\u3053\u308c\u3089\u306e\u9175\u6bcd\u306f\u3001\u65e5\u672c\u9152\u306b\u7279\u5225\u306a\u5473\u306e\u5927\u90e8\u5206\u3092\u4e0e\u3048\u3001\u65e5\u672c\u9152\u306e\u30b9\u30bf\u30a4\u30eb\u3092\u5f62\u6210\u3057\u307e\u3059\u3002 <\/p>","protected":false},"author":4,"featured_media":46804,"parent":43491,"menu_order":2,"comment_status":"closed","ping_status":"closed","template":"","meta":{"footnotes":""},"categories":[178,133],"tags":[],"class_list":["post-44088","page","type-page","status-publish","has-post-thumbnail","hentry","category-sake","category-template-neu"],"jetpack_sharing_enabled":true,"_links":{"self":[{"href":"https:\/\/www.sushiya.de\/ja\/wp-json\/wp\/v2\/pages\/44088","targetHints":{"allow":["GET"]}}],"collection":[{"href":"https:\/\/www.sushiya.de\/ja\/wp-json\/wp\/v2\/pages"}],"about":[{"href":"https:\/\/www.sushiya.de\/ja\/wp-json\/wp\/v2\/types\/page"}],"author":[{"embeddable":true,"href":"https:\/\/www.sushiya.de\/ja\/wp-json\/wp\/v2\/users\/4"}],"replies":[{"embeddable":true,"href":"https:\/\/www.sushiya.de\/ja\/wp-json\/wp\/v2\/comments?post=44088"}],"version-history":[{"count":20,"href":"https:\/\/www.sushiya.de\/ja\/wp-json\/wp\/v2\/pages\/44088\/revisions"}],"predecessor-version":[{"id":57502,"href":"https:\/\/www.sushiya.de\/ja\/wp-json\/wp\/v2\/pages\/44088\/revisions\/57502"}],"up":[{"embeddable":true,"href":"https:\/\/www.sushiya.de\/ja\/wp-json\/wp\/v2\/pages\/43491"}],"wp:featuredmedia":[{"embeddable":true,"href":"https:\/\/www.sushiya.de\/ja\/wp-json\/wp\/v2\/media\/46804"}],"wp:attachment":[{"href":"https:\/\/www.sushiya.de\/ja\/wp-json\/wp\/v2\/media?parent=44088"}],"wp:term":[{"taxonomy":"category","embeddable":true,"href":"https:\/\/www.sushiya.de\/ja\/wp-json\/wp\/v2\/categories?post=44088"},{"taxonomy":"post_tag","embeddable":true,"href":"https:\/\/www.sushiya.de\/ja\/wp-json\/wp\/v2\/tags?post=44088"}],"curies":[{"name":"wp","href":"https:\/\/api.w.org\/{rel}","templated":true}]}}