{"id":53646,"date":"2022-11-27T14:54:24","date_gmt":"2022-11-27T13:54:24","guid":{"rendered":"https:\/\/www.sushiya.de\/?page_id=53646"},"modified":"2022-11-27T15:14:03","modified_gmt":"2022-11-27T14:14:03","slug":"makimono-sushirollen","status":"publish","type":"page","link":"https:\/\/www.sushiya.de\/ja\/sushi\/sushi-sorten\/makimono-sushirollen\/","title":{"rendered":"\u5dfb\u304d\u5bff\u53f8\uff1a\u5dfb\u304d\u5bff\u53f8\u307e\u305f\u306f\u5dfb\u304d\u7269"},"content":{"rendered":"<div data-elementor-type=\"wp-page\" data-elementor-id=\"53646\" class=\"elementor elementor-53646\" data-elementor-post-type=\"page\">\n\t\t\t\t\t\t<section class=\"elementor-section elementor-top-section elementor-element elementor-element-29f5037 elementor-section-boxed elementor-section-height-default elementor-section-height-default\" data-id=\"29f5037\" data-element_type=\"section\" data-e-type=\"section\">\n\t\t\t\t\t\t<div class=\"elementor-container elementor-column-gap-default\">\n\t\t\t\t\t<div class=\"elementor-column elementor-col-100 elementor-top-column elementor-element elementor-element-877f399\" data-id=\"877f399\" data-element_type=\"column\" data-e-type=\"column\">\n\t\t\t<div class=\"elementor-widget-wrap elementor-element-populated\">\n\t\t\t\t\t\t<div class=\"elementor-element elementor-element-5f04166 text-edit elementor-widget elementor-widget-text-editor\" data-id=\"5f04166\" data-element_type=\"widget\" data-e-type=\"widget\" data-widget_type=\"text-editor.default\">\n\t\t\t\t<div class=\"elementor-widget-container\">\n\t\t\t\t\t\t\t\t\t<p><a href=\"https:\/\/www.sushiya.de\/ja\/sushi\/sushi-sorten\/\" target=\"_blank\" rel=\"noopener\">\u5bff\u53f8\u306b\u306f\u3055\u307e\u3056\u307e\u306a\u5f62\u304c\u3042\u308b\u3002<\/a> \u56fd\u969b\u7684\u306b\u6700\u3082\u3088\u304f\u77e5\u3089\u308c\u3066\u3044\u308b\u5bff\u53f8\u306e\u5f62\u306f\u3001\u771f\u3093\u4e2d\u306b\u4e2d\u8eab\u304c\u3042\u308a\u3001\u305d\u306e\u5468\u308a\u306b\u3054\u98ef\u304c\u3042\u308b\u8c61\u5fb4\u7684\u306a\u30ed\u30fc\u30eb\u5bff\u53f8\u3060\u308d\u3046\u3002\u65e5\u672c\u3067\u306f\u3001\u69d8\u3005\u306a\u5dfb\u304d\u5bff\u53f8\u306e\u7dcf\u79f0\u3092\u300c\u5dfb\u304d\u7269\u300d\u3068\u547c\u3093\u3067\u3044\u308b\u3002\u4ee3\u8868\u7684\u306a\u5dfb\u7269\u306e\u5f62\u72b6\u306f\u3001\u7d30\u5dfb\u304d\u3001\u4e2d\u5dfb\u304d\u3001\u592a\u5dfb\u304d\u3067\u3042\u308b\u3002\u3057\u304b\u3057\u3001\u65e5\u672c\u306e\u4f1d\u7d71\u7684\u306a\u5bff\u53f8\u5c4b\u3067\u306f\u3001\u307b\u3068\u3093\u3069\u7d30\u5dfb\u304d\u3057\u304b\u306a\u3044\uff08\u65e5\u672c\u306e\u7f8e\u5473\u3057\u3044\u5bff\u53f8\u306e\u5927\u534a\u306f\u5dfb\u304d\u7269\u3067\u3042\u308b\uff09\u3002 <a href=\"https:\/\/www.sushiya.de\/ja\/sushi\/sushi-sorten\/nigiri\/\" target=\"_blank\" rel=\"noopener\">\u63e1\u308a<\/a> \u305d\u3057\u3066 <a href=\"https:\/\/www.sushiya.de\/ja\/sushi\/sushi-sorten\/gunkan\/\" target=\"_blank\" rel=\"noopener\">\u8ecd\u8266<\/a> \u30c0\u30fc)\u3002<\/p><p>\u00a0<\/p>\t\t\t\t\t\t\t\t<\/div>\n\t\t\t\t<\/div>\n\t\t\t\t\t<\/div>\n\t\t<\/div>\n\t\t\t\t\t<\/div>\n\t\t<\/section>\n\t\t\t\t<section class=\"elementor-section elementor-top-section elementor-element elementor-element-5dfc8b7 elementor-section-boxed elementor-section-height-default elementor-section-height-default\" data-id=\"5dfc8b7\" data-element_type=\"section\" data-e-type=\"section\">\n\t\t\t\t\t\t<div class=\"elementor-container elementor-column-gap-default\">\n\t\t\t\t\t<div class=\"elementor-column elementor-col-100 elementor-top-column elementor-element elementor-element-e4a064a\" data-id=\"e4a064a\" data-element_type=\"column\" data-e-type=\"column\">\n\t\t\t<div class=\"elementor-widget-wrap elementor-element-populated\">\n\t\t\t\t\t\t<div class=\"elementor-element elementor-element-e117650 title-h2 elementor-widget elementor-widget-heading\" data-id=\"e117650\" data-element_type=\"widget\" data-e-type=\"widget\" data-widget_type=\"heading.default\">\n\t\t\t\t<div class=\"elementor-widget-container\">\n\t\t\t\t\t<h2 class=\"elementor-heading-title elementor-size-default\">\u30de\u30ad\u30e2\u30ce\u3068\u306f\uff1f<\/h2>\t\t\t\t<\/div>\n\t\t\t\t<\/div>\n\t\t\t\t<div class=\"elementor-element elementor-element-97eab68 text-edit elementor-widget elementor-widget-text-editor\" data-id=\"97eab68\" data-element_type=\"widget\" data-e-type=\"widget\" data-widget_type=\"text-editor.default\">\n\t\t\t\t<div class=\"elementor-widget-container\">\n\t\t\t\t\t\t\t\t\t<p>\u5dfb\u304d\u7269\u3068\u306f\u3001\u3055\u307e\u3056\u307e\u306a\u7a2e\u985e\u306e\u5dfb\u304d\u5bff\u53f8\u306e\u7dcf\u79f0\u3067\u3042\u308b\u3002\u00a0<\/p><p>\u5dfb\u304d\u5bff\u53f8\u306f\u3001\u9162\u98ef\u3068\u5177\u6750\u3092\u6d77\u82d4\u3067\u5dfb\u3044\u3066\u4f5c\u308b\u3002\u00a0<\/p><p>\u6d77\u82d4\u306f\u3001\u5c11\u306a\u304f\u3068\u3082\u73fe\u5728\u3067\u306f\u3001\u5dfb\u304d\u5bff\u53f8\u306e\u6750\u6599\u3068\u3057\u3066\u6700\u3082\u91cd\u8981\u306a\u3082\u306e\u3067\u3059\u3002\u73fe\u4ee3\u7684\u306a\u89e3\u91c8\u3067\u306f\u3001\u4ed6\u306e\u30e9\u30c3\u30d4\u30f3\u30b0\u3082\u77e5\u3089\u308c\u3066\u3044\u307e\u3059\u3002\u5dfb\u304d\u3059\u3068\u547c\u3070\u308c\u308b\u7af9\u3067\u3067\u304d\u305f\u30de\u30c3\u30c8\u3067\u5177\u6750\u3092\u5dfb\u304d\u307e\u3059\u3002<\/p><p>\u5dfb\u304d\u5bff\u53f8\u306f\u300118\u4e16\u7d00\u5f8c\u534a\u306b\u300c\u68d2\u5bff\u53f8\u300d\u304b\u3089\u767a\u5c55\u3057\u305f\u3068\u3055\u308c\u3066\u3044\u308b\u3002\u6d77\u82d4\u304c\u4f5c\u3089\u308c\u308b\u3088\u3046\u306b\u306a\u3063\u305f\u306e\u306f\u300118\u4e16\u7d00\u521d\u982d\u306e\u6c5f\u6238\uff08\u73fe\u5728\u306e\u6771\u4eac\uff09\u3067\u3042\u308b\uff08\u53c2\u8003\uff1ahttps:\/\/makizushi-club.com\/story\/\uff09\u3002<\/p><p>\u5dfb\u304d\u5bff\u53f8\u306b\u306f\u3001\u307e\u3063\u305f\u304f\u7570\u306a\u308b\u98df\u6750\u304c\u4f7f\u308f\u308c\u308b\u3053\u3068\u3082\u3042\u308b\u3002\u3060\u304b\u3089\u3001\u5dfb\u304d\u5bff\u53f8\u306e\u7a2e\u985e\u3082\u591a\u304f\u3001\uff08\u65e5\u672c\u304b\u3089\u898b\u3066\uff09\u6d77\u5916\u3067\u306f\u5e38\u306b\u518d\u767a\u660e\u3055\u308c\u3066\u3044\u308b\u306e\u3067\u3059\u3002<\/p>\t\t\t\t\t\t\t\t<\/div>\n\t\t\t\t<\/div>\n\t\t\t\t<div class=\"elementor-element elementor-element-2a90dd0 title-h3 elementor-widget elementor-widget-heading\" data-id=\"2a90dd0\" data-element_type=\"widget\" data-e-type=\"widget\" data-widget_type=\"heading.default\">\n\t\t\t\t<div class=\"elementor-widget-container\">\n\t\t\t\t\t<h3 class=\"elementor-heading-title elementor-size-default\">\u5dfb\u304d\u5bff\u53f8\u306e\u304a\u3044\u3057\u3044\u98df\u3079\u65b9\u3068\u306f\uff1f<\/h3>\t\t\t\t<\/div>\n\t\t\t\t<\/div>\n\t\t\t\t<div class=\"elementor-element elementor-element-259a807 text-edit elementor-widget elementor-widget-text-editor\" data-id=\"259a807\" data-element_type=\"widget\" data-e-type=\"widget\" data-widget_type=\"text-editor.default\">\n\t\t\t\t<div class=\"elementor-widget-container\">\n\t\t\t\t\t\t\t\t\t<p>\u5dfb\u304d\u5bff\u53f8\u306f\u3001\u91a4\u6cb9\u3092\u307b\u3068\u3093\u3069\u3064\u3051\u305a\u306b\u697d\u3057\u3080\u3002\u00a0<\/p><p>\u4edd <a href=\"https:\/\/www.sushiya.de\/ja\/washoku\/chomiryo\/shoyu-japanische-sojasauce\/\" target=\"_blank\" rel=\"noopener\">\u3057\u3087\u3046\u3086<\/a> \u306f\u3001\u6d77\u82d4\u3068\u3054\u98ef\u306e\u3061\u3087\u3046\u3069\u5883\u76ee\u306b\u3042\u308b\u306f\u305a\u3067\u3059\u3002\u5dfb\u304d\u5bff\u53f8\u304c\u5c11\u3057\u659c\u3081\u306b\u306a\u3063\u3066\u3044\u308b\u3068\u3001\u305d\u3053\u306b\u91a4\u6cb9\u3092\u7f6e\u304d\u3084\u3059\u3044\u3093\u3067\u3059\u3002\u5dfb\u304d\u5bff\u53f8\u306f\u3001\u7bb8\u3067\u98df\u3079\u3066\u3082\u3001\u6307\u3067\u76f4\u63a5\u98df\u3079\u3066\u3082\u3044\u3044\u3002\u00a0<\/p><p>\u30ca\u30a4\u30d5\u3084\u30d5\u30a9\u30fc\u30af\u306a\u3069\u306e\u7c97\u96d1\u306a\u9053\u5177\u306f\u3001\u5bff\u53f8\u306e\u5473\u3092\u90aa\u9b54\u3057\u305f\u308a\u3001\u65e5\u672c\u4eba\u306e\u76ee\u3092\u4e71\u3057\u305f\u308a\u3059\u308b\u306e\u3067\u3001\u7d76\u5bfe\u306b\u4f7f\u308f\u306a\u3044\u3067\u304f\u3060\u3055\u3044\u3002<\/p><p><span style=\"color: var( --e-global-color-1d94043 ); letter-spacing: 0.3px; background-color: var( --e-global-color-e8e2c28 );\">\u307e\u305f\u3001\u5916\u56fd\u4eba\u304c\u5dfb\u304d\u5bff\u53f8\u306b\u30ac\u30ea\u3092\u4e57\u305b\u308b\u306e\u306f\u3001\u65e5\u672c\u4eba\u306b\u3068\u3063\u3066\u975e\u5e38\u306b\u9055\u548c\u611f\u304c\u3042\u308b\u3053\u3068\u3092\u3001\u3053\u306e\u6a5f\u4f1a\u306b\u304a\u4f1d\u3048\u3057\u3066\u304a\u304d\u305f\u3044\u3002\u306e\u8a18\u4e8b\u3067\u8a73\u3057\u304f\u7d39\u4ecb\u3057\u3066\u3044\u307e\u3059\u3002 <a href=\"https:\/\/www.sushiya.de\/ja\/sushi\/sushi-essen\/\" target=\"_blank\" rel=\"noopener\">\"\u30de\u30ca\u30fc\u306e\u3059\u3079\u3066\uff1a\u304a\u5bff\u53f8\u306e\u98df\u3079\u65b9\"\u3002<\/a>.<\/span><\/p>\t\t\t\t\t\t\t\t<\/div>\n\t\t\t\t<\/div>\n\t\t\t\t\t<\/div>\n\t\t<\/div>\n\t\t\t\t\t<\/div>\n\t\t<\/section>\n\t\t\t\t<section class=\"elementor-section elementor-top-section elementor-element elementor-element-a0ebea9 elementor-section-boxed elementor-section-height-default elementor-section-height-default\" data-id=\"a0ebea9\" data-element_type=\"section\" data-e-type=\"section\">\n\t\t\t\t\t\t<div class=\"elementor-container elementor-column-gap-default\">\n\t\t\t\t\t<div class=\"elementor-column elementor-col-100 elementor-top-column elementor-element elementor-element-b90c537\" data-id=\"b90c537\" data-element_type=\"column\" data-e-type=\"column\">\n\t\t\t<div class=\"elementor-widget-wrap elementor-element-populated\">\n\t\t\t\t\t\t<div class=\"elementor-element elementor-element-be1bdb2 title-h2 elementor-widget elementor-widget-heading\" data-id=\"be1bdb2\" data-element_type=\"widget\" data-e-type=\"widget\" data-widget_type=\"heading.default\">\n\t\t\t\t<div class=\"elementor-widget-container\">\n\t\t\t\t\t<h2 class=\"elementor-heading-title elementor-size-default\">\u7d30\u5dfb\u304d-\u300c\u5b9a\u756a\u306e\u5dfb\u304d\u7269\u300d\u3002<\/h2>\t\t\t\t<\/div>\n\t\t\t\t<\/div>\n\t\t\t\t<div class=\"elementor-element elementor-element-3692c75 text-edit elementor-widget elementor-widget-text-editor\" data-id=\"3692c75\" data-element_type=\"widget\" data-e-type=\"widget\" data-widget_type=\"text-editor.default\">\n\t\t\t\t<div class=\"elementor-widget-container\">\n\t\t\t\t\t\t\t\t\t<p>\u7d30\u5dfb\u304d\u306f\u3001\u6d77\u82d4\u3092\u534a\u679a\u4f7f\u3063\u3066\u4f5c\u308b\u3002\u00a0<\/p><p>\u6d77\u82d4\u306e\u30b5\u30a4\u30ba\u306f21\u30bb\u30f3\u30c1\u00d719\u30bb\u30f3\u30c1\u304c\u6a19\u6e96\u3067\u3059\u3002\u6d77\u82d4\u306e\u4e0a\u306b\u3054\u98ef\u3092\u4e57\u305b\u3001\u305d\u306e\u4e0a\u306b1\u3064\u3001\u591a\u304f\u3066\u30822\u3064\u306e\u5177\u6750\u3092\u4e57\u305b\u3066\u5c0f\u3055\u306a\u5dfb\u304d\u5bff\u53f8\u306e\u4e2d\u5fc3\u306b\u3059\u308b\u306e\u3067\u3059\u3002<\/p><p>\u305d\u3057\u3066\u3001\u4e2d\u592e\u3092\u56f2\u3080\u3088\u3046\u306b\u30b7\u30fc\u30c8\u3092\u7f6e\u304d\u3001\u3057\u3063\u304b\u308a\u3068\u30d7\u30ec\u30b9\u3059\u308b\u3002\u305d\u3046\u3059\u308b\u3053\u3068\u3067\u3001\u5747\u7b49\u306b\u3001\u3061\u3087\u3046\u3069\u3088\u3044\u5805\u3055\u3067\u5dfb\u304d\u4e0a\u3052\u308b\u3053\u3068\u304c\u3067\u304d\u308b\u306e\u3067\u3059\u3002\u7d30\u5dfb\u304d\u306f\u3001\u6d77\u82d4\u306e\u8449\u3092\u534a\u5206\u306b\u5207\u3063\u3066\u4f7f\u3046\u3053\u3068\u304b\u3089\u3001\u300c\u7d30\u3044\u5dfb\u304d\u7269\u300d\u3068\u8a33\u3055\u308c\u3066\u3044\u308b\u3002\u30b7\u30fc\u30c8\u3092\u534a\u5206\u306b\u3057\u3001\u6750\u6599\u3092\u5c11\u306a\u304f\u3059\u308b\u3053\u3068\u3067\u3001\u3068\u3066\u3082\u8584\u3044\u30ed\u30fc\u30eb\u30b1\u30fc\u30ad\u306b\u306a\u308a\u307e\u3059\u3002<\/p>\t\t\t\t\t\t\t\t<\/div>\n\t\t\t\t<\/div>\n\t\t\t\t<div class=\"elementor-element elementor-element-11ef818 text-edit elementor-widget elementor-widget-text-editor\" data-id=\"11ef818\" data-element_type=\"widget\" data-e-type=\"widget\" data-widget_type=\"text-editor.default\">\n\t\t\t\t<div class=\"elementor-widget-container\">\n\t\t\t\t\t\t\t\t\t<p>\u30b7\u30f3\u30d7\u30eb\u306a\u5473\u308f\u3044\u306e\u7d30\u5dfb\u304d\u306f\u3001\u5bff\u53f8\u30e1\u30cb\u30e5\u30fc\u306e\u7de0\u3081\u3068\u3057\u3066\u6700\u9069\u3067\u3059\u3002\u305d\u3057\u3066\u3001\u7d30\u5dfb\u304d\u306f\u307e\u3055\u306b\u300c\u7d30\u5dfb\u304d\u300d\u306a\u306e\u3060\u3068\u3001\u901a\u306f\u8a00\u3046\u3002\u65e5\u672c\u3067\u306f\u3001\u307e\u305a\u5473\u3092\u697d\u3057\u307f\u3001\u305d\u306e\u5f8c\u306b\u8179\u3054\u3057\u3089\u3048\u3092\u3059\u308b\u306e\u304c\u4e00\u822c\u7684\u306a\u30b9\u30bf\u30a4\u30eb\u3067\u3059\u3002<\/p>\t\t\t\t\t\t\t\t<\/div>\n\t\t\t\t<\/div>\n\t\t\t\t\t<\/div>\n\t\t<\/div>\n\t\t\t\t\t<\/div>\n\t\t<\/section>\n\t\t\t\t<section class=\"elementor-section elementor-top-section elementor-element elementor-element-6982209 elementor-section-boxed elementor-section-height-default elementor-section-height-default\" data-id=\"6982209\" data-element_type=\"section\" data-e-type=\"section\">\n\t\t\t\t\t\t<div class=\"elementor-container elementor-column-gap-default\">\n\t\t\t\t\t<div class=\"elementor-column elementor-col-100 elementor-top-column elementor-element elementor-element-cb76ec5\" data-id=\"cb76ec5\" data-element_type=\"column\" data-e-type=\"column\">\n\t\t\t<div class=\"elementor-widget-wrap elementor-element-populated\">\n\t\t\t\t\t\t<div class=\"elementor-element elementor-element-cea3c20 title-h2 elementor-widget elementor-widget-heading\" data-id=\"cea3c20\" data-element_type=\"widget\" data-e-type=\"widget\" data-widget_type=\"heading.default\">\n\t\t\t\t<div class=\"elementor-widget-container\">\n\t\t\t\t\t<h2 class=\"elementor-heading-title elementor-size-default\">\u4e2d\u5dfb\u3068\u306f\uff1f<\/h2>\t\t\t\t<\/div>\n\t\t\t\t<\/div>\n\t\t\t\t<div class=\"elementor-element elementor-element-d7237ba text-edit elementor-widget elementor-widget-text-editor\" data-id=\"d7237ba\" data-element_type=\"widget\" data-e-type=\"widget\" data-widget_type=\"text-editor.default\">\n\t\t\t\t<div class=\"elementor-widget-container\">\n\t\t\t\t\t\t\t\t\t<p>\u4e2d\u300d\u306f\u300c\u771f\u3093\u4e2d\u300d\u300c\u771f\u3093\u4e2d\u300d\u3068\u3044\u3046\u610f\u5473\u3067\u3059\u3002\u00a0<\/p><p>\u7d30\u5dfb\u304d\u3068\u592a\u5dfb\u304d\u306e\u4e2d\u9593\u306e\u592a\u3055\u3067\u3042\u308b\u3053\u3068\u304b\u3089\u3001\u3053\u306e\u540d\u524d\u304c\u3064\u3044\u305f\u306e\u3060\u308d\u3046\u3002<\/p><p>\u305d\u306e\u305f\u3081\u3001\u7d30\u5dfb\u3067\u306f\u5c0f\u3055\u3059\u304e\u3001\u592a\u5dfb\u3067\u306f\u5927\u304d\u3059\u304e\u308b\u304a\u5f01\u5f53\u7bb1\u306e\u4f59\u767d\u3092\u57cb\u3081\u308b\u306e\u306b\u3001\u4e2d\u5dfb\u306f\u6700\u9069\u306a\u306e\u3067\u3059\u3002<\/p><p>\u4e2d\u5dfb\u306f\u7d30\u5dfb\u3068\u540c\u3058\u3088\u3046\u306b\u6d77\u82d4\u3092\u534a\u679a\u4f7f\u3046\u306e\u304c\u4e00\u822c\u7684\u3067\u3059\u3002\u305f\u3060\u3057\u3001\u8449\u3063\u3071\u3092\u4e38\u3054\u3068\u4f7f\u3046\u3053\u3068\u3082\u53ef\u80fd\u3067\u3059\u3002\u901a\u5e38\u3001\u3053\u306e\u4e2d\u5dfb\u306b\u306f2\u301c3\u7a2e\u985e\u306e\u5177\u6750\u304c\u4f7f\u308f\u308c\u308b\u3002<\/p>\t\t\t\t\t\t\t\t<\/div>\n\t\t\t\t<\/div>\n\t\t\t\t<div class=\"elementor-element elementor-element-4b3327a text-edit elementor-widget elementor-widget-text-editor\" data-id=\"4b3327a\" data-element_type=\"widget\" data-e-type=\"widget\" data-widget_type=\"text-editor.default\">\n\t\t\t\t<div class=\"elementor-widget-container\">\n\t\t\t\t\t\t\t\t\t<p>\u4e2d\u5dfb\u306e\u6b63\u78ba\u306a\u8d77\u6e90\u306f\u4e0d\u660e\u3067\u3042\u308b\u3002\u00a0<\/p><p>\u4e2d\u5dfb\u306f\u7d0460\u5e74\u524d\u306b\u5f01\u5f53\u5c4b\u3067\u751f\u307e\u308c\u305f\u3068\u3044\u3046\u8aac\u304c\u3042\u308b\u3002\u307e\u305f\u3001\u6c5f\u6238\u3067\u306f\u63e1\u308a\u5bff\u53f8\u3084\u7d30\u5dfb\u304d\u304c\u597d\u307e\u308c\u3001\u5927\u962a\u5468\u8fba\u3067\u306f\u592a\u5dfb\u304d\u3084\u4e2d\u5dfb\u304d\u304c\u597d\u307e\u308c\u305f\u3068\u3059\u308b\u8cc7\u6599\u3082\u3042\u308b(\u53c2\u7167\uff1ahttps:\/\/www.sushiacademy.co.jp\/archives\/7056)\u3002<\/p>\t\t\t\t\t\t\t\t<\/div>\n\t\t\t\t<\/div>\n\t\t\t\t<div class=\"elementor-element elementor-element-c130885 title-h2 elementor-widget elementor-widget-heading\" data-id=\"c130885\" data-element_type=\"widget\" data-e-type=\"widget\" data-widget_type=\"heading.default\">\n\t\t\t\t<div class=\"elementor-widget-container\">\n\t\t\t\t\t<h2 class=\"elementor-heading-title elementor-size-default\">\u30d5\u30c8\u30de\u30ad\u3063\u3066\u4f55\uff1f<\/h2>\t\t\t\t<\/div>\n\t\t\t\t<\/div>\n\t\t\t\t<div class=\"elementor-element elementor-element-e24e640 text-edit elementor-widget elementor-widget-text-editor\" data-id=\"e24e640\" data-element_type=\"widget\" data-e-type=\"widget\" data-widget_type=\"text-editor.default\">\n\t\t\t\t<div class=\"elementor-widget-container\">\n\t\t\t\t\t\t\t\t\t<p>\u592a\u5dfb\u304d\u306f\u300c\u539a\u3044\u5dfb\u304d\u7269\u300d\u3068\u3044\u3046\u610f\u5473\u3067\u3001\u65e5\u672c\u8a9e\u306e\u5f62\u5bb9\u8a5e\u300c\u592a\u3044\u300d\u306f\u300c\u539a\u3044\u300d\u3068\u8a33\u3055\u308c\u308b\u3002\u00a0<\/p><p>\u592a\u5dfb\u304d\u306f\u76f4\u5f84\u304c5\u30bb\u30f3\u30c1\u3082\u3042\u308b\u306e\u3067\u3001\u304b\u306a\u308a\u98df\u3079\u5fdc\u3048\u304c\u3042\u308a\u307e\u3059\u3002\u592a\u5dfb\u304d\u306f\u6a19\u6e96\u30b5\u30a4\u30ba\u306e\u6d77\u82d4\u3092\u4f7f\u7528\u3057\u3001\u3054\u98ef\u306e\u4ed6\u306b\u901a\u5e384\u7a2e\u985e\u306e\u5177\u6750\u3092\u4f7f\u7528\u3057\u307e\u3059\u3002<\/p><p>\u592a\u5dfb\u304d\u306f\u95a2\u897f\u3001\u3064\u307e\u308a\u5927\u962a\u8fd1\u8fba\u3067\u597d\u307e\u308c\u308b\u3002\u6771\u4eac\u8fd1\u90ca\u306e\u5bff\u53f8\u5c4b\u3067\u306f\u3001\u592a\u5dfb\u304d\u306f\u305f\u307e\u306b\u898b\u304b\u3051\u308b\u304c\u3001\u7d30\u5dfb\u304d\u306f\u63e1\u308a\u3068\u3068\u3082\u306b\u4e3b\u6d41\u3067\u3042\u308b\u3002\u65e5\u672c\u3067\u306f\u3069\u306e\u5730\u57df\u3067\u3082\u3001\u3069\u306e\u7a2e\u985e\u306e\u5bff\u53f8\u3082\u5e83\u304f\u77e5\u3089\u308c\u3066\u3044\u308b\u304c\u3001\u305d\u306e\u597d\u307f\u306f\u6839\u5f37\u3044\u3082\u306e\u304c\u3042\u308b\u3002\u7518\u304f\u3066\u3057\u3087\u3063\u3071\u3044\u592a\u5dfb\u304d\u306f\u3001\u5927\u962a\u306e\u3082\u306e\u3002<\/p>\t\t\t\t\t\t\t\t<\/div>\n\t\t\t\t<\/div>\n\t\t\t\t<div class=\"elementor-element elementor-element-d7b8daf text-edit elementor-widget elementor-widget-text-editor\" data-id=\"d7b8daf\" data-element_type=\"widget\" data-e-type=\"widget\" data-widget_type=\"text-editor.default\">\n\t\t\t\t<div class=\"elementor-widget-container\">\n\t\t\t\t\t\t\t\t\t<p>\u307e\u305f\u3001\u95a2\u897f\u306b\u306f\u9762\u767d\u3044\u98a8\u7fd2\u304c\u3042\u308b\u3002\u6bce\u5e742\u67083\u65e5\u306e\u7bc0\u5206\u306b\u306f\u3001\u65e7\u66a6\u306e\u51ac\u306e\u7d42\u308f\u308a\u306b\u90aa\u6c17\u3092\u7953\u3046\u3068\u3044\u3046\u3082\u306e\u3060\u3002\u00a0<\/p><p>Um Gl\u00fcck und Wohlstand zu beschw\u00f6ren, werden an diesem Tag Futo-Maki gegessen. Diese sogenannten Eh\u014d-Maki (\u6075\u65b9\u5dfb\u304d) sind etwas dicker und werden mit anderen, normalerweise nicht genutzten Zutaten wie beispielsweise Shiitake zubereitet (vgl. https:\/\/ja.wikipedia.org\/wiki\/%E7%AF%80%E5%88%86).\u00a0<\/p><p>Urspr\u00fcnglich gab es diesen Brauch nur in der Kansai-Region, 1995 verkaufte Seven-Eleven zum ersten Mal Eh\u014d-Maki in Westjapan, ab 1998 in ganz Japan. Dementsprechend ist dieser Brauch nun auch \u00fcberall in Japan bekannt (vgl. https:\/\/de.wikipedia.org\/wiki\/Setsubun#Eh%C5%8Dmaki).<\/p>\t\t\t\t\t\t\t\t<\/div>\n\t\t\t\t<\/div>\n\t\t\t\t\t<\/div>\n\t\t<\/div>\n\t\t\t\t\t<\/div>\n\t\t<\/section>\n\t\t\t\t<section class=\"elementor-section elementor-top-section elementor-element elementor-element-739b141 elementor-section-boxed elementor-section-height-default elementor-section-height-default\" data-id=\"739b141\" data-element_type=\"section\" data-e-type=\"section\">\n\t\t\t\t\t\t<div class=\"elementor-container elementor-column-gap-default\">\n\t\t\t\t\t<div class=\"elementor-column elementor-col-100 elementor-top-column elementor-element elementor-element-2286f7e\" data-id=\"2286f7e\" data-element_type=\"column\" data-e-type=\"column\">\n\t\t\t<div class=\"elementor-widget-wrap elementor-element-populated\">\n\t\t\t\t\t\t<div class=\"elementor-element elementor-element-cbff84e title-h2 elementor-widget elementor-widget-heading\" data-id=\"cbff84e\" data-element_type=\"widget\" data-e-type=\"widget\" data-widget_type=\"heading.default\">\n\t\t\t\t<div class=\"elementor-widget-container\">\n\t\t\t\t\t<h2 class=\"elementor-heading-title elementor-size-default\">\u30a6\u30e9\u30de\u30ad\u3068\u306f\uff1f<\/h2>\t\t\t\t<\/div>\n\t\t\t\t<\/div>\n\t\t\t\t<div class=\"elementor-element elementor-element-1acf3cc text-edit elementor-widget elementor-widget-text-editor\" data-id=\"1acf3cc\" data-element_type=\"widget\" data-e-type=\"widget\" data-widget_type=\"text-editor.default\">\n\t\t\t\t<div class=\"elementor-widget-container\">\n\t\t\t\t\t\t\t\t\t<p>\u88cf\u5dfb\u304d\u306f\u3001\u5b9f\u306f\u65e5\u672c\u51fa\u8eab\u3067\u306f\u3042\u308a\u307e\u305b\u3093\u3002\u00a0<\/p><p>\u4ee3\u8868\u7684\u306a\u30ab\u30ea\u30d5\u30a9\u30eb\u30cb\u30a2\u30ed\u30fc\u30eb\u306f\u30011960\u5e74\u4ee3\u306b\u30ab\u30ea\u30d5\u30a9\u30eb\u30cb\u30a2\u306e\u5bff\u53f8\u5c4b\u3067\u8003\u6848\u3055\u308c\u305f\uff08https:\/\/world-food.info\/california-roll \u53c2\u7167\uff09\u3002<\/p><p>\u305d\u308c\u4ee5\u6765\u3001\u3055\u307e\u3056\u307e\u306a\u5177\u6750\u3092\u4f7f\u3063\u305f\u3055\u307e\u3056\u307e\u306a\u30a6\u30e9\u30de\u30ad\u304c\u958b\u767a\u3055\u308c\u305f\u3002\u88cf\u5dfb\u304d\u306f\u3044\u3064\u3082\u76ee\u3092\u697d\u3057\u307e\u305b\u3066\u304f\u308c\u307e\u3059\u3002\u9bae\u3084\u304b\u306a\u8272\u3068\u6d77\u82d4\u306e\u5fae\u5999\u306a\u9ed2\u304c\u7f8e\u5b66\u3092\u4e3b\u5f35\u3057\u3066\u3044\u307e\u3059\u306d\u3002<\/p><p>\u30c9\u30a4\u30c4\u8a9e\u3067\u88cf\u5dfb\u304d\u3068\u306f\u3001\u300c\u5185\u5074\u304c\u8868\u306b\u306a\u3063\u305f\u300d\u3068\u3044\u3046\u3088\u3046\u306a\u610f\u5473\u3067\u3059\u3002\u6d77\u82d4\u304c\u3054\u98ef\u306e\u5916\u5074\u306b\u306a\u304f\u3001\u5b8c\u5168\u306b\u5185\u5074\u306b\u5dfb\u304d\u8fbc\u307e\u308c\u3066\u3044\u308b\u3053\u3068\u304b\u3089\u3001\u3053\u306e\u3088\u3046\u306b\u547c\u3070\u308c\u3066\u3044\u308b\u3002<\/p><p>\u7279\u306b\u6d77\u5916\u3067\u306f\u3001\u300c\u30a6\u30e9\u5dfb\u304d\u300d\u306f\u672c\u5f53\u306b\u4eba\u6c17\u304c\u3042\u308a\u307e\u3059\u3002\u3057\u304b\u3057\u3001\u4e16\u754c\u4e2d\u3092\u65c5\u3059\u308b\u65e5\u672c\u4eba\u3084\u65e5\u672c\u3092\u8a2a\u308c\u308b\u5916\u56fd\u4eba\u65c5\u884c\u8005\u306e\u304a\u304b\u3052\u3067\u3001\u4eca\u3067\u306f\u65e5\u672c\u306e\u5bff\u53f8\u5c4b\u3067\u3082\u30a6\u30e9\u30de\u30ad\u304c\u30e1\u30cb\u30e5\u30fc\u306b\u8f09\u308b\u3088\u3046\u306b\u306a\u3063\u305f\u3002\u3057\u304b\u3057\u3001\u54c1\u8cea\u3068\u5473\u3092\u91cd\u8996\u3059\u308b\u65e5\u672c\u306e\u4f1d\u7d71\u7684\u306a\u5bff\u53f8\u5c4b\u3067\u306f\u3001\u3044\u307e\u3060\u306b\u300c\u30a6\u30e9\u5dfb\u304d\u300d\u306b\u62b5\u6297\u304c\u3042\u308b\u3002\u30ed\u30fc\u30eb\u30b1\u30fc\u30ad\u306f\u3001\u5358\u306b\u672c\u7269\u3068\u3057\u3066\u8a8d\u8b58\u3055\u308c\u3066\u3044\u306a\u3044\u3060\u3051\u3067\u3059\u3002<\/p>\t\t\t\t\t\t\t\t<\/div>\n\t\t\t\t<\/div>\n\t\t\t\t\t<\/div>\n\t\t<\/div>\n\t\t\t\t\t<\/div>\n\t\t<\/section>\n\t\t\t\t<\/div>","protected":false},"excerpt":{"rendered":"<p>Sushi gibt es in vielen verschiedenen Formen. Die international wohl bekannteste Sushi-Form sind Sushirollen, ikonisch mit dem Inhalt in der Mitte und Reis drumherum. Der japanische \u00dcberbegriff f\u00fcr die verschiedenen Sushirollen ist Makimono. Die typischen Maki-Formen sind Hosomaki, Ch\u016bmaki und Futomaki. In den meisten traditionellen Sushi-Restaurants in Japan wird man aber &#8211; wenn \u00fcberhaupt &#8211; fast nur Hosomaki finden (der Gro\u00dfteil guten Sushis in Japan stellen Nigiri und Gunkan dar). Was sind Makimono? Makimono ist der \u00dcberbegriff f\u00fcr verschiedene Arten von Maki-Sushi. Maki-Sushi (\u5dfb\u304d\u5bff\u53f8) wird aus essigsaurem Reis und anderen Zutaten hergestellt, indem diese in ein Blatt Nori eingerollt werden. Nori ist zumindest heute die wichtigste Zutat, um Maki-Sushi zu [&hellip;]<\/p>\n","protected":false},"author":2,"featured_media":0,"parent":53182,"menu_order":0,"comment_status":"closed","ping_status":"closed","template":"","meta":{"footnotes":""},"categories":[20,99,133],"tags":[],"class_list":["post-53646","page","type-page","status-publish","hentry","category-sushi","category-sushi-sorten","category-template-neu"],"jetpack_sharing_enabled":true,"_links":{"self":[{"href":"https:\/\/www.sushiya.de\/ja\/wp-json\/wp\/v2\/pages\/53646","targetHints":{"allow":["GET"]}}],"collection":[{"href":"https:\/\/www.sushiya.de\/ja\/wp-json\/wp\/v2\/pages"}],"about":[{"href":"https:\/\/www.sushiya.de\/ja\/wp-json\/wp\/v2\/types\/page"}],"author":[{"embeddable":true,"href":"https:\/\/www.sushiya.de\/ja\/wp-json\/wp\/v2\/users\/2"}],"replies":[{"embeddable":true,"href":"https:\/\/www.sushiya.de\/ja\/wp-json\/wp\/v2\/comments?post=53646"}],"version-history":[{"count":8,"href":"https:\/\/www.sushiya.de\/ja\/wp-json\/wp\/v2\/pages\/53646\/revisions"}],"predecessor-version":[{"id":53654,"href":"https:\/\/www.sushiya.de\/ja\/wp-json\/wp\/v2\/pages\/53646\/revisions\/53654"}],"up":[{"embeddable":true,"href":"https:\/\/www.sushiya.de\/ja\/wp-json\/wp\/v2\/pages\/53182"}],"wp:attachment":[{"href":"https:\/\/www.sushiya.de\/ja\/wp-json\/wp\/v2\/media?parent=53646"}],"wp:term":[{"taxonomy":"category","embeddable":true,"href":"https:\/\/www.sushiya.de\/ja\/wp-json\/wp\/v2\/categories?post=53646"},{"taxonomy":"post_tag","embeddable":true,"href":"https:\/\/www.sushiya.de\/ja\/wp-json\/wp\/v2\/tags?post=53646"}],"curies":[{"name":"wp","href":"https:\/\/api.w.org\/{rel}","templated":true}]}}