{"id":57411,"date":"2023-04-30T12:16:40","date_gmt":"2023-04-30T10:16:40","guid":{"rendered":"https:\/\/www.sushiya.de\/?page_id=57411"},"modified":"2023-06-30T14:24:46","modified_gmt":"2023-06-30T12:24:46","slug":"matsuse","status":"publish","type":"page","link":"https:\/\/www.sushiya.de\/ja\/sake\/sake-sorten\/matsuse\/","title":{"rendered":"\u677e\u702c"},"content":{"rendered":"<div data-elementor-type=\"wp-page\" data-elementor-id=\"57411\" class=\"elementor elementor-57411\" data-elementor-post-type=\"page\">\n\t\t\t\t\t\t<section class=\"elementor-section elementor-top-section elementor-element elementor-element-dddd4bc elementor-section-boxed elementor-section-height-default elementor-section-height-default\" data-id=\"dddd4bc\" data-element_type=\"section\" data-e-type=\"section\">\n\t\t\t\t\t\t<div class=\"elementor-container elementor-column-gap-default\">\n\t\t\t\t\t<div class=\"elementor-column elementor-col-100 elementor-top-column elementor-element elementor-element-5e7b9e2\" data-id=\"5e7b9e2\" data-element_type=\"column\" data-e-type=\"column\">\n\t\t\t<div class=\"elementor-widget-wrap elementor-element-populated\">\n\t\t\t\t\t\t<div class=\"elementor-element elementor-element-e5f61b4 title-h2 elementor-widget elementor-widget-heading\" data-id=\"e5f61b4\" data-element_type=\"widget\" data-e-type=\"widget\" data-widget_type=\"heading.default\">\n\t\t\t\t<div class=\"elementor-widget-container\">\n\t\t\t\t\t<h2 class=\"elementor-heading-title elementor-size-default\">\u677e\u702c\u9152\u9020<\/h2>\t\t\t\t<\/div>\n\t\t\t\t<\/div>\n\t\t\t\t\t<\/div>\n\t\t<\/div>\n\t\t\t\t\t<\/div>\n\t\t<\/section>\n\t\t\t\t<section class=\"elementor-section elementor-top-section elementor-element elementor-element-72ec057 elementor-section-boxed elementor-section-height-default elementor-section-height-default\" data-id=\"72ec057\" data-element_type=\"section\" data-e-type=\"section\">\n\t\t\t\t\t\t<div class=\"elementor-container elementor-column-gap-default\">\n\t\t\t\t\t<div class=\"elementor-column elementor-col-100 elementor-top-column elementor-element elementor-element-a03260d\" data-id=\"a03260d\" data-element_type=\"column\" data-e-type=\"column\">\n\t\t\t<div class=\"elementor-widget-wrap elementor-element-populated\">\n\t\t\t\t\t\t<div class=\"elementor-element elementor-element-75d43d4 text-edit elementor-widget elementor-widget-text-editor\" data-id=\"75d43d4\" data-element_type=\"widget\" data-e-type=\"widget\" data-widget_type=\"text-editor.default\">\n\t\t\t\t<div class=\"elementor-widget-container\">\n\t\t\t\t\t\t\t\t\t<p>1860\u5e74\u304b\u3089\u306e\u6b74\u53f2\u3092\u6301\u3064\u677e\u702c\u9152\u9020\u304c\u7279\u306b\u529b\u3092\u5165\u308c\u3066\u3044\u308b\u306e\u304c <a href=\"https:\/\/www.sushiya.de\/ja\/sake\/sake-herstellung\/reis\/\" target=\"_blank\" rel=\"noopener\">\u539f\u6599\u306e\u7c73<\/a> \u3068\u3001\u305d\u306e\u751f\u80b2\u74b0\u5883\u306b\u3064\u3044\u3066\u3002<span class=\"Apple-converted-space\">\u00a0<\/span><\/p><p>\u5730\u5143\u9f8d\u738b\u3067\u6700\u9ad8\u306e\u9152\u7c73\u3092\u4f5c\u308b\u305f\u3081\u306b\u3001\u5730\u5143\u306e\u8fb2\u5bb6\u3068\u5354\u529b\u3059\u308b\u3053\u3068\u306b\u3057\u305f\u3002\u4f1d\u8aac\u306e\u9152\u7c73\u300c\u5c71\u7530\u9326\u300d\u3092\u5175\u5eab\u770c\u897f\u90e8\u306e\u6771\u6761\u5730\u533a\u304b\u3089\u53d6\u308a\u5bc4\u305b\u3001\u8535\u5143\u3068\u8fb2\u5bb6\u306e\u96e3\u984c\u304c\u59cb\u307e\u3063\u305f\u3002<span class=\"Apple-converted-space\">\u00a0<\/span><\/p><p>\u4ee5\u6765\u3001\u5316\u5b66\u80a5\u6599\u3092\u4f7f\u308f\u305a\u3001\u51ac\u306f\u7530\u3093\u307c\u306b\u6c34\u3092\u5f35\u3063\u3066\u8015\u3055\u305a\u3001\u5fae\u751f\u7269\u306e\u7e41\u6b96\u3092\u4fc3\u3059\u306a\u3069\u3001\u53e4\u304f\u3066\u65b0\u3057\u3044\u7c73\u4f5c\u308a\u306e\u6280\u8853\u3092\u958b\u62d3\u3057\u3066\u304d\u305f\u8535\u5143\u3067\u3059\u3002<span class=\"Apple-converted-space\">\u00a0<\/span><\/p><p>\u3053\u3046\u3057\u3066\u80b2\u3063\u305f\u9152\u7c73\u304c\u3001\u677e\u702c\u9152\u9020\u306e\u65e5\u672c\u9152\u306e\u30d9\u30fc\u30b9\u3068\u306a\u308b\u3002<\/p><p>\u8535\u5143\u306b\u306f\u3001\u81ea\u5206\u306e\u4f5c\u308b\u9152\u304c\u3069\u3046\u3042\u308b\u3079\u304d\u304b\u3068\u3044\u3046\u660e\u78ba\u306a\u8003\u3048\u304c\u3042\u308b\u3002\u8535\u3092\u56f2\u3080\u7a7a\u6c17\u3084\u6c34\u306e\u3088\u3046\u306b\u81ea\u7136\u306a\u5473\u308f\u3044\u306e\u9152\u3092\u3002<\/p><p>\u677e\u702c\u9152\u9020\u304b\u3089\u306f\u30012020\uff5e2023\u5e74\u9803\u306e\u65e5\u672c\u9152\u3092\u3044\u305f\u3060\u304d\u307e\u3057\u305f\u3002 <a href=\"https:\/\/www.sushiya.de\/ja\/sake-artikel\/daiginjo-azolla-50\/\" target=\"_blank\" rel=\"noopener\">\u30a2\u30be\u30e950<\/a> \u3092\u30d7\u30ed\u30b0\u30e9\u30e0\u306b\u5165\u308c\u3066\u3044\u307e\u3059\u3002\u00a0<\/p>\t\t\t\t\t\t\t\t<\/div>\n\t\t\t\t<\/div>\n\t\t\t\t\t<\/div>\n\t\t<\/div>\n\t\t\t\t\t<\/div>\n\t\t<\/section>\n\t\t\t\t<\/div>","protected":false},"excerpt":{"rendered":"<p>Die Sake Brauerei Matsuse Die Brauerei Matsuse, deren Geschichte bis ins Jahr 1860 zur\u00fcckreicht, legt besonderen Wert auf den Rohstoff Reis und auf die Umwelt, in der er w\u00e4chst. Sie beschloss, mit den \u00f6rtlichen Landwirten zusammenzuarbeiten, um in ihrer Heimatstadt Ryu\u014d den besten Sake-Reis anzubauen. Die bekannte Sake Reissorte Yamadanishiki wurde aus der legend\u00e4ren T\u014dj\u014d-Region im Westen Hy\u014dgo gebracht, und die schwierige Aufgabe f\u00fcr die Brauerei und die Landwirte begann. Seitdem hat die Brauerei Pionierarbeit bei alten und neuen Reisanbautechniken geleistet, indem sie auf den Einsatz von Chemikalien und D\u00fcngemitteln verzichtet und die Felder im Winter \u00fcberflutet und unbestellt l\u00e4sst, um das Wachstum von Mikroorganismen und die Artenvielfalt zu f\u00f6rdern. [&hellip;]<\/p>\n","protected":false},"author":2,"featured_media":0,"parent":49124,"menu_order":0,"comment_status":"closed","ping_status":"closed","template":"","meta":{"footnotes":""},"categories":[178,133],"tags":[],"class_list":["post-57411","page","type-page","status-publish","hentry","category-sake","category-template-neu"],"jetpack_sharing_enabled":true,"_links":{"self":[{"href":"https:\/\/www.sushiya.de\/ja\/wp-json\/wp\/v2\/pages\/57411","targetHints":{"allow":["GET"]}}],"collection":[{"href":"https:\/\/www.sushiya.de\/ja\/wp-json\/wp\/v2\/pages"}],"about":[{"href":"https:\/\/www.sushiya.de\/ja\/wp-json\/wp\/v2\/types\/page"}],"author":[{"embeddable":true,"href":"https:\/\/www.sushiya.de\/ja\/wp-json\/wp\/v2\/users\/2"}],"replies":[{"embeddable":true,"href":"https:\/\/www.sushiya.de\/ja\/wp-json\/wp\/v2\/comments?post=57411"}],"version-history":[{"count":5,"href":"https:\/\/www.sushiya.de\/ja\/wp-json\/wp\/v2\/pages\/57411\/revisions"}],"predecessor-version":[{"id":57416,"href":"https:\/\/www.sushiya.de\/ja\/wp-json\/wp\/v2\/pages\/57411\/revisions\/57416"}],"up":[{"embeddable":true,"href":"https:\/\/www.sushiya.de\/ja\/wp-json\/wp\/v2\/pages\/49124"}],"wp:attachment":[{"href":"https:\/\/www.sushiya.de\/ja\/wp-json\/wp\/v2\/media?parent=57411"}],"wp:term":[{"taxonomy":"category","embeddable":true,"href":"https:\/\/www.sushiya.de\/ja\/wp-json\/wp\/v2\/categories?post=57411"},{"taxonomy":"post_tag","embeddable":true,"href":"https:\/\/www.sushiya.de\/ja\/wp-json\/wp\/v2\/tags?post=57411"}],"curies":[{"name":"wp","href":"https:\/\/api.w.org\/{rel}","templated":true}]}}