{"id":58782,"date":"2023-09-20T09:31:20","date_gmt":"2023-09-20T07:31:20","guid":{"rendered":"https:\/\/www.sushiya.de\/sushi\/muenchen\/haguruma-2\/"},"modified":"2024-01-26T16:30:52","modified_gmt":"2024-01-26T15:30:52","slug":"j-bar","status":"publish","type":"page","link":"https:\/\/www.sushiya.de\/ja\/sushi\/muenchen\/j-bar\/","title":{"rendered":"\u30b8\u30a7\u30a4\u30d0\u30fc"},"content":{"rendered":"\t\t<div data-elementor-type=\"wp-page\" data-elementor-id=\"58782\" class=\"elementor elementor-58782\" data-elementor-post-type=\"page\">\n\t\t\t\t\t\t<section class=\"elementor-section elementor-top-section elementor-element elementor-element-16c15383 elementor-section-boxed elementor-section-height-default elementor-section-height-default\" data-id=\"16c15383\" data-element_type=\"section\" data-e-type=\"section\">\n\t\t\t\t\t\t<div class=\"elementor-container elementor-column-gap-default\">\n\t\t\t\t\t<div class=\"elementor-column elementor-col-50 elementor-top-column elementor-element elementor-element-647bf489\" data-id=\"647bf489\" data-element_type=\"column\" data-e-type=\"column\">\n\t\t\t<div class=\"elementor-widget-wrap elementor-element-populated\">\n\t\t\t\t\t\t<div class=\"elementor-element elementor-element-184d2c1 text-edit elementor-widget elementor-widget-text-editor\" data-id=\"184d2c1\" data-element_type=\"widget\" data-e-type=\"widget\" data-widget_type=\"text-editor.default\">\n\t\t\t\t<div class=\"elementor-widget-container\">\n\t\t\t\t\t\t\t\t\t<p style=\"letter-spacing: 0.3px;\"><span style=\"letter-spacing: 0.3px; color: var( --e-global-color-1d94043 ); background-color: var( --e-global-color-e8e2c28 );\">In der Maistrasse, nahe dem Kapuzinerplatz, befindet sich seit vielen Jahren ein kleines, sehr uriges Izakaya.\u00a0<\/span><\/p><p style=\"letter-spacing: 0.3px;\"><span style=\"letter-spacing: 0.3px; color: var( --e-global-color-1d94043 ); background-color: var( --e-global-color-e8e2c28 );\">Im Gegensatz zu so einigen Trendl\u00e4den im nahegelegenen Glockenbachviertel wurde dieses Izakaya aber immer japanisch betrieben. Auch wir sind immer wieder gerne auf einen guten japanischen Snack dorthingegangen: die K\u00fcche war nun nicht von feinster Qualit\u00e4t mit dem absolut besten Material, aber es gab japanischen Geschmack und Atmosph\u00e4re und zeitweise ein unschlagbar g\u00fcnstiges, einfaches <a href=\"https:\/\/www.sushiya.de\/washoku\/sashimi\/\" target=\"_blank\" rel=\"noopener\">Sashimi<\/a>.<\/span><\/p><p style=\"letter-spacing: 0.3px;\"><span style=\"letter-spacing: 0.3px; color: var( --e-global-color-1d94043 ); background-color: var( --e-global-color-e8e2c28 );\">Wir haben die J-Bar deshalb auf unserer Website seit vielen Jahren immer wieder empfohlen und schon viele Kunden dorthin geschickt.<\/span><\/p>\t\t\t\t\t\t\t\t<\/div>\n\t\t\t\t<\/div>\n\t\t\t\t<div class=\"elementor-element elementor-element-3c97667 elementor-widget elementor-widget-image\" data-id=\"3c97667\" data-element_type=\"widget\" data-e-type=\"widget\" data-widget_type=\"image.default\">\n\t\t\t\t<div class=\"elementor-widget-container\">\n\t\t\t\t\t\t\t\t\t\t\t\t<figure class=\"wp-caption\">\n\t\t\t\t\t\t\t\t\t\t\t<a href=\"https:\/\/www.sushiya.de\/wp-content\/uploads\/sushi\/muenchen\/jbar-sashimi-2015-img_1868-1536px.jpg\" data-elementor-open-lightbox=\"yes\" data-elementor-lightbox-title=\"JBar-Sashimi-2015-IMG_1868-1536px\" data-e-action-hash=\"#elementor-action%3Aaction%3Dlightbox%26settings%3DeyJpZCI6NTc3ODAsInVybCI6Imh0dHBzOlwvXC93d3cuc3VzaGl5YS5kZVwvd3AtY29udGVudFwvdXBsb2Fkc1wvc3VzaGlcL211ZW5jaGVuXC9qYmFyLXNhc2hpbWktMjAxNS1pbWdfMTg2OC0xNTM2cHguanBnIn0%3D\">\n\t\t\t\t\t\t\t<img fetchpriority=\"high\" decoding=\"async\" width=\"768\" height=\"1024\" src=\"https:\/\/www.sushiya.de\/wp-content\/uploads\/sushi\/muenchen\/jbar-sashimi-2015-img_1868-1536px-768x1024.jpg\" class=\"attachment-large size-large wp-image-57780\" alt=\"\" srcset=\"https:\/\/www.sushiya.de\/wp-content\/uploads\/sushi\/muenchen\/jbar-sashimi-2015-img_1868-1536px-768x1024.jpg 768w, https:\/\/www.sushiya.de\/wp-content\/uploads\/sushi\/muenchen\/jbar-sashimi-2015-img_1868-1536px-225x300.jpg 225w, https:\/\/www.sushiya.de\/wp-content\/uploads\/sushi\/muenchen\/jbar-sashimi-2015-img_1868-1536px-9x12.jpg 9w, https:\/\/www.sushiya.de\/wp-content\/uploads\/sushi\/muenchen\/jbar-sashimi-2015-img_1868-1536px-600x800.jpg 600w, https:\/\/www.sushiya.de\/wp-content\/uploads\/sushi\/muenchen\/jbar-sashimi-2015-img_1868-1536px.jpg 1152w\" sizes=\"(max-width: 768px) 100vw, 768px\" \/>\t\t\t\t\t\t\t\t<\/a>\n\t\t\t\t\t\t\t\t\t\t\t<figcaption class=\"widget-image-caption wp-caption-text\">Ordentliches Sashimi f\u00fcr wenig Geld in urigem Ambiente in der J-Bar in M\u00fcnchen 2015<\/figcaption>\n\t\t\t\t\t\t\t\t\t\t<\/figure>\n\t\t\t\t\t\t\t\t\t<\/div>\n\t\t\t\t<\/div>\n\t\t\t\t<div class=\"elementor-element elementor-element-9bad397 title-h2 elementor-widget elementor-widget-heading\" data-id=\"9bad397\" data-element_type=\"widget\" data-e-type=\"widget\" data-widget_type=\"heading.default\">\n\t\t\t\t<div class=\"elementor-widget-container\">\n\t\t\t\t\t<h2 class=\"elementor-heading-title elementor-size-default\">J-Bar M\u00fcnchen Maistrasse 28<\/h2>\t\t\t\t<\/div>\n\t\t\t\t<\/div>\n\t\t\t\t<div class=\"elementor-element elementor-element-b2ca41d title-h3 elementor-widget elementor-widget-heading\" data-id=\"b2ca41d\" data-element_type=\"widget\" data-e-type=\"widget\" data-widget_type=\"heading.default\">\n\t\t\t\t<div class=\"elementor-widget-container\">\n\t\t\t\t\t<h3 class=\"elementor-heading-title elementor-size-default\">Neuer\u00f6ffnet im Jahr 2023<\/h3>\t\t\t\t<\/div>\n\t\t\t\t<\/div>\n\t\t\t\t<div class=\"elementor-element elementor-element-aa39d3a text-edit elementor-widget elementor-widget-text-editor\" data-id=\"aa39d3a\" data-element_type=\"widget\" data-e-type=\"widget\" data-widget_type=\"text-editor.default\">\n\t\t\t\t<div class=\"elementor-widget-container\">\n\t\t\t\t\t\t\t\t\t<p><span style=\"color: var( --e-global-color-1d94043 ); letter-spacing: 0.3px; background-color: var( --e-global-color-e8e2c28 );\">Seit ein paar Monaten wird die J-Bar nun nicht mehr von ihrem alten Besitzer betrieben, sondern von Satomi Oikawa, die ehemals bei uns gearbeitet hat und die wir als K\u00f6chin und Mensch eigentlich sehr sch\u00e4tzen. Mit dabei quasi als Aush\u00e4ngeschild ist der Koch Masami Saito, der fr\u00fcher auch bei uns gearbeitet hat. Die beiden hatten zwischendurch einige Zeit im <a href=\"https:\/\/www.sushiya.de\/sushi\/muenchen\/geschlossene-japanische-restaurants\/#tokami\" target=\"_blank\" rel=\"noopener\">Tokami<\/a> gearbeitet, welches den Erz\u00e4hlungen zufolge ein sehr unr\u00fchmliches Ende fand. Aber das ist eine andere Geschichte&#8230;<\/span><\/p><p>\u00a0<\/p>\t\t\t\t\t\t\t\t<\/div>\n\t\t\t\t<\/div>\n\t\t\t\t<div class=\"elementor-element elementor-element-d2d9c9f title-h3 elementor-widget elementor-widget-heading\" data-id=\"d2d9c9f\" data-element_type=\"widget\" data-e-type=\"widget\" data-widget_type=\"heading.default\">\n\t\t\t\t<div class=\"elementor-widget-container\">\n\t\t\t\t\t<h3 class=\"elementor-heading-title elementor-size-default\">Getestet und f\u00fcr gut befunden<\/h3>\t\t\t\t<\/div>\n\t\t\t\t<\/div>\n\t\t\t\t<div class=\"elementor-element elementor-element-6a0527f text-edit elementor-widget elementor-widget-text-editor\" data-id=\"6a0527f\" data-element_type=\"widget\" data-e-type=\"widget\" data-widget_type=\"text-editor.default\">\n\t\t\t\t<div class=\"elementor-widget-container\">\n\t\t\t\t\t\t\t\t\t<p><span style=\"color: var( --e-global-color-1d94043 ); letter-spacing: 0.3px; background-color: var( --e-global-color-e8e2c28 );\">Als wir endlich mal Gelegenheit hatten, die J-Bar unter neuer Leitung aufzusuchen, war der Sushikoch leider gerade im Krankenstand und so gab es \u201enur\u201c warme K\u00fcche. Das muss aber gar kein Mangel sein: die wundervolle Satomi kredenzte in ihrer charmanten Art einige warme Speisen, die zu probieren viel Spa\u00df gemacht hat. Darunter ein Kimchi, einen japanischen Kartoffelsalat (gut!), eine Makrele im Miso (sehr sehr gut!) und noch ein paar andere Leckereien&#8230;<\/span><\/p><p>\u00a0<\/p>\t\t\t\t\t\t\t\t<\/div>\n\t\t\t\t<\/div>\n\t\t\t\t<div class=\"elementor-element elementor-element-4464963 elementor-widget elementor-widget-image\" data-id=\"4464963\" data-element_type=\"widget\" data-e-type=\"widget\" data-widget_type=\"image.default\">\n\t\t\t\t<div class=\"elementor-widget-container\">\n\t\t\t\t\t\t\t\t\t\t\t\t<figure class=\"wp-caption\">\n\t\t\t\t\t\t\t\t\t\t\t<a href=\"https:\/\/www.sushiya.de\/wp-content\/uploads\/sushi\/muenchen\/jbar-2023-img_7834-1536px.jpg\" data-elementor-open-lightbox=\"yes\" data-elementor-lightbox-title=\"jbar-2023-IMG_7834-1536px\" data-e-action-hash=\"#elementor-action%3Aaction%3Dlightbox%26settings%3DeyJpZCI6NTg3OTYsInVybCI6Imh0dHBzOlwvXC93d3cuc3VzaGl5YS5kZVwvd3AtY29udGVudFwvdXBsb2Fkc1wvc3VzaGlcL211ZW5jaGVuXC9qYmFyLTIwMjMtaW1nXzc4MzQtMTUzNnB4LmpwZyJ9\">\n\t\t\t\t\t\t\t<img decoding=\"async\" width=\"800\" height=\"488\" src=\"https:\/\/www.sushiya.de\/wp-content\/uploads\/sushi\/muenchen\/jbar-2023-img_7834-1536px-1024x624.jpg\" class=\"attachment-large size-large wp-image-58796\" alt=\"\" srcset=\"https:\/\/www.sushiya.de\/wp-content\/uploads\/sushi\/muenchen\/jbar-2023-img_7834-1536px-1024x624.jpg 1024w, https:\/\/www.sushiya.de\/wp-content\/uploads\/sushi\/muenchen\/jbar-2023-img_7834-1536px-300x183.jpg 300w, https:\/\/www.sushiya.de\/wp-content\/uploads\/sushi\/muenchen\/jbar-2023-img_7834-1536px-768x468.jpg 768w, https:\/\/www.sushiya.de\/wp-content\/uploads\/sushi\/muenchen\/jbar-2023-img_7834-1536px-18x12.jpg 18w, https:\/\/www.sushiya.de\/wp-content\/uploads\/sushi\/muenchen\/jbar-2023-img_7834-1536px-600x366.jpg 600w, https:\/\/www.sushiya.de\/wp-content\/uploads\/sushi\/muenchen\/jbar-2023-img_7834-1536px.jpg 1536w\" sizes=\"(max-width: 800px) 100vw, 800px\" \/>\t\t\t\t\t\t\t\t<\/a>\n\t\t\t\t\t\t\t\t\t\t\t<figcaption class=\"widget-image-caption wp-caption-text\">Einstieg: Kimchi und japanischer Kartoffelsalat auf einem riesigen L\u00f6ffel<\/figcaption>\n\t\t\t\t\t\t\t\t\t\t<\/figure>\n\t\t\t\t\t\t\t\t\t<\/div>\n\t\t\t\t<\/div>\n\t\t\t\t<div class=\"elementor-element elementor-element-d586f23 text-edit elementor-widget elementor-widget-text-editor\" data-id=\"d586f23\" data-element_type=\"widget\" data-e-type=\"widget\" data-widget_type=\"text-editor.default\">\n\t\t\t\t<div class=\"elementor-widget-container\">\n\t\t\t\t\t\t\t\t\t<p><span style=\"color: var( --e-global-color-1d94043 ); letter-spacing: 0.3px; background-color: var( --e-global-color-e8e2c28 );\">Insgesamt muss man sagen, ist die K\u00fcche f\u00fcr unseren heutigen, feinen Geschmack eher auf der w\u00fcrzigen-kr\u00e4ftigen Seite &#8211; aber alles in allem gut und sichtlich mit viel Liebe angerichtet. An diesem Abend konnten wir leider gar nicht alles probieren, was auf der Karte stand &#8211; aber das holen wir hoffentlich bald nach&#8230;<\/span><\/p><p>\u00a0<\/p>\t\t\t\t\t\t\t\t<\/div>\n\t\t\t\t<\/div>\n\t\t\t\t<div class=\"elementor-element elementor-element-4659fe1 elementor-widget elementor-widget-image\" data-id=\"4659fe1\" data-element_type=\"widget\" data-e-type=\"widget\" data-widget_type=\"image.default\">\n\t\t\t\t<div class=\"elementor-widget-container\">\n\t\t\t\t\t\t\t\t\t\t\t\t\t\t\t<img decoding=\"async\" width=\"800\" height=\"554\" src=\"https:\/\/www.sushiya.de\/wp-content\/uploads\/sushi\/muenchen\/jbar-2023-img_7840-1536px-1024x709.jpg\" class=\"attachment-large size-large wp-image-58794\" alt=\"\" srcset=\"https:\/\/www.sushiya.de\/wp-content\/uploads\/sushi\/muenchen\/jbar-2023-img_7840-1536px-1024x709.jpg 1024w, https:\/\/www.sushiya.de\/wp-content\/uploads\/sushi\/muenchen\/jbar-2023-img_7840-1536px-300x208.jpg 300w, https:\/\/www.sushiya.de\/wp-content\/uploads\/sushi\/muenchen\/jbar-2023-img_7840-1536px-768x532.jpg 768w, https:\/\/www.sushiya.de\/wp-content\/uploads\/sushi\/muenchen\/jbar-2023-img_7840-1536px-18x12.jpg 18w, https:\/\/www.sushiya.de\/wp-content\/uploads\/sushi\/muenchen\/jbar-2023-img_7840-1536px-600x416.jpg 600w, https:\/\/www.sushiya.de\/wp-content\/uploads\/sushi\/muenchen\/jbar-2023-img_7840-1536px.jpg 1536w\" sizes=\"(max-width: 800px) 100vw, 800px\" \/>\t\t\t\t\t\t\t\t\t\t\t\t\t\t\t<\/div>\n\t\t\t\t<\/div>\n\t\t\t\t<div class=\"elementor-element elementor-element-a98745a title-h3 elementor-widget elementor-widget-heading\" data-id=\"a98745a\" data-element_type=\"widget\" data-e-type=\"widget\" data-widget_type=\"heading.default\">\n\t\t\t\t<div class=\"elementor-widget-container\">\n\t\t\t\t\t<h3 class=\"elementor-heading-title elementor-size-default\">Fazit: uriges, kleines japanisches Izakaya unter neuer Leitung<\/h3>\t\t\t\t<\/div>\n\t\t\t\t<\/div>\n\t\t\t\t<div class=\"elementor-element elementor-element-acda287 text-edit elementor-widget elementor-widget-text-editor\" data-id=\"acda287\" data-element_type=\"widget\" data-e-type=\"widget\" data-widget_type=\"text-editor.default\">\n\t\t\t\t<div class=\"elementor-widget-container\">\n\t\t\t\t\t\t\t\t\t<p><strong style=\"color: var( --e-global-color-1d94043 ); letter-spacing: 0.3px;\">Die J-Bar in der Maistrasse hat ihren eigenen Charme, weniger f\u00fcr ein Business-Meeting oder Date, aber toll f\u00fcr einen kleinen Besuch in Japan.\u00a0<\/strong><\/p><p><strong style=\"color: var( --e-global-color-1d94043 ); letter-spacing: 0.3px;\">Durch die erfahrenen K\u00f6che wird die Qualit\u00e4t besser. Die Betreiber Satomi und Saito sind charmante, gebildete und herzliche Gastgeber. Es lohnt sich, vor allem weil man hier nicht nur Sushi, sondern auch andere authentische japanische Kost bekommt.<\/strong><\/p><p><strong style=\"color: var( --e-global-color-1d94043 ); letter-spacing: 0.3px;\">Unsere Meinung: Hingehen und einfach Probieren, was die Karte hergibt! Die J-Bar ist Stand Anfang 2024 aus unserer Sicht eine der besten Adressen in M\u00fcnchen f\u00fcr japanisches Feeling!<\/strong><\/p><p>Kontakt: J-Bar | Maistrasse 28, 80337 M\u00fcnchen | Tel. 089 51469983 | keine Webseite<\/p><p><em>\u00d6ffnungszeiten: Donnerstag bis Montag, 18:00 &#8211; 22:30, Dienstag und Mittwoch Ruhetag<\/em><\/p><p><span style=\"letter-spacing: 0.3px;\">Achtung: keine Kartenzahlungen, nur Bargeld!<\/span><em><br \/><\/em><\/p>\t\t\t\t\t\t\t\t<\/div>\n\t\t\t\t<\/div>\n\t\t\t\t<div class=\"elementor-element elementor-element-9f6f10e elementor-widget elementor-widget-image\" data-id=\"9f6f10e\" data-element_type=\"widget\" data-e-type=\"widget\" data-widget_type=\"image.default\">\n\t\t\t\t<div class=\"elementor-widget-container\">\n\t\t\t\t\t\t\t\t\t\t\t\t<figure class=\"wp-caption\">\n\t\t\t\t\t\t\t\t\t\t\t<a href=\"https:\/\/www.sushiya.de\/wp-content\/uploads\/sushi\/muenchen\/jbar-2023-img_7838-1536px.jpg\" data-elementor-open-lightbox=\"yes\" data-elementor-lightbox-title=\"jbar-2023-IMG_7838-1536px\" data-e-action-hash=\"#elementor-action%3Aaction%3Dlightbox%26settings%3DeyJpZCI6NTg3OTUsInVybCI6Imh0dHBzOlwvXC93d3cuc3VzaGl5YS5kZVwvd3AtY29udGVudFwvdXBsb2Fkc1wvc3VzaGlcL211ZW5jaGVuXC9qYmFyLTIwMjMtaW1nXzc4MzgtMTUzNnB4LmpwZyJ9\">\n\t\t\t\t\t\t\t<img loading=\"lazy\" decoding=\"async\" width=\"800\" height=\"577\" src=\"https:\/\/www.sushiya.de\/wp-content\/uploads\/sushi\/muenchen\/jbar-2023-img_7838-1536px-1024x739.jpg\" class=\"attachment-large size-large wp-image-58795\" alt=\"\" srcset=\"https:\/\/www.sushiya.de\/wp-content\/uploads\/sushi\/muenchen\/jbar-2023-img_7838-1536px-1024x739.jpg 1024w, https:\/\/www.sushiya.de\/wp-content\/uploads\/sushi\/muenchen\/jbar-2023-img_7838-1536px-300x216.jpg 300w, https:\/\/www.sushiya.de\/wp-content\/uploads\/sushi\/muenchen\/jbar-2023-img_7838-1536px-768x554.jpg 768w, https:\/\/www.sushiya.de\/wp-content\/uploads\/sushi\/muenchen\/jbar-2023-img_7838-1536px-18x12.jpg 18w, https:\/\/www.sushiya.de\/wp-content\/uploads\/sushi\/muenchen\/jbar-2023-img_7838-1536px-600x433.jpg 600w, https:\/\/www.sushiya.de\/wp-content\/uploads\/sushi\/muenchen\/jbar-2023-img_7838-1536px.jpg 1536w\" sizes=\"(max-width: 800px) 100vw, 800px\" \/>\t\t\t\t\t\t\t\t<\/a>\n\t\t\t\t\t\t\t\t\t\t\t<figcaption class=\"widget-image-caption wp-caption-text\">Eine kleine Probierportion von Butashoganiku - sch\u00f6n w\u00fcrzig<\/figcaption>\n\t\t\t\t\t\t\t\t\t\t<\/figure>\n\t\t\t\t\t\t\t\t\t<\/div>\n\t\t\t\t<\/div>\n\t\t\t\t\t<\/div>\n\t\t<\/div>\n\t\t\t\t<div class=\"elementor-column elementor-col-50 elementor-top-column elementor-element elementor-element-4207dfa8 elementor-hidden-tablet elementor-hidden-phone\" data-id=\"4207dfa8\" data-element_type=\"column\" data-e-type=\"column\">\n\t\t\t<div class=\"elementor-widget-wrap elementor-element-populated\">\n\t\t\t\t\t\t<section class=\"elementor-section elementor-inner-section elementor-element elementor-element-56bc2477 elementor-section-boxed elementor-section-height-default elementor-section-height-default\" data-id=\"56bc2477\" data-element_type=\"section\" data-e-type=\"section\" data-settings=\"{&quot;sticky&quot;:&quot;top&quot;,&quot;sticky_offset&quot;:120,&quot;sticky_parent&quot;:&quot;yes&quot;,&quot;sticky_on&quot;:[&quot;desktop&quot;,&quot;tablet&quot;,&quot;mobile&quot;],&quot;sticky_effects_offset&quot;:0,&quot;sticky_anchor_link_offset&quot;:0}\">\n\t\t\t\t\t\t<div class=\"elementor-container elementor-column-gap-default\">\n\t\t\t\t\t<div class=\"elementor-column elementor-col-100 elementor-inner-column elementor-element elementor-element-2fab001c\" data-id=\"2fab001c\" data-element_type=\"column\" data-e-type=\"column\" data-settings=\"{&quot;background_background&quot;:&quot;classic&quot;}\">\n\t\t\t<div class=\"elementor-widget-wrap elementor-element-populated\">\n\t\t\t\t\t\t<div class=\"elementor-element elementor-element-26352eb4 elementor-cta--skin-cover elementor-animated-content elementor-bg-transform elementor-bg-transform-zoom-in elementor-widget elementor-widget-call-to-action\" data-id=\"26352eb4\" data-element_type=\"widget\" data-e-type=\"widget\" data-widget_type=\"call-to-action.default\">\n\t\t\t\t<div class=\"elementor-widget-container\">\n\t\t\t\t\t\t\t<div class=\"elementor-cta\">\n\t\t\t\t\t<div class=\"elementor-cta__bg-wrapper\">\n\t\t\t\t<div class=\"elementor-cta__bg elementor-bg\" style=\"background-image: url(https:\/\/www.sushiya.de\/wp-content\/uploads\/sake-reis-aehre_226763880-1900px-300x190.jpg);\" role=\"img\" aria-label=\"Sake - das Getr\u00e4nk der G\u00f6tter in Japan - wir nur aus Wasser und Reis hergestellt.\"><\/div>\n\t\t\t\t<div class=\"elementor-cta__bg-overlay\"><\/div>\n\t\t\t<\/div>\n\t\t\t\t\t\t\t<div class=\"elementor-cta__content\">\n\t\t\t\t\n\t\t\t\t\n\t\t\t\t\t\t\t\t\t<div class=\"elementor-cta__description elementor-cta__content-item elementor-content-item elementor-animated-item--grow\">\n\t\t\t\t\t\t<a href=\"\/sake\">Erfahren Sie mehr \u00fcber Sake und die japanische K\u00fcche<\/a>\t\t\t\t\t<\/div>\n\t\t\t\t\n\t\t\t\t\t\t\t<\/div>\n\t\t\t\t\t\t<\/div>\n\t\t\t\t\t\t<\/div>\n\t\t\t\t<\/div>\n\t\t\t\t<div class=\"elementor-element elementor-element-47e38786 text-edit elementor-icon-list--layout-traditional elementor-list-item-link-full_width elementor-widget elementor-widget-icon-list\" data-id=\"47e38786\" data-element_type=\"widget\" data-e-type=\"widget\" data-widget_type=\"icon-list.default\">\n\t\t\t\t<div class=\"elementor-widget-container\">\n\t\t\t\t\t\t\t<ul class=\"elementor-icon-list-items\">\n\t\t\t\t\t\t\t<li class=\"elementor-icon-list-item\">\n\t\t\t\t\t\t\t\t\t\t\t<a href=\"\/sake\/sake-herkunft\/regionen\/\">\n\n\t\t\t\t\t\t\t\t\t\t\t\t<span class=\"elementor-icon-list-icon\">\n\t\t\t\t\t\t\t<i aria-hidden=\"true\" class=\"fas fa-chevron-right\"><\/i>\t\t\t\t\t\t<\/span>\n\t\t\t\t\t\t\t\t\t\t<span class=\"elementor-icon-list-text\">Wo kommt Sake her - wie unterscheiden sich die Sake-Stile in den verschiedenen Regionen Japans?<\/span>\n\t\t\t\t\t\t\t\t\t\t\t<\/a>\n\t\t\t\t\t\t\t\t\t<\/li>\n\t\t\t\t\t\t\t\t<li class=\"elementor-icon-list-item\">\n\t\t\t\t\t\t\t\t\t\t\t<a href=\"https:\/\/www.sushiya.de\/shochu\/\">\n\n\t\t\t\t\t\t\t\t\t\t\t\t<span class=\"elementor-icon-list-icon\">\n\t\t\t\t\t\t\t<i aria-hidden=\"true\" class=\"fas fa-chevron-right\"><\/i>\t\t\t\t\t\t<\/span>\n\t\t\t\t\t\t\t\t\t\t<span class=\"elementor-icon-list-text\">Sh\u014dch\u016b - japanischer Schnaps<\/span>\n\t\t\t\t\t\t\t\t\t\t\t<\/a>\n\t\t\t\t\t\t\t\t\t<\/li>\n\t\t\t\t\t\t\t\t<li class=\"elementor-icon-list-item\">\n\t\t\t\t\t\t\t\t\t\t\t<a href=\"https:\/\/www.sushiya.de\/kaiseki\/\">\n\n\t\t\t\t\t\t\t\t\t\t\t\t<span class=\"elementor-icon-list-icon\">\n\t\t\t\t\t\t\t<i aria-hidden=\"true\" class=\"fas fa-chevron-right\"><\/i>\t\t\t\t\t\t<\/span>\n\t\t\t\t\t\t\t\t\t\t<span class=\"elementor-icon-list-text\">Kaiseki - die Haute Cuisine Japans<\/span>\n\t\t\t\t\t\t\t\t\t\t\t<\/a>\n\t\t\t\t\t\t\t\t\t<\/li>\n\t\t\t\t\t\t\t\t<li class=\"elementor-icon-list-item\">\n\t\t\t\t\t\t\t\t\t\t\t<a href=\"https:\/\/www.sushiya.de\/sushi\/muenchen\/\">\n\n\t\t\t\t\t\t\t\t\t\t\t\t<span class=\"elementor-icon-list-icon\">\n\t\t\t\t\t\t\t<i aria-hidden=\"true\" class=\"fas fa-chevron-right\"><\/i>\t\t\t\t\t\t<\/span>\n\t\t\t\t\t\t\t\t\t\t<span class=\"elementor-icon-list-text\">Sushi und japanische K\u00fcche in M\u00fcnchen<\/span>\n\t\t\t\t\t\t\t\t\t\t\t<\/a>\n\t\t\t\t\t\t\t\t\t<\/li>\n\t\t\t\t\t\t<\/ul>\n\t\t\t\t\t\t<\/div>\n\t\t\t\t<\/div>\n\t\t\t\t\t<\/div>\n\t\t<\/div>\n\t\t\t\t\t<\/div>\n\t\t<\/section>\n\t\t\t\t\t<\/div>\n\t\t<\/div>\n\t\t\t\t\t<\/div>\n\t\t<\/section>\n\t\t\t\t<section class=\"elementor-section elementor-top-section elementor-element elementor-element-20c9718 elementor-section-boxed elementor-section-height-default elementor-section-height-default\" data-id=\"20c9718\" data-element_type=\"section\" data-e-type=\"section\">\n\t\t\t\t\t\t<div class=\"elementor-container elementor-column-gap-default\">\n\t\t\t\t\t<div class=\"elementor-column elementor-col-100 elementor-top-column elementor-element elementor-element-fa8603c\" data-id=\"fa8603c\" data-element_type=\"column\" data-e-type=\"column\">\n\t\t\t<div class=\"elementor-widget-wrap elementor-element-populated\">\n\t\t\t\t\t\t<div class=\"elementor-element elementor-element-57a8628 title-h2 elementor-widget elementor-widget-heading\" data-id=\"57a8628\" data-element_type=\"widget\" data-e-type=\"widget\" data-widget_type=\"heading.default\">\n\t\t\t\t<div class=\"elementor-widget-container\">\n\t\t\t\t\t<h2 class=\"elementor-heading-title elementor-size-default\">Alternativen zur J-Bar in M\u00fcnchen<\/h2>\t\t\t\t<\/div>\n\t\t\t\t<\/div>\n\t\t\t\t<div class=\"elementor-element elementor-element-6e4cd24 text-edit elementor-widget elementor-widget-text-editor\" data-id=\"6e4cd24\" data-element_type=\"widget\" data-e-type=\"widget\" data-widget_type=\"text-editor.default\">\n\t\t\t\t<div class=\"elementor-widget-container\">\n\t\t\t\t\t\t\t\t\t<p>Wenn J-Bar mal geschlossen, zu weit weg oder ausgebucht ist, k\u00f6nnen wir folgende vier Restaurants empfehlen, die auch von japanischen K\u00f6chen betrieben werden:<\/p>\n<p><a href=\"https:\/\/www.sushiya.de\/sushi\/muenchen\/kaito\/\" target=\"_blank\" rel=\"noopener\"><strong>Kaito &#8211; Gabelsbergerstrasse<\/strong><\/a><\/p>\n<p><a href=\"https:\/\/www.sushiya.de\/sushi\/muenchen\/kitcho\/\" target=\"_blank\" rel=\"noopener\"><strong>Kitcho &#8211; n\u00e4he Maximiliansstrasse<\/strong><\/a><\/p>\n<p><a href=\"https:\/\/www.sushiya.de\/sushi\/muenchen\/haguruma\/\" target=\"_blank\" rel=\"noopener\"><strong>Haguruma &#8211; Baader Strasse<\/strong><\/a><\/p>\n<p><strong><a href=\"https:\/\/www.sushiya.de\/sushi\/muenchen\/japatapa-toshibar\/\" target=\"_blank\" rel=\"noopener\">JapaTapa Toshibar &#8211; n\u00e4he M\u00fcnchner Freiheit<\/a><\/strong><\/p>\n<p>Und nat\u00fcrlich unser eigenes <strong><a href=\"https:\/\/www.sushiya.de\" target=\"_blank\" rel=\"noopener\">Restaurant sansaro<\/a><\/strong> in der Amalienpassage.<\/p>\n<p>Grunds\u00e4tzlich empfiehlt es sich, bei allen echten japanischen Restaurants immer vorher zu reservieren, da die (richtig gemachte) japanische K\u00fcche sehr vorbereitungsintensiv ist!<\/p>\t\t\t\t\t\t\t\t<\/div>\n\t\t\t\t<\/div>\n\t\t\t\t\t<\/div>\n\t\t<\/div>\n\t\t\t\t\t<\/div>\n\t\t<\/section>\n\t\t\t\t<section class=\"elementor-section elementor-top-section elementor-element elementor-element-5d9abcf elementor-section-boxed elementor-section-height-default elementor-section-height-default\" data-id=\"5d9abcf\" data-element_type=\"section\" data-e-type=\"section\">\n\t\t\t\t\t\t<div class=\"elementor-container elementor-column-gap-default\">\n\t\t\t\t\t<div class=\"elementor-column elementor-col-100 elementor-top-column elementor-element elementor-element-422a38b\" data-id=\"422a38b\" data-element_type=\"column\" data-e-type=\"column\">\n\t\t\t<div class=\"elementor-widget-wrap\">\n\t\t\t\t\t\t\t<\/div>\n\t\t<\/div>\n\t\t\t\t\t<\/div>\n\t\t<\/section>\n\t\t\t\t<\/div>\n\t\t","protected":false},"excerpt":{"rendered":"<p>\u30df\u30e5\u30f3\u30d8\u30f3\u306e\u65e5\u672c\u98df\u30ec\u30b9\u30c8\u30e9\u30f3\u3092\u6982\u89b3\u3057\u3001\u3069\u3053\u304c\u826f\u304f\u3066\u3069\u3053\u304c\u60aa\u3044\u304b\u3092\u898b\u629c\u304f <a href=\"https:\/\/www.sushiya.de\/ja\/sushi\/\" target=\"_blank\" rel=\"noopener\">\u5bff\u53f8<\/a> \u3053\u3053\u3067\u306f\u3001\u30df\u30e5\u30f3\u30d8\u30f3\u3067\u4e00\u822c\u7684\u306b\u304a\u52e7\u3081\u3067\u304d\u308b\u65e5\u672c\u98df\u30ec\u30b9\u30c8\u30e9\u30f3\uff06\u30d1\u30d6\u306b\u3064\u3044\u3066\u3054\u7d39\u4ecb\u3057\u307e\u3059\u3002<\/p>","protected":false},"author":2,"featured_media":57780,"parent":50529,"menu_order":4,"comment_status":"closed","ping_status":"closed","template":"","meta":{"footnotes":""},"categories":[195,20,133],"tags":[],"class_list":["post-58782","page","type-page","status-publish","has-post-thumbnail","hentry","category-muenchen","category-sushi","category-template-neu"],"jetpack_sharing_enabled":true,"_links":{"self":[{"href":"https:\/\/www.sushiya.de\/ja\/wp-json\/wp\/v2\/pages\/58782","targetHints":{"allow":["GET"]}}],"collection":[{"href":"https:\/\/www.sushiya.de\/ja\/wp-json\/wp\/v2\/pages"}],"about":[{"href":"https:\/\/www.sushiya.de\/ja\/wp-json\/wp\/v2\/types\/page"}],"author":[{"embeddable":true,"href":"https:\/\/www.sushiya.de\/ja\/wp-json\/wp\/v2\/users\/2"}],"replies":[{"embeddable":true,"href":"https:\/\/www.sushiya.de\/ja\/wp-json\/wp\/v2\/comments?post=58782"}],"version-history":[{"count":51,"href":"https:\/\/www.sushiya.de\/ja\/wp-json\/wp\/v2\/pages\/58782\/revisions"}],"predecessor-version":[{"id":60068,"href":"https:\/\/www.sushiya.de\/ja\/wp-json\/wp\/v2\/pages\/58782\/revisions\/60068"}],"up":[{"embeddable":true,"href":"https:\/\/www.sushiya.de\/ja\/wp-json\/wp\/v2\/pages\/50529"}],"wp:featuredmedia":[{"embeddable":true,"href":"https:\/\/www.sushiya.de\/ja\/wp-json\/wp\/v2\/media\/57780"}],"wp:attachment":[{"href":"https:\/\/www.sushiya.de\/ja\/wp-json\/wp\/v2\/media?parent=58782"}],"wp:term":[{"taxonomy":"category","embeddable":true,"href":"https:\/\/www.sushiya.de\/ja\/wp-json\/wp\/v2\/categories?post=58782"},{"taxonomy":"post_tag","embeddable":true,"href":"https:\/\/www.sushiya.de\/ja\/wp-json\/wp\/v2\/tags?post=58782"}],"curies":[{"name":"wp","href":"https:\/\/api.w.org\/{rel}","templated":true}]}}