{"id":62554,"date":"2025-02-12T22:32:03","date_gmt":"2025-02-12T21:32:03","guid":{"rendered":"https:\/\/www.sushiya.de\/?page_id=62554"},"modified":"2025-02-12T22:42:18","modified_gmt":"2025-02-12T21:42:18","slug":"chomiryo","status":"publish","type":"page","link":"https:\/\/www.sushiya.de\/ja\/washoku\/chomiryo\/","title":{"rendered":"\u8abf\u5473\u6599 \u2013 \u65e5\u672c\u306e\u8abf\u5473\u6599\u3092\u5de1\u308b\u65c5"},"content":{"rendered":"<div data-elementor-type=\"wp-page\" data-elementor-id=\"62554\" class=\"elementor elementor-62554\" data-elementor-post-type=\"page\">\n\t\t\t\t\t\t<section class=\"elementor-section elementor-top-section elementor-element elementor-element-690dc3d elementor-section-boxed elementor-section-height-default elementor-section-height-default\" data-id=\"690dc3d\" data-element_type=\"section\" data-e-type=\"section\">\n\t\t\t\t\t\t<div class=\"elementor-container elementor-column-gap-default\">\n\t\t\t\t\t<div class=\"elementor-column elementor-col-100 elementor-top-column elementor-element elementor-element-82e72c2\" data-id=\"82e72c2\" data-element_type=\"column\" data-e-type=\"column\">\n\t\t\t<div class=\"elementor-widget-wrap elementor-element-populated\">\n\t\t\t\t\t\t<div class=\"elementor-element elementor-element-b5d06ea text-edit elementor-widget elementor-widget-text-editor\" data-id=\"b5d06ea\" data-element_type=\"widget\" data-e-type=\"widget\" data-widget_type=\"text-editor.default\">\n\t\t\t\t<div class=\"elementor-widget-container\">\n\t\t\t\t\t\t\t\t\t<p>\u65e5\u672c\u6599\u7406\u306b\u304a\u3044\u3066\u3001\u8abf\u5473\u6599\uff08\u3061\u3087\u3046\u307f\u308a\u3087\u3046\uff09\u306f\u3001\u5178\u578b\u7684\u306a\u5473\u3068\u7518\u5473\u3001\u5869\u5473\u3001\u9178\u5473\u3001\u3046\u307e\u5473\u306e\u30d0\u30e9\u30f3\u30b9\u3092\u751f\u307f\u51fa\u3059\u305f\u3081\u306e\u6700\u3082\u91cd\u8981\u306a\u8981\u7d20\u306e\u3072\u3068\u3064\u3067\u3059\u3002\u305d\u308c\u306f\u3001\u5869\u3084\u7802\u7cd6\u3060\u3051\u3067\u306a\u304f\u3001\u3042\u3089\u3086\u308b\u6599\u7406\u3092\u5f15\u304d\u7acb\u3066\u308b\u3055\u307e\u3056\u307e\u306a\u98df\u6750\u3084\u88fd\u54c1\u3092\u6307\u3057\u307e\u3059\u3002 \u91a4\u6cb9\u3084\u5473\u564c\u306a\u3069\u306e\u4f1d\u7d71\u7684\u306a\u57fa\u672c\u8abf\u5473\u6599\u304b\u3089\u3001\u30a4\u30f3\u30b9\u30bf\u30f3\u30c8\u51fa\u6c41\u3084\u8abf\u5473\u6599\u306a\u3069\u306e\u73fe\u4ee3\u7684\u306a\u4fbf\u5229\u5546\u54c1\u307e\u3067\u3001\u305d\u306e\u7bc4\u56f2\u306f\u3001\u6700\u7d42\u7684\u306b\u65e5\u672c\u6599\u7406\u306e\u72ec\u7279\u306e\u5473\u3092\u4f5c\u308a\u51fa\u3059\u3059\u3079\u3066\u306e\u3082\u306e\u3092\u7db2\u7f85\u3057\u3066\u3044\u307e\u3059\u3002.<\/p>\t\t\t\t\t\t\t\t<\/div>\n\t\t\t\t<\/div>\n\t\t\t\t\t<\/div>\n\t\t<\/div>\n\t\t\t\t\t<\/div>\n\t\t<\/section>\n\t\t\t\t<section class=\"elementor-section elementor-top-section elementor-element elementor-element-f1121a6 elementor-section-boxed elementor-section-height-default elementor-section-height-default\" data-id=\"f1121a6\" data-element_type=\"section\" data-e-type=\"section\">\n\t\t\t\t\t\t<div class=\"elementor-container elementor-column-gap-default\">\n\t\t\t\t\t<div class=\"elementor-column elementor-col-100 elementor-top-column elementor-element elementor-element-f8638be\" data-id=\"f8638be\" data-element_type=\"column\" data-e-type=\"column\">\n\t\t\t<div class=\"elementor-widget-wrap elementor-element-populated\">\n\t\t\t\t\t\t<div class=\"elementor-element elementor-element-06825c2 title-h2 elementor-widget elementor-widget-heading\" data-id=\"06825c2\" data-element_type=\"widget\" data-e-type=\"widget\" data-widget_type=\"heading.default\">\n\t\t\t\t<div class=\"elementor-widget-container\">\n\t\t\t\t\t<h2 class=\"elementor-heading-title elementor-size-default\">\u65e5\u672c\u306e\u8abf\u5473\u6599\u306eABC<\/h2>\t\t\t\t<\/div>\n\t\t\t\t<\/div>\n\t\t\t\t<div class=\"elementor-element elementor-element-d171c55 text-edit elementor-widget elementor-widget-text-editor\" data-id=\"d171c55\" data-element_type=\"widget\" data-e-type=\"widget\" data-widget_type=\"text-editor.default\">\n\t\t\t\t<div class=\"elementor-widget-container\">\n\t\t\t\t\t\t\t\t\t<p>\u65e5\u672c\u6599\u7406\u306e\u57fa\u672c\u7684\u306a\u8abf\u5473\u6599\u306f\u3001\u300c\u3055\u30fb\u3057\u30fb\u3059\u30fb\u305b\u30fb\u305d\u300d\u3068\u3044\u3046\u899a\u3048\u65b9\u3067\u7c21\u5358\u306b\u899a\u3048\u308b\u3053\u3068\u304c\u3067\u304d\u307e\u3059\u3002\u3053\u308c\u3089\u306f\u3001\u307b\u307c\u3059\u3079\u3066\u306e\u6599\u7406\u306e\u57fa\u790e\u3068\u306a\u308b\u3082\u306e\u3067\u3042\u308a\u3001\u305d\u308c\u305e\u308c\u7279\u5b9a\u306e\u7528\u9014\u3084\u98a8\u5473\u306e\u7279\u5fb4\u304c\u3042\u308a\u307e\u3059\u3002.<\/p>\t\t\t\t\t\t\t\t<\/div>\n\t\t\t\t<\/div>\n\t\t\t\t\t<\/div>\n\t\t<\/div>\n\t\t\t\t\t<\/div>\n\t\t<\/section>\n\t\t\t\t<section class=\"elementor-section elementor-top-section elementor-element elementor-element-735bdcb elementor-section-boxed elementor-section-height-default elementor-section-height-default\" data-id=\"735bdcb\" data-element_type=\"section\" data-e-type=\"section\">\n\t\t\t\t\t\t<div class=\"elementor-container elementor-column-gap-default\">\n\t\t\t\t\t<div class=\"elementor-column elementor-col-100 elementor-top-column elementor-element elementor-element-6623387\" data-id=\"6623387\" data-element_type=\"column\" data-e-type=\"column\">\n\t\t\t<div class=\"elementor-widget-wrap elementor-element-populated\">\n\t\t\t\t\t\t<div class=\"elementor-element elementor-element-31c8a02 title-h3 elementor-widget elementor-widget-heading\" data-id=\"31c8a02\" data-element_type=\"widget\" data-e-type=\"widget\" data-widget_type=\"heading.default\">\n\t\t\t\t<div class=\"elementor-widget-container\">\n\t\t\t\t\t<h3 class=\"elementor-heading-title elementor-size-default\">\u3055 (Sa) \u2013 \u7802\u7cd6 (Sat\u014d\u3001\u7802\u7cd6)<\/h3>\t\t\t\t<\/div>\n\t\t\t\t<\/div>\n\t\t\t\t<div class=\"elementor-element elementor-element-28200eb text-edit elementor-widget elementor-widget-text-editor\" data-id=\"28200eb\" data-element_type=\"widget\" data-e-type=\"widget\" data-widget_type=\"text-editor.default\">\n\t\t\t\t<div class=\"elementor-widget-container\">\n\t\t\t\t\t\t\t\t\t<p>\u7802\u7cd6\u306f\u591a\u304f\u306e\u65e5\u672c\u6599\u7406\u306b\u4f7f\u7528\u3055\u308c\u3066\u304a\u308a\u3001\u91a4\u6cb9\u3084\u307f\u308a\u3093\u3068\u3068\u3082\u306b\u30bd\u30fc\u30b9\u3084\u30b0\u30ec\u30fc\u30ba\uff08\u4f8b\u3048\u3070\u3001\u7167\u308a\u713c\u304d\u30bd\u30fc\u30b9\uff09\u3084\u3001\u5bff\u53f8\u98ef\uff08\u30b9\u30d1\u30a4\u30b7\u30fc\u306a\u7518\u3055\uff09\u306e\u8abf\u7406\u306b\u4f7f\u7528\u3055\u308c\u308b\u3053\u3068\u304c\u591a\u3044\u3067\u3059\u3002.<\/p><p>\u7802\u7cd6\u306f\u307b\u306e\u304b\u306a\u7518\u3055\u3092\u4e0e\u3048\u3001\u4ed6\u306e\u98a8\u5473\u3092\u5f15\u304d\u7acb\u3066\u307e\u3059\u3002\u30d0\u30e9\u30f3\u30b9\u3092\u4fdd\u3064\u305f\u3081\u3001\u897f\u6d0b\u306e\u30ec\u30b7\u30d4\u3088\u308a\u3082\u7802\u7cd6\u306e\u4f7f\u7528\u91cf\u3092\u5c11\u306a\u304f\u3059\u308b\u3053\u3068\u304c\u591a\u3044\u3067\u3059\u3002.<\/p><p>\u4f1d\u7d71\u7684\u306a\u6599\u7406\u3067\u306f\u3001\u3088\u308a\u30de\u30a4\u30eb\u30c9\u306a\u7802\u7cd6\u3001\u4f8b\u3048\u3070\u3001\u98a8\u5473\u304c\u3084\u3084\u63a7\u3048\u3081\u306a\u9ad8\u54c1\u8cea\u306e\u65e5\u672c\u306e\u30b5\u30c8\u30a6\u30ad\u30d3\u7cd6\u3067\u3042\u308b\u548c\u4e09\u76c6\u7cd6\u304c\u3088\u304f\u4f7f\u7528\u3055\u308c\u307e\u3059\u3002.<\/p>\t\t\t\t\t\t\t\t<\/div>\n\t\t\t\t<\/div>\n\t\t\t\t\t<\/div>\n\t\t<\/div>\n\t\t\t\t\t<\/div>\n\t\t<\/section>\n\t\t\t\t<section class=\"elementor-section elementor-top-section elementor-element elementor-element-52adf60 elementor-section-boxed elementor-section-height-default elementor-section-height-default\" data-id=\"52adf60\" data-element_type=\"section\" data-e-type=\"section\">\n\t\t\t\t\t\t<div class=\"elementor-container elementor-column-gap-default\">\n\t\t\t\t\t<div class=\"elementor-column elementor-col-100 elementor-top-column elementor-element elementor-element-c847e7c\" data-id=\"c847e7c\" data-element_type=\"column\" data-e-type=\"column\">\n\t\t\t<div class=\"elementor-widget-wrap elementor-element-populated\">\n\t\t\t\t\t\t<div class=\"elementor-element elementor-element-554e5df title-h3 elementor-widget elementor-widget-heading\" data-id=\"554e5df\" data-element_type=\"widget\" data-e-type=\"widget\" data-widget_type=\"heading.default\">\n\t\t\t\t<div class=\"elementor-widget-container\">\n\t\t\t\t\t<h3 class=\"elementor-heading-title elementor-size-default\">\u3057 (Shi) \u2013 \u5869 (Shio)<\/h3>\t\t\t\t<\/div>\n\t\t\t\t<\/div>\n\t\t\t\t<div class=\"elementor-element elementor-element-b74cfaf text-edit elementor-widget elementor-widget-text-editor\" data-id=\"b74cfaf\" data-element_type=\"widget\" data-e-type=\"widget\" data-widget_type=\"text-editor.default\">\n\t\t\t\t<div class=\"elementor-widget-container\">\n\t\t\t\t\t\t\t\t\t<p>\u5869\u306f\u3001\u3054\u98ef\u3092\u708a\u304f\u3068\u304d\u3001\u30b9\u30fc\u30d7\u3084\u30de\u30ea\u30cd\u3001\u6f2c\u7269\u3092\u4f5c\u308b\u969b\u306a\u3069\u3001\u65e5\u672c\u3067\u3082\u57fa\u672c\u7684\u306a\u8abf\u5473\u6599\u3067\u3059\u3002.<br \/><br \/>\u65e5\u672c\u306e\u5869\u306f\u591a\u304f\u306e\u5834\u5408\u3001\u6d77\u5869\u3067\u3042\u308a\u3001\u3055\u307e\u3056\u307e\u306a\u30df\u30cd\u30e9\u30eb\u3092\u542b\u3093\u3067\u3044\u308b\u305f\u3081\u3001\u307e\u308d\u3084\u304b\u3067\u67d4\u3089\u304b\u306a\u5473\u308f\u3044\u3067\u3059\u3002.<br \/><br \/>\u65e5\u672c\u3067\u306f\u4f1d\u7d71\u7684\u306b\u5929\u7136\u306e\u3046\u307e\u5473\u6e90\u3092\u975e\u5e38\u306b\u91cd\u8996\u3057\u3066\u3044\u308b\u305f\u3081\u3001\u5869\u5206\u3092\u3042\u307e\u308a\u591a\u304f\u4f7f\u7528\u3057\u306a\u3044\u5834\u5408\u304c\u591a\u304f\u3042\u308a\u307e\u3059\u3002\u3068\u306f\u3044\u3048\u3001\u4ed6\u306e\u56fd\u3068\u540c\u69d8\u3001\u91a4\u6cb9\u306a\u3069\u306e\u8abf\u5473\u6599\u306b\u3082\u5869\u5206\u304c\u591a\u304f\u542b\u307e\u308c\u3066\u3044\u308b\u305f\u3081\u3001\u5869\u5206\u306e\u6442\u53d6\u91cf\u306b\u306f\u6ce8\u610f\u3092\u6255\u3046\u5fc5\u8981\u304c\u3042\u308a\u307e\u3059\u3002.<\/p>\t\t\t\t\t\t\t\t<\/div>\n\t\t\t\t<\/div>\n\t\t\t\t<div class=\"elementor-element elementor-element-e96b93b title-h3 elementor-widget elementor-widget-heading\" data-id=\"e96b93b\" data-element_type=\"widget\" data-e-type=\"widget\" data-widget_type=\"heading.default\">\n\t\t\t\t<div class=\"elementor-widget-container\">\n\t\t\t\t\t<h3 class=\"elementor-heading-title elementor-size-default\">\u3059 (Su) \u2013 \u9162 (Su\u3001\u9162)<\/h3>\t\t\t\t<\/div>\n\t\t\t\t<\/div>\n\t\t\t\t<div class=\"elementor-element elementor-element-546b5f4 text-edit elementor-widget elementor-widget-text-editor\" data-id=\"546b5f4\" data-element_type=\"widget\" data-e-type=\"widget\" data-widget_type=\"text-editor.default\">\n\t\t\t\t<div class=\"elementor-widget-container\">\n\t\t\t\t\t\t\t\t\t<p>\u7c73\u9162\uff08\u30b3\u30e1\u30ba\uff09\u306f\u3001\u5bff\u53f8\u98ef\u3001\u6f2c\u7269\u3001\u8efd\u3044\u30c9\u30ec\u30c3\u30b7\u30f3\u30b0\u306b\u6b20\u304b\u305b\u307e\u305b\u3093\u3002\u305d\u306e\u7a4f\u3084\u304b\u306a\u9178\u5473\u306f\u3001\u30bd\u30fc\u30b9\u3084\u30de\u30ea\u30cd\u306b\u3082\u4f7f\u308f\u308c\u3066\u3044\u307e\u3059\u3002.<br \/><br \/>\u591a\u304f\u306e\u897f\u6d0b\u306e\u9162\u3068\u306f\u7570\u306a\u308a\u3001\u7c73\u9162\u306f\u3088\u308a\u30de\u30a4\u30eb\u30c9\u3067\u3001\u307b\u306e\u304b\u306a\u7518\u307f\u304c\u3042\u308a\u3001\u4ed6\u306e\u98df\u6750\u306e\u98a8\u5473\u3092\u512a\u3057\u304f\u5f15\u304d\u7acb\u3066\u307e\u3059\u3002.<br \/><br \/>\u9162\u306f\u6d88\u5316\u3092\u4fc3\u9032\u3057\u3001\u8efd\u3044\u4fdd\u5b58\u52b9\u679c\u304c\u3042\u308a\u307e\u3059\u3002\u30de\u30a4\u30eb\u30c9\u306a\u65e5\u672c\u306e\u9162\u306f\u3001\u9178\u5473\u306e\u5f37\u3044\u9162\u3088\u308a\u3082\u80c3\u306b\u512a\u3057\u3044\u3067\u3059\u3002\u65e5\u672c\u306e\u30e1\u30cb\u30e5\u30fc\u3067\u306f\u3001\u5473\u306e\u5909\u5316\u3092\u697d\u3057\u3080\u305f\u3081\u306b\u3001\u610f\u56f3\u7684\u306b\u9162\u306e\u98a8\u5473\u3092\u53d6\u308a\u5165\u308c\u308b\u3053\u3068\u3082\u4e00\u822c\u7684\u3067\u3059\u3002.<\/p>\t\t\t\t\t\t\t\t<\/div>\n\t\t\t\t<\/div>\n\t\t\t\t<div class=\"elementor-element elementor-element-c9abbc0 title-h3 elementor-widget elementor-widget-heading\" data-id=\"c9abbc0\" data-element_type=\"widget\" data-e-type=\"widget\" data-widget_type=\"heading.default\">\n\t\t\t\t<div class=\"elementor-widget-container\">\n\t\t\t\t\t<h3 class=\"elementor-heading-title elementor-size-default\">\u305b (Se) \u2013 \u91a4\u6cb9 (Sh\u014dyu\u3001\u91a4\u6cb9)<\/h3>\t\t\t\t<\/div>\n\t\t\t\t<\/div>\n\t\t\t\t<div class=\"elementor-element elementor-element-d7bca4c text-edit elementor-widget elementor-widget-text-editor\" data-id=\"d7bca4c\" data-element_type=\"widget\" data-e-type=\"widget\" data-widget_type=\"text-editor.default\">\n\t\t\t\t<div class=\"elementor-widget-container\">\n\t\t\t\t\t\t\t\t\t<p><a href=\"https:\/\/www.sushiya.de\/ja\/washoku\/chomiryo\/shoyu-japanische-sojasauce\/\" target=\"_blank\" rel=\"noopener\">\u3057\u3087\u3046\u3086<\/a> \u30b9\u30fc\u30d7\u3084\u7092\u3081\u7269\u306e\u5473\u4ed8\u3051\u304b\u3089\u3001\u5bff\u53f8\u306e\u30c7\u30a3\u30c3\u30d7\u307e\u3067\u3001\u307b\u307c\u3059\u3079\u3066\u306e\u65e5\u672c\u6599\u7406\u306b\u4f7f\u308f\u308c\u3066\u3044\u307e\u3059\u3002\u305d\u306e\u305f\u3081\u3001\u65e5\u672c\u3084\u65e5\u672c\u98df\u30ec\u30b9\u30c8\u30e9\u30f3\u3067\u306f\u3001 <a href=\"https:\/\/www.sushiya.de\/ja\/washoku\/japanische-kueche-vegan-vegetarisch-glutenfrei\/\" target=\"_blank\" rel=\"noopener\">\u30b0\u30eb\u30c6\u30f3\u30d5\u30ea\u30fc\u306e\u98df\u4e8b\u306f\u975e\u5e38\u306b\u96e3\u3057\u3044\u3067\u3059\u3002<\/a>\u307b\u3068\u3093\u3069\u3069\u3053\u3067\u3082\u91a4\u6cb9\u3092\u898b\u304b\u3051\u308b\u3053\u3068\u304c\u3067\u304d\u307e\u3059\u3002\u8abf\u5473\u6599\u3068\u3057\u3066\u3067\u306f\u306a\u304f\u3001\u6599\u7406\u306e\u30de\u30ea\u30cd\u3084\u8abf\u7406\u306b\u4f7f\u7528\u3055\u308c\u3066\u3044\u308b\u5834\u5408\u304c\u591a\u3044\u3067\u3059\u3002.<\/p><p><br \/>\u6df1\u3044\u3046\u307e\u5473\u3092\u3082\u305f\u3089\u3057\u3001\u5869\u5206\u3084\u98a8\u5473\u304c\u7570\u306a\u308b\u3055\u307e\u3056\u307e\u306a\u7a2e\u985e\uff08\u6de1\u8272\u3001\u6fc3\u8272\u3001\u305f\u307e\u308a\u91a4\u6cb9\uff09\u304c\u3042\u308a\u307e\u3059\u3002.<br \/><br \/>\u9ad8\u54c1\u8cea\u306e\u91a4\u6cb9\u306f\u3001\u81ea\u7136\u767a\u9175\u306b\u3088\u3063\u3066\u88fd\u9020\u3055\u308c\u3066\u304a\u308a\u3001\u591a\u304f\u306e\u5834\u5408\u3001\u60f3\u50cf\u4ee5\u4e0a\u306b\u5869\u5206\u304c\u5c11\u306a\u3044\u3082\u306e\u3067\u3059\uff08\u3068\u306f\u3044\u3048\u3001\u4f7f\u7528\u91cf\u306f\u63a7\u3048\u3081\u306b\u3059\u3079\u304d\u3067\u3059\uff09\u3002\u307e\u305f\u3001\u3046\u307e\u5473\u3092\u6df1\u304f\u3059\u308b\u30a2\u30df\u30ce\u9178\u3082\u4f9b\u7d66\u3057\u307e\u3059\u3002.<\/p>\t\t\t\t\t\t\t\t<\/div>\n\t\t\t\t<\/div>\n\t\t\t\t<div class=\"elementor-element elementor-element-3fab5fd title-h3 elementor-widget elementor-widget-heading\" data-id=\"3fab5fd\" data-element_type=\"widget\" data-e-type=\"widget\" data-widget_type=\"heading.default\">\n\t\t\t\t<div class=\"elementor-widget-container\">\n\t\t\t\t\t<h3 class=\"elementor-heading-title elementor-size-default\">\u305d (So) \u2013 \u5473\u564c (Miso)<\/h3>\t\t\t\t<\/div>\n\t\t\t\t<\/div>\n\t\t\t\t<div class=\"elementor-element elementor-element-30ed3de text-edit elementor-widget elementor-widget-text-editor\" data-id=\"30ed3de\" data-element_type=\"widget\" data-e-type=\"widget\" data-widget_type=\"text-editor.default\">\n\t\t\t\t<div class=\"elementor-widget-container\">\n\t\t\t\t\t\t\t\t\t<p>\u5473\u564c\u306f\u5473\u564c\u6c41\u306e\u30d9\u30fc\u30b9\u3068\u306a\u308a\u3001\u9b5a\u306a\u3069\u306e\u30de\u30ea\u30cd\u306b\u91cd\u8981\u306a\u5f79\u5272\u3092\u679c\u305f\u3057\u3001\u591a\u304f\u306e\u30bd\u30fc\u30b9\u3084\u30c9\u30ec\u30c3\u30b7\u30f3\u30b0\u3092\u6d17\u7df4\u3055\u305b\u307e\u3059\u3002\u30e8\u30fc\u30ed\u30c3\u30d1\u3067\u3082\u5473\u564c\u306f\u307e\u3059\u307e\u3059\u30d5\u30a1\u30f3\u3092\u5897\u3084\u3057\u3066\u3044\u307e\u3059\u3002.<br \/><br \/>\u660e\u308b\u3044\uff08\u767d\uff09\u5473\u564c\u3067\u3082\u3001\u6fc3\u3044\uff08\u8d64\uff09\u5473\u564c\u3067\u3082\u3001\u305d\u308c\u305e\u308c\u306e\u7a2e\u985e\u304c\u72ec\u81ea\u306e\u5f37\u3055\u3068\u6df1\u307f\u3092\u3082\u305f\u3089\u3057\u307e\u3059\u3002\u5473\u564c\u306f\u3001\u307e\u3055\u306b\u3046\u307e\u5473\u306e\u5b9d\u5eab\u3067\u3059\u3002.<br \/><br \/>\u767a\u9175\u5927\u8c46\u88fd\u54c1\u306b\u306f\u3001\u8178\u5185\u7d30\u83cc\u53e2\u306b\u826f\u3044\u751f\u304d\u305f\u57f9\u990a\u83cc\uff08\u30d7\u30ed\u30d0\u30a4\u30aa\u30c6\u30a3\u30af\u30b9\uff09\u304c\u542b\u307e\u308c\u3066\u3044\u307e\u3059\u3002\u305f\u3060\u3057\u3001\u5473\u564c\u3092\u904e\u5ea6\u306b\u52a0\u71b1\u3057\u306a\u3044\u3053\u3068\u304c\u6761\u4ef6\u3067\u3059\uff08\u4f8b\u3048\u3070\u3001\u30b9\u30fc\u30d7\u3092\u716e\u7acb\u3066\u305a\u306b\u3001\u6e29\u3081\u308b\u3060\u3051\u306b\u3057\u3066\u304a\u304f\u306a\u3069\uff09\u3002\u3061\u306a\u307f\u306b\u3001\u5065\u5eb7\u7684\u3067\u5e83\u304f\u666e\u53ca\u3057\u3066\u3044\u308b <a href=\"https:\/\/www.sushiya.de\/ja\/washoku\/dashi-miso-suppe\/\" target=\"_blank\" rel=\"noopener\">\u65e5\u672c\u306e\u5473\u564c\u6c41<\/a> \u71b1\u304f\u306a\u304f\u3001\u6e29\u304b\u304f\u3057\u3066\u98df\u3079\u307e\u3059\u3002.<\/p>\t\t\t\t\t\t\t\t<\/div>\n\t\t\t\t<\/div>\n\t\t\t\t\t<\/div>\n\t\t<\/div>\n\t\t\t\t\t<\/div>\n\t\t<\/section>\n\t\t\t\t<\/div>","protected":false},"excerpt":{"rendered":"<p>In der japanischen K\u00fcche geh\u00f6ren \u8abf\u5473\u6599 (ch\u014dmiry\u014d) \u2013 auf Deutsch \u201eW\u00fcrzmittel\u201c oder \u201eW\u00fcrzzutaten\u201c \u2013 zu den wichtigsten Elementen, um den typischen Geschmack und die charakteristische Balance zwischen S\u00fc\u00dfe, Salz, S\u00e4ure und Umami herzustellen. Dabei geht es nicht nur um Salz oder Zucker, sondern um eine ganze Palette von Zutaten und Produkten, die jedes Gericht verfeinern. Von klassischen Grundlagen wie Sojasauce oder Miso bis zu modernen Convenience-Produkten wie Instant-Dashi oder Geschmacksverst\u00e4rkern umfasst das Spektrum all das, was am Ende f\u00fcr den unverkennbaren japanischen Geschmack sorgt. Das japanische ABC der W\u00fcrze Die Grundw\u00fcrzmittel der japanischen K\u00fcche lassen sich mithilfe der Eselsbr\u00fccke \u300c\u3055\u30fb\u3057\u30fb\u3059\u30fb\u305b\u30fb\u305d\u300d(Sa, Shi, Su, Se, So) leicht merken. Sie bilden das Fundament [&hellip;]<\/p>\n","protected":false},"author":2,"featured_media":0,"parent":48337,"menu_order":0,"comment_status":"closed","ping_status":"closed","template":"","meta":{"footnotes":""},"categories":[133,105],"tags":[],"class_list":["post-62554","page","type-page","status-publish","hentry","category-template-neu","category-washoku"],"jetpack_sharing_enabled":true,"_links":{"self":[{"href":"https:\/\/www.sushiya.de\/ja\/wp-json\/wp\/v2\/pages\/62554","targetHints":{"allow":["GET"]}}],"collection":[{"href":"https:\/\/www.sushiya.de\/ja\/wp-json\/wp\/v2\/pages"}],"about":[{"href":"https:\/\/www.sushiya.de\/ja\/wp-json\/wp\/v2\/types\/page"}],"author":[{"embeddable":true,"href":"https:\/\/www.sushiya.de\/ja\/wp-json\/wp\/v2\/users\/2"}],"replies":[{"embeddable":true,"href":"https:\/\/www.sushiya.de\/ja\/wp-json\/wp\/v2\/comments?post=62554"}],"version-history":[{"count":6,"href":"https:\/\/www.sushiya.de\/ja\/wp-json\/wp\/v2\/pages\/62554\/revisions"}],"predecessor-version":[{"id":62560,"href":"https:\/\/www.sushiya.de\/ja\/wp-json\/wp\/v2\/pages\/62554\/revisions\/62560"}],"up":[{"embeddable":true,"href":"https:\/\/www.sushiya.de\/ja\/wp-json\/wp\/v2\/pages\/48337"}],"wp:attachment":[{"href":"https:\/\/www.sushiya.de\/ja\/wp-json\/wp\/v2\/media?parent=62554"}],"wp:term":[{"taxonomy":"category","embeddable":true,"href":"https:\/\/www.sushiya.de\/ja\/wp-json\/wp\/v2\/categories?post=62554"},{"taxonomy":"post_tag","embeddable":true,"href":"https:\/\/www.sushiya.de\/ja\/wp-json\/wp\/v2\/tags?post=62554"}],"curies":[{"name":"wp","href":"https:\/\/api.w.org\/{rel}","templated":true}]}}